{"id":1101,"date":"2019-09-01T21:24:57","date_gmt":"2019-09-01T19:24:57","guid":{"rendered":"http:\/\/www.clemensaugust.de\/erwachsenenklinik\/?page_id=1101"},"modified":"2024-01-31T09:33:52","modified_gmt":"2024-01-31T08:33:52","slug":"schoenstattschwestern","status":"publish","type":"page","link":"https:\/\/www.clemensaugust.de\/erwachsenenklinik\/schoenstattschwestern\/","title":{"rendered":"Sch\u00f6nstattschwestern"},"content":{"rendered":"<p><div class=\"fusion-fullwidth fullwidth-box fusion-builder-row-1 mobile-title nonhundred-percent-fullwidth non-hundred-percent-height-scrolling fusion-no-medium-visibility fusion-no-large-visibility\" style=\"--awb-border-radius-top-left:0px;--awb-border-radius-top-right:0px;--awb-border-radius-bottom-right:0px;--awb-border-radius-bottom-left:0px;--awb-flex-wrap:wrap;\" ><div class=\"fusion-builder-row fusion-row\"><div class=\"fusion-layout-column fusion_builder_column fusion-builder-column-0 fusion_builder_column_1_1 1_1 fusion-one-full fusion-column-first fusion-column-last\" style=\"--awb-bg-size:cover;\"><div class=\"fusion-column-wrapper fusion-flex-column-wrapper-legacy\"><div class=\"fusion-title title fusion-title-1 fusion-title-text fusion-title-size-one\"><h1 class=\"fusion-title-heading title-heading-left\" style=\"margin:0;\"><div class=\"fusion-title title fusion-sep-none fusion-title-center fusion-title-size-one fusion-border-below-title\">\n<h1 class=\"title-heading-center fusion-responsive-typography-calculated\" style=\"--fontsize: 72; line-height: 0;\" data-inline-fontsize=\"true\" data-inline-lineheight=\"true\" data-fontsize=\"72\" data-lineheight=\"100.8px\">\n<span class=\"keyword-title\" style=\"font-size: 2.5rem; line-height: 56px;\" data-fusion-font=\"true\">Sch\u00f6nstatt-<\/span><span class=\"keyword-title-2nd\" style=\"font-size: 2.5rem; line-height: 56px;\" data-fusion-font=\"true\">schwestern<\/span><\/h1>\n<\/div>\n<div class=\"fusion-title title fusion-sep-none fusion-title-center fusion-title-size-two fusion-border-below-title\">\n<h2 class=\"title-heading-center fusion-responsive-typography-calculated\" style=\"--fontsize: 20; line-height: 1.5; --minfontsize: 20;\" data-inline-fontsize=\"true\" data-inline-lineheight=\"true\" data-fontsize=\"20\" data-lineheight=\"30px\">Dienst am Mitmenschen<\/h2>\n<\/div><\/h1><span class=\"awb-title-spacer\"><\/span><div class=\"title-sep-container\"><div class=\"title-sep sep-double sep-solid\" style=\"border-color:#e0dede;\"><\/div><\/div><\/div><div class=\"fusion-clearfix\"><\/div><\/div><\/div><\/div><\/div><div class=\"fusion-fullwidth fullwidth-box fusion-builder-row-2 nonhundred-percent-fullwidth non-hundred-percent-height-scrolling\" style=\"--awb-border-radius-top-left:0px;--awb-border-radius-top-right:0px;--awb-border-radius-bottom-right:0px;--awb-border-radius-bottom-left:0px;--awb-flex-wrap:wrap;\" ><div class=\"fusion-builder-row fusion-row\"><div class=\"fusion-layout-column fusion_builder_column fusion-builder-column-1 fusion_builder_column_1_1 1_1 fusion-one-full fusion-column-first fusion-column-last\" style=\"--awb-bg-size:cover;--awb-margin-bottom:0px;\"><div class=\"fusion-column-wrapper fusion-flex-column-wrapper-legacy\"><div class=\"fusion-text fusion-text-1\"><p>S\u00e4kularinstitut der Sch\u00f6nst\u00e4tter Marienschwestern<\/p>\n<p>Seit Entstehung der Clemens-August-Klinik 1953 sind Sch\u00f6nst\u00e4tter Marienschwestern in dieser Einrichtung t\u00e4tig. Fr\u00fcher vor allem im pflegerischen Bereich, heute noch in der pastoralen Aufgabe f\u00fcr die Kapelle, f\u00fcr die Patienten-B\u00fccherei und in freien Angeboten des Kreativ-Treffs.<\/p>\n<p>Die Schwesterngemeinschaft wurde am 26. Oktober 1926 durch Pater Josef Kentenich gegr\u00fcndet und ist eine Teilgemeinschaft des internationalen Sch\u00f6nstattwerkes. Sch\u00f6nstatt wurde am 18. Oktober 1914 durch Pater Josef Kentenich ins Leben gerufen. Gleichzeitig entwickelte sich Sch\u00f6nstatt als marianischer Wallfahrtsort.<\/p>\n<p>Mutterhaus: 56179 Vallendar\/Rhein, Berg Sch\u00f6nstatt 1<\/p>\n<\/div><div class=\"fusion-clearfix\"><\/div><\/div><\/div><\/div><\/div><div class=\"fusion-fullwidth fullwidth-box fusion-builder-row-3 content-bottom nonhundred-percent-fullwidth non-hundred-percent-height-scrolling\" style=\"--awb-border-radius-top-left:0px;--awb-border-radius-top-right:0px;--awb-border-radius-bottom-right:0px;--awb-border-radius-bottom-left:0px;--awb-padding-top:60px;--awb-padding-bottom:20px;--awb-background-color:#efefef;--awb-flex-wrap:wrap;\" ><div class=\"fusion-builder-row fusion-row\"><div class=\"fusion-layout-column fusion_builder_column fusion-builder-column-2 fusion_builder_column_1_4 1_4 fusion-one-fourth fusion-column-first\" style=\"--awb-bg-size:cover;width:25%;width:calc(25% - ( ( 4% + 4% + 4% ) * 0.25 ) );margin-right: 4%;\"><div class=\"fusion-column-wrapper fusion-flex-column-wrapper-legacy\"><div class=\"fusion-image-element fusion-image-align-center in-legacy-container\" style=\"text-align:center;--awb-caption-title-font-family:var(--h2_typography-font-family);--awb-caption-title-font-weight:var(--h2_typography-font-weight);--awb-caption-title-font-style:var(--h2_typography-font-style);--awb-caption-title-size:var(--h2_typography-font-size);--awb-caption-title-transform:var(--h2_typography-text-transform);--awb-caption-title-line-height:var(--h2_typography-line-height);--awb-caption-title-letter-spacing:var(--h2_typography-letter-spacing);\"><div class=\"imageframe-align-center\"><span class=\" fusion-imageframe imageframe-none imageframe-1 hover-type-none\"><a class=\"fusion-no-lightbox\" href=\"https:\/\/www.clemensaugust.de\/erwachsenenklinik\/gesundheits-krankenpflege\/\" target=\"_self\" aria-label=\"Clemens August Erwachsenenklinik\"><img decoding=\"async\" width=\"1200\" height=\"800\" src=\"http:\/\/clemensaugust.de\/erwachsenenklinik\/wp-content\/uploads\/sites\/9\/2019\/08\/Pflege-04.jpg-1200x800.jpg\" alt class=\"img-responsive wp-image-1057\" srcset=\"https:\/\/www.clemensaugust.de\/erwachsenenklinik\/wp-content\/uploads\/sites\/9\/2019\/08\/Pflege-04.jpg-200x133.jpg 200w, https:\/\/www.clemensaugust.de\/erwachsenenklinik\/wp-content\/uploads\/sites\/9\/2019\/08\/Pflege-04.jpg-400x267.jpg 400w, https:\/\/www.clemensaugust.de\/erwachsenenklinik\/wp-content\/uploads\/sites\/9\/2019\/08\/Pflege-04.jpg-600x400.jpg 600w, https:\/\/www.clemensaugust.de\/erwachsenenklinik\/wp-content\/uploads\/sites\/9\/2019\/08\/Pflege-04.jpg-800x534.jpg 800w, https:\/\/www.clemensaugust.de\/erwachsenenklinik\/wp-content\/uploads\/sites\/9\/2019\/08\/Pflege-04.jpg-1200x800.jpg 1200w, https:\/\/www.clemensaugust.de\/erwachsenenklinik\/wp-content\/uploads\/sites\/9\/2019\/08\/Pflege-04.jpg.jpg 1600w\" sizes=\"(max-width: 800px) 100vw, 400px\" \/><\/a><\/span><\/div><\/div><div class=\"fusion-text fusion-text-2\"><p style=\"text-align: center\"><strong><a href=\"https:\/\/www.clemensaugust.de\/erwachsenenklinik\/gesundheits-krankenpflege\/\">Gesundheits- und Krankenpflege <span class=\"redlink\">&gt;<\/span><\/a><\/strong><\/p>\n<\/div><div class=\"fusion-clearfix\"><\/div><\/div><\/div><div class=\"fusion-layout-column fusion_builder_column fusion-builder-column-3 fusion_builder_column_1_4 1_4 fusion-one-fourth\" style=\"--awb-bg-size:cover;width:25%;width:calc(25% - ( ( 4% + 4% + 4% ) * 0.25 ) );margin-right: 4%;\"><div class=\"fusion-column-wrapper fusion-flex-column-wrapper-legacy\"><div class=\"fusion-image-element fusion-image-align-center in-legacy-container\" style=\"text-align:center;--awb-caption-title-font-family:var(--h2_typography-font-family);--awb-caption-title-font-weight:var(--h2_typography-font-weight);--awb-caption-title-font-style:var(--h2_typography-font-style);--awb-caption-title-size:var(--h2_typography-font-size);--awb-caption-title-transform:var(--h2_typography-text-transform);--awb-caption-title-line-height:var(--h2_typography-line-height);--awb-caption-title-letter-spacing:var(--h2_typography-letter-spacing);\"><div class=\"imageframe-align-center\"><span class=\" fusion-imageframe imageframe-none imageframe-2 hover-type-none\"><a class=\"fusion-no-lightbox\" href=\"https:\/\/www.clemensaugust.de\/erwachsenenklinik\/ernaehrungsberatung\/\" target=\"_self\" aria-label=\"Clemens August Erwachsenenklinik\"><img decoding=\"async\" width=\"1200\" height=\"800\" src=\"http:\/\/clemensaugust.de\/erwachsenenklinik\/wp-content\/uploads\/sites\/9\/2019\/08\/Tagesklinik-kochen-02.jpg-1200x800.jpg\" alt class=\"img-responsive wp-image-1089\" srcset=\"https:\/\/www.clemensaugust.de\/erwachsenenklinik\/wp-content\/uploads\/sites\/9\/2019\/08\/Tagesklinik-kochen-02.jpg-200x133.jpg 200w, https:\/\/www.clemensaugust.de\/erwachsenenklinik\/wp-content\/uploads\/sites\/9\/2019\/08\/Tagesklinik-kochen-02.jpg-400x267.jpg 400w, https:\/\/www.clemensaugust.de\/erwachsenenklinik\/wp-content\/uploads\/sites\/9\/2019\/08\/Tagesklinik-kochen-02.jpg-600x400.jpg 600w, https:\/\/www.clemensaugust.de\/erwachsenenklinik\/wp-content\/uploads\/sites\/9\/2019\/08\/Tagesklinik-kochen-02.jpg-800x534.jpg 800w, https:\/\/www.clemensaugust.de\/erwachsenenklinik\/wp-content\/uploads\/sites\/9\/2019\/08\/Tagesklinik-kochen-02.jpg-1200x800.jpg 1200w, https:\/\/www.clemensaugust.de\/erwachsenenklinik\/wp-content\/uploads\/sites\/9\/2019\/08\/Tagesklinik-kochen-02.jpg.jpg 1600w\" sizes=\"(max-width: 800px) 100vw, 400px\" \/><\/a><\/span><\/div><\/div><div class=\"fusion-text fusion-text-3\"><p style=\"text-align: center\"><strong><a href=\"https:\/\/www.clemensaugust.de\/erwachsenenklinik\/ernaehrungsberatung\/\">Ern\u00e4hrungsberatung <span class=\"redlink\">&gt;<\/span><\/a><\/strong><\/p>\n<\/div><div class=\"fusion-clearfix\"><\/div><\/div><\/div><div class=\"fusion-layout-column fusion_builder_column fusion-builder-column-4 fusion_builder_column_1_4 1_4 fusion-one-fourth\" style=\"--awb-bg-size:cover;width:25%;width:calc(25% - ( ( 4% + 4% + 4% ) * 0.25 ) );margin-right: 4%;\"><div class=\"fusion-column-wrapper fusion-flex-column-wrapper-legacy\"><div class=\"fusion-text fusion-text-4\"><p style=\"text-align: center\"><strong><a href=\"https:\/\/www.clemensaugust.de\/erwachsenenklinik\/sozialdienst\/\">Sozialdienst <span class=\"redlink\">&gt;<\/span><\/a><\/strong><\/p>\n<\/div><div class=\"fusion-clearfix\"><\/div><\/div><\/div><div class=\"fusion-layout-column fusion_builder_column fusion-builder-column-5 fusion_builder_column_1_4 1_4 fusion-one-fourth fusion-column-last\" style=\"--awb-bg-size:cover;width:25%;width:calc(25% - ( ( 4% + 4% + 4% ) * 0.25 ) );\"><div class=\"fusion-column-wrapper fusion-flex-column-wrapper-legacy\"><div class=\"fusion-image-element fusion-image-align-center in-legacy-container\" style=\"text-align:center;--awb-caption-title-font-family:var(--h2_typography-font-family);--awb-caption-title-font-weight:var(--h2_typography-font-weight);--awb-caption-title-font-style:var(--h2_typography-font-style);--awb-caption-title-size:var(--h2_typography-font-size);--awb-caption-title-transform:var(--h2_typography-text-transform);--awb-caption-title-line-height:var(--h2_typography-line-height);--awb-caption-title-letter-spacing:var(--h2_typography-letter-spacing);\"><div class=\"imageframe-align-center\"><span class=\" fusion-imageframe imageframe-none imageframe-4 hover-type-none\"><a class=\"fusion-no-lightbox\" href=\"https:\/\/www.clemensaugust.de\/erwachsenenklinik\/kreativ-treff\/\" target=\"_self\" aria-label=\"Clemens August Erwachsenenklinik\"><img decoding=\"async\" width=\"1200\" height=\"800\" src=\"http:\/\/clemensaugust.de\/erwachsenenklinik\/wp-content\/uploads\/sites\/9\/2019\/08\/Kreativtreff-02.jpg-1200x800.jpg\" alt class=\"img-responsive wp-image-1004\" srcset=\"https:\/\/www.clemensaugust.de\/erwachsenenklinik\/wp-content\/uploads\/sites\/9\/2019\/08\/Kreativtreff-02.jpg-200x133.jpg 200w, https:\/\/www.clemensaugust.de\/erwachsenenklinik\/wp-content\/uploads\/sites\/9\/2019\/08\/Kreativtreff-02.jpg-400x267.jpg 400w, https:\/\/www.clemensaugust.de\/erwachsenenklinik\/wp-content\/uploads\/sites\/9\/2019\/08\/Kreativtreff-02.jpg-600x400.jpg 600w, https:\/\/www.clemensaugust.de\/erwachsenenklinik\/wp-content\/uploads\/sites\/9\/2019\/08\/Kreativtreff-02.jpg-800x534.jpg 800w, https:\/\/www.clemensaugust.de\/erwachsenenklinik\/wp-content\/uploads\/sites\/9\/2019\/08\/Kreativtreff-02.jpg-1200x800.jpg 1200w, https:\/\/www.clemensaugust.de\/erwachsenenklinik\/wp-content\/uploads\/sites\/9\/2019\/08\/Kreativtreff-02.jpg.jpg 1600w\" sizes=\"(max-width: 800px) 100vw, 400px\" \/><\/a><\/span><\/div><\/div><div class=\"fusion-text fusion-text-5\"><p style=\"text-align: center\"><strong><a href=\"https:\/\/www.clemensaugust.de\/erwachsenenklinik\/kreativ-treff\/\">Kreativ-Treff <span class=\"redlink\">&gt;<\/span><\/a><\/strong><\/p>\n<\/div><div class=\"fusion-clearfix\"><\/div><\/div><\/div><\/div><\/div>\n<\/p>\n","protected":false},"excerpt":{"rendered":"","protected":false},"author":1,"featured_media":0,"parent":0,"menu_order":0,"comment_status":"closed","ping_status":"closed","template":"100-width.php","meta":{"footnotes":"","_links_to":"","_links_to_target":""},"_links":{"self":[{"href":"https:\/\/www.clemensaugust.de\/erwachsenenklinik\/wp-json\/wp\/v2\/pages\/1101"}],"collection":[{"href":"https:\/\/www.clemensaugust.de\/erwachsenenklinik\/wp-json\/wp\/v2\/pages"}],"about":[{"href":"https:\/\/www.clemensaugust.de\/erwachsenenklinik\/wp-json\/wp\/v2\/types\/page"}],"author":[{"embeddable":true,"href":"https:\/\/www.clemensaugust.de\/erwachsenenklinik\/wp-json\/wp\/v2\/users\/1"}],"replies":[{"embeddable":true,"href":"https:\/\/www.clemensaugust.de\/erwachsenenklinik\/wp-json\/wp\/v2\/comments?post=1101"}],"version-history":[{"count":6,"href":"https:\/\/www.clemensaugust.de\/erwachsenenklinik\/wp-json\/wp\/v2\/pages\/1101\/revisions"}],"predecessor-version":[{"id":1811,"href":"https:\/\/www.clemensaugust.de\/erwachsenenklinik\/wp-json\/wp\/v2\/pages\/1101\/revisions\/1811"}],"wp:attachment":[{"href":"https:\/\/www.clemensaugust.de\/erwachsenenklinik\/wp-json\/wp\/v2\/media?parent=1101"}],"curies":[{"name":"wp","href":"https:\/\/api.w.org\/{rel}","templated":true}]}}