{"id":142,"date":"2018-01-13T12:13:36","date_gmt":"2018-01-13T11:13:36","guid":{"rendered":"http:\/\/www.clemensaugust.de\/erwachsenenklinik\/?page_id=142"},"modified":"2024-01-31T08:36:36","modified_gmt":"2024-01-31T07:36:36","slug":"angebote","status":"publish","type":"page","link":"https:\/\/www.clemensaugust.de\/erwachsenenklinik\/angebote\/","title":{"rendered":"Angebote"},"content":{"rendered":"<p><div class=\"fusion-fullwidth fullwidth-box fusion-builder-row-1 mobile-title2 nonhundred-percent-fullwidth non-hundred-percent-height-scrolling fusion-no-medium-visibility fusion-no-large-visibility\" style=\"--awb-border-radius-top-left:0px;--awb-border-radius-top-right:0px;--awb-border-radius-bottom-right:0px;--awb-border-radius-bottom-left:0px;--awb-flex-wrap:wrap;\" ><div class=\"fusion-builder-row fusion-row\"><div class=\"fusion-layout-column fusion_builder_column fusion-builder-column-0 fusion_builder_column_1_1 1_1 fusion-one-full fusion-column-first fusion-column-last\" style=\"--awb-bg-size:cover;\"><div class=\"fusion-column-wrapper fusion-flex-column-wrapper-legacy\"><div class=\"fusion-title title fusion-title-1 fusion-title-text fusion-title-size-one\" style=\"--awb-font-size:40px;\"><h1 class=\"fusion-title-heading title-heading-left\" style=\"margin:0;font-size:1em;\"><div class=\"heading \">\n<div class=\"fusion-title-sc-wrapper\">\n<div class=\"fusion-title title fusion-sep-none fusion-title-center fusion-title-size-one fusion-border-below-title\">\n<h1 class=\"title-heading-center fusion-responsive-typography-calculated\" style=\"--fontsize: 72; line-height: 1.4;\" data-inline-fontsize=\"true\" data-inline-lineheight=\"true\" data-fontsize=\"72\" data-lineheight=\"100.8px\"><span class=\"keyword-title-2nd\"><span style=\"font-size: 24px; line-height: 56px;\" data-fusion-font=\"true\">Behandlungs<\/span><\/span><span class=\"keyword-title\"><span style=\"font-size: 40x; line-height: 56px;\" data-fusion-font=\"true\"><span style=\"font-size: 24px;\" data-fusion-font=\"true\">angebote<\/span><\/span><\/span><\/h1>\n<\/div>\n<\/div>\n<\/div><\/h1><span class=\"awb-title-spacer\"><\/span><div class=\"title-sep-container\"><div class=\"title-sep sep-double sep-solid\" style=\"border-color:#e0dede;\"><\/div><\/div><\/div><div class=\"fusion-clearfix\"><\/div><\/div><\/div><\/div><\/div><div class=\"fusion-fullwidth fullwidth-box fusion-builder-row-2 nonhundred-percent-fullwidth non-hundred-percent-height-scrolling fusion-equal-height-columns\" style=\"--awb-border-radius-top-left:0px;--awb-border-radius-top-right:0px;--awb-border-radius-bottom-right:0px;--awb-border-radius-bottom-left:0px;--awb-margin-bottom:100px;--awb-flex-wrap:wrap;\" ><div class=\"fusion-builder-row fusion-row\"><div class=\"fusion-layout-column fusion_builder_column fusion-builder-column-1 fusion_builder_column_1_3 1_3 fusion-one-third fusion-column-first\" style=\"--awb-bg-size:cover;width:33.3333333333%;width:calc(33.3333333333% - ( ( 4% + 4% ) * 0.333333333333 ) );margin-right: 4%;\"><div class=\"fusion-column-wrapper fusion-flex-column-wrapper-legacy\"><div class=\"fusion-image-element in-legacy-container\" style=\"--awb-caption-title-font-family:var(--h2_typography-font-family);--awb-caption-title-font-weight:var(--h2_typography-font-weight);--awb-caption-title-font-style:var(--h2_typography-font-style);--awb-caption-title-size:var(--h2_typography-font-size);--awb-caption-title-transform:var(--h2_typography-text-transform);--awb-caption-title-line-height:var(--h2_typography-line-height);--awb-caption-title-letter-spacing:var(--h2_typography-letter-spacing);\"><span class=\" fusion-imageframe imageframe-none imageframe-1 hover-type-none\"><img decoding=\"async\" width=\"400\" height=\"267\" title=\"Clemens August Erwachsenenklinik\" src=\"http:\/\/clemensaugust.de\/erwachsenenklinik\/wp-content\/uploads\/sites\/9\/2019\/08\/Stationen-01.jpg-400x267.jpg\" alt class=\"img-responsive wp-image-1076\" srcset=\"https:\/\/www.clemensaugust.de\/erwachsenenklinik\/wp-content\/uploads\/sites\/9\/2019\/08\/Stationen-01.jpg-200x133.jpg 200w, https:\/\/www.clemensaugust.de\/erwachsenenklinik\/wp-content\/uploads\/sites\/9\/2019\/08\/Stationen-01.jpg-400x267.jpg 400w, https:\/\/www.clemensaugust.de\/erwachsenenklinik\/wp-content\/uploads\/sites\/9\/2019\/08\/Stationen-01.jpg-600x400.jpg 600w, https:\/\/www.clemensaugust.de\/erwachsenenklinik\/wp-content\/uploads\/sites\/9\/2019\/08\/Stationen-01.jpg-800x534.jpg 800w, https:\/\/www.clemensaugust.de\/erwachsenenklinik\/wp-content\/uploads\/sites\/9\/2019\/08\/Stationen-01.jpg-1200x800.jpg 1200w, https:\/\/www.clemensaugust.de\/erwachsenenklinik\/wp-content\/uploads\/sites\/9\/2019\/08\/Stationen-01.jpg.jpg 1600w\" sizes=\"(max-width: 800px) 100vw, 400px\" \/><\/span><\/div><div class=\"fusion-text fusion-text-1\"><h2>Station\u00e4re Behandlung \u203a<\/h2>\n<p>Eine station\u00e4re Behandlung bietet unseren Patienten die M\u00f6glichkeit, sich mit Abstand vom Alltag mit der eigenen Lebenssituation auseinanderzusetzen und neue L\u00f6sungswege zu finden.<\/p>\n<\/div><div class=\"fusion-button-wrapper\"><a class=\"fusion-button button-flat fusion-button-default-size button-default fusion-button-default button-1 fusion-button-default-span fusion-button-default-type\" target=\"_self\" href=\"https:\/\/www.clemensaugust.de\/erwachsenenklinik\/stationaere-behandlung\/\"><span class=\"fusion-button-text\">Mehr Infos &gt;<\/span><\/a><\/div><div class=\"fusion-clearfix\"><\/div><\/div><\/div><div class=\"fusion-layout-column fusion_builder_column fusion-builder-column-2 fusion_builder_column_1_3 1_3 fusion-one-third\" style=\"--awb-bg-size:cover;width:33.3333333333%;width:calc(33.3333333333% - ( ( 4% + 4% ) * 0.333333333333 ) );margin-right: 4%;\"><div class=\"fusion-column-wrapper fusion-flex-column-wrapper-legacy\"><div class=\"fusion-image-element in-legacy-container\" style=\"--awb-caption-title-font-family:var(--h2_typography-font-family);--awb-caption-title-font-weight:var(--h2_typography-font-weight);--awb-caption-title-font-style:var(--h2_typography-font-style);--awb-caption-title-size:var(--h2_typography-font-size);--awb-caption-title-transform:var(--h2_typography-text-transform);--awb-caption-title-line-height:var(--h2_typography-line-height);--awb-caption-title-letter-spacing:var(--h2_typography-letter-spacing);\"><span class=\" fusion-imageframe imageframe-none imageframe-2 hover-type-none\"><img decoding=\"async\" width=\"400\" height=\"267\" title=\"Clemens August Erwachsenenklinik\" src=\"http:\/\/clemensaugust.de\/erwachsenenklinik\/wp-content\/uploads\/sites\/9\/2019\/08\/Tagesklinikgebaeude-03.jpg-400x267.jpg\" alt class=\"img-responsive wp-image-1087\" srcset=\"https:\/\/www.clemensaugust.de\/erwachsenenklinik\/wp-content\/uploads\/sites\/9\/2019\/08\/Tagesklinikgebaeude-03.jpg-200x134.jpg 200w, https:\/\/www.clemensaugust.de\/erwachsenenklinik\/wp-content\/uploads\/sites\/9\/2019\/08\/Tagesklinikgebaeude-03.jpg-400x267.jpg 400w, https:\/\/www.clemensaugust.de\/erwachsenenklinik\/wp-content\/uploads\/sites\/9\/2019\/08\/Tagesklinikgebaeude-03.jpg-600x401.jpg 600w, https:\/\/www.clemensaugust.de\/erwachsenenklinik\/wp-content\/uploads\/sites\/9\/2019\/08\/Tagesklinikgebaeude-03.jpg-800x535.jpg 800w, https:\/\/www.clemensaugust.de\/erwachsenenklinik\/wp-content\/uploads\/sites\/9\/2019\/08\/Tagesklinikgebaeude-03.jpg-1200x802.jpg 1200w, https:\/\/www.clemensaugust.de\/erwachsenenklinik\/wp-content\/uploads\/sites\/9\/2019\/08\/Tagesklinikgebaeude-03.jpg.jpg 1600w\" sizes=\"(max-width: 800px) 100vw, 400px\" \/><\/span><\/div><div class=\"fusion-text fusion-text-2\"><h2>Tagesklinische Behandlung \u203a<\/h2>\n<p>Das Angebot unserer Tagesklinik richtet sich an Menschen, f\u00fcr die eine ambulante Behandlung nicht ausreicht, bei denen aber auch ein vollstation\u00e4rer Krankenhausaufenthalt nicht erforderlich ist.<\/p>\n<\/div><div class=\"fusion-button-wrapper\"><a class=\"fusion-button button-flat fusion-button-default-size button-default fusion-button-default button-2 fusion-button-default-span fusion-button-default-type\" target=\"_self\" href=\"https:\/\/www.clemensaugust.de\/erwachsenenklinik\/tagesklinik\/\"><span class=\"fusion-button-text\">Mehr Infos &gt;<\/span><\/a><\/div><div class=\"fusion-clearfix\"><\/div><\/div><\/div><div class=\"fusion-layout-column fusion_builder_column fusion-builder-column-3 fusion_builder_column_1_3 1_3 fusion-one-third fusion-column-last\" style=\"--awb-bg-size:cover;width:33.3333333333%;width:calc(33.3333333333% - ( ( 4% + 4% ) * 0.333333333333 ) );\"><div class=\"fusion-column-wrapper fusion-flex-column-wrapper-legacy\"><div class=\"fusion-image-element in-legacy-container\" style=\"--awb-caption-title-font-family:var(--h2_typography-font-family);--awb-caption-title-font-weight:var(--h2_typography-font-weight);--awb-caption-title-font-style:var(--h2_typography-font-style);--awb-caption-title-size:var(--h2_typography-font-size);--awb-caption-title-transform:var(--h2_typography-text-transform);--awb-caption-title-line-height:var(--h2_typography-line-height);--awb-caption-title-letter-spacing:var(--h2_typography-letter-spacing);\"><span class=\" fusion-imageframe imageframe-none imageframe-3 hover-type-none\"><img decoding=\"async\" width=\"400\" height=\"267\" title=\"Clemens August Erwachsenenklinik\" src=\"http:\/\/clemensaugust.de\/erwachsenenklinik\/wp-content\/uploads\/sites\/9\/2019\/08\/Institutsambulanz-Anmeldung-02.jpg-400x267.jpg\" alt class=\"img-responsive wp-image-975\" srcset=\"https:\/\/www.clemensaugust.de\/erwachsenenklinik\/wp-content\/uploads\/sites\/9\/2019\/08\/Institutsambulanz-Anmeldung-02.jpg-200x133.jpg 200w, https:\/\/www.clemensaugust.de\/erwachsenenklinik\/wp-content\/uploads\/sites\/9\/2019\/08\/Institutsambulanz-Anmeldung-02.jpg-400x267.jpg 400w, https:\/\/www.clemensaugust.de\/erwachsenenklinik\/wp-content\/uploads\/sites\/9\/2019\/08\/Institutsambulanz-Anmeldung-02.jpg-600x400.jpg 600w, https:\/\/www.clemensaugust.de\/erwachsenenklinik\/wp-content\/uploads\/sites\/9\/2019\/08\/Institutsambulanz-Anmeldung-02.jpg-800x534.jpg 800w, https:\/\/www.clemensaugust.de\/erwachsenenklinik\/wp-content\/uploads\/sites\/9\/2019\/08\/Institutsambulanz-Anmeldung-02.jpg-1200x800.jpg 1200w, https:\/\/www.clemensaugust.de\/erwachsenenklinik\/wp-content\/uploads\/sites\/9\/2019\/08\/Institutsambulanz-Anmeldung-02.jpg.jpg 1600w\" sizes=\"(max-width: 800px) 100vw, 400px\" \/><\/span><\/div><div class=\"fusion-text fusion-text-3\"><h2>Ambulante Behandlung \u203a<\/h2>\n<p>Die Psychiatrische Institutsambulanz (PIA) ist die erste Anlaufstelle f\u00fcr unsere Patienten und Patientinnen. Hier finden die Diagnose sowie die Kl\u00e4rung des Behandlungsbedarfes statt.<\/p>\n<\/div><div class=\"fusion-button-wrapper\"><a class=\"fusion-button button-flat fusion-button-default-size button-default fusion-button-default button-3 fusion-button-default-span fusion-button-default-type\" target=\"_self\" href=\"https:\/\/www.clemensaugust.de\/erwachsenenklinik\/institutsambulanz\/\"><span class=\"fusion-button-text\">Mehr Infos &gt;<\/span><\/a><\/div><div class=\"fusion-clearfix\"><\/div><\/div><\/div><\/div><\/div><\/p>\n","protected":false},"excerpt":{"rendered":"","protected":false},"author":1,"featured_media":0,"parent":0,"menu_order":0,"comment_status":"closed","ping_status":"closed","template":"","meta":{"footnotes":"","_links_to":"","_links_to_target":""},"_links":{"self":[{"href":"https:\/\/www.clemensaugust.de\/erwachsenenklinik\/wp-json\/wp\/v2\/pages\/142"}],"collection":[{"href":"https:\/\/www.clemensaugust.de\/erwachsenenklinik\/wp-json\/wp\/v2\/pages"}],"about":[{"href":"https:\/\/www.clemensaugust.de\/erwachsenenklinik\/wp-json\/wp\/v2\/types\/page"}],"author":[{"embeddable":true,"href":"https:\/\/www.clemensaugust.de\/erwachsenenklinik\/wp-json\/wp\/v2\/users\/1"}],"replies":[{"embeddable":true,"href":"https:\/\/www.clemensaugust.de\/erwachsenenklinik\/wp-json\/wp\/v2\/comments?post=142"}],"version-history":[{"count":10,"href":"https:\/\/www.clemensaugust.de\/erwachsenenklinik\/wp-json\/wp\/v2\/pages\/142\/revisions"}],"predecessor-version":[{"id":1784,"href":"https:\/\/www.clemensaugust.de\/erwachsenenklinik\/wp-json\/wp\/v2\/pages\/142\/revisions\/1784"}],"wp:attachment":[{"href":"https:\/\/www.clemensaugust.de\/erwachsenenklinik\/wp-json\/wp\/v2\/media?parent=142"}],"curies":[{"name":"wp","href":"https:\/\/api.w.org\/{rel}","templated":true}]}}