{"id":15,"date":"2018-01-07T14:09:23","date_gmt":"2018-01-07T13:09:23","guid":{"rendered":"http:\/\/www.clemensaugust.de\/erwachsenenklinik\/?page_id=15"},"modified":"2024-01-31T08:39:01","modified_gmt":"2024-01-31T07:39:01","slug":"tagesklinik","status":"publish","type":"page","link":"https:\/\/www.clemensaugust.de\/erwachsenenklinik\/tagesklinik\/","title":{"rendered":"Tagesklinik"},"content":{"rendered":"<p><div class=\"fusion-fullwidth fullwidth-box fusion-builder-row-1 mobile-title nonhundred-percent-fullwidth non-hundred-percent-height-scrolling fusion-no-medium-visibility fusion-no-large-visibility\" style=\"--awb-border-radius-top-left:0px;--awb-border-radius-top-right:0px;--awb-border-radius-bottom-right:0px;--awb-border-radius-bottom-left:0px;--awb-flex-wrap:wrap;\" ><div class=\"fusion-builder-row fusion-row\"><div class=\"fusion-layout-column fusion_builder_column fusion-builder-column-0 fusion_builder_column_1_1 1_1 fusion-one-full fusion-column-first fusion-column-last\" style=\"--awb-bg-size:cover;\"><div class=\"fusion-column-wrapper fusion-flex-column-wrapper-legacy\"><div class=\"fusion-title title fusion-title-1 fusion-title-text fusion-title-size-one\"><h1 class=\"fusion-title-heading title-heading-left\" style=\"margin:0;\"><div class=\"heading \">\n<div class=\"fusion-title-sc-wrapper\">\n<div class=\"fusion-title title fusion-sep-none fusion-title-center fusion-title-size-one fusion-border-below-title\">\n<h1 class=\"title-heading-center fusion-responsive-typography-calculated\" style=\"--fontsize: 72; line-height: 1;\" data-inline-fontsize=\"true\" data-inline-lineheight=\"true\" data-fontsize=\"72\" data-lineheight=\"100.8px\"><span class=\"keyword-title-2nd\" style=\"font-size: 40px; line-height: 56px;\" data-fusion-font=\"true\">Die<\/span> <span class=\"keyword-title\" style=\"font-size: 40px; line-height: 56px;\" data-fusion-font=\"true\">Tages<\/span><span class=\"keyword-title-2nd\"><span style=\"font-size: 40px; line-height: 56px;\" data-fusion-font=\"true\">klinik<\/span><\/span><\/h1>\n<\/div>\n<\/div>\n<\/div>\n<div class=\"caption \">\n<div class=\"fusion-title-sc-wrapper\">\n<div class=\"fusion-title title fusion-sep-none fusion-title-center fusion-title-size-two fusion-border-below-title\">\n<h2 class=\"title-heading-center fusion-responsive-typography-calculated\" style=\"--fontsize: 20; line-height: 1.5; --minfontsize: 20;\" data-inline-fontsize=\"true\" data-inline-lineheight=\"true\" data-fontsize=\"20\" data-lineheight=\"30px\">Tags\u00fcber bei uns \u2013 abends zu Hause<\/h2>\n<\/div>\n<\/div>\n<\/div><\/h1><span class=\"awb-title-spacer\"><\/span><div class=\"title-sep-container\"><div class=\"title-sep sep-double sep-solid\" style=\"border-color:#e0dede;\"><\/div><\/div><\/div><div class=\"fusion-clearfix\"><\/div><\/div><\/div><\/div><\/div><div class=\"fusion-fullwidth fullwidth-box fusion-builder-row-2 nonhundred-percent-fullwidth non-hundred-percent-height-scrolling\" style=\"--awb-border-radius-top-left:0px;--awb-border-radius-top-right:0px;--awb-border-radius-bottom-right:0px;--awb-border-radius-bottom-left:0px;--awb-margin-bottom:100px;--awb-flex-wrap:wrap;\" ><div class=\"fusion-builder-row fusion-row\"><div class=\"fusion-layout-column fusion_builder_column fusion-builder-column-1 fusion_builder_column_1_1 1_1 fusion-one-full fusion-column-first fusion-column-last\" style=\"--awb-bg-size:cover;--awb-margin-bottom:0px;\"><div class=\"fusion-column-wrapper fusion-flex-column-wrapper-legacy\"><div class=\"fusion-text fusion-text-1\"><p>Das Angebot unserer Tagesklinik richtet sich an Menschen, f\u00fcr die eine ambulante Behandlung nicht ausreicht, bei denen aber auch ein vollstation\u00e4rer Krankenhausaufenthalt nicht erforderlich ist. Hier werden Erwachsene ab 18 Jahren behandelt, die stabil genug sind, um die Abende und Wochenenden in ihrem sozialen Umfeld zu verbringen.<\/p>\n<p>Zu den seelischen Erkrankungen, die wir teilstation\u00e4r behandeln, z\u00e4hlen Depressionen, Angst- und Zwangsst\u00f6rungen, Anpassungsst\u00f6rungen, akute und komplexe posttraumatische Belastungsst\u00f6rungen, psychosomatische Erkrankungen, somatoforme St\u00f6rungen, chronische Schmerzst\u00f6rungen und Pers\u00f6nlichkeitsst\u00f6rungen.<\/p>\n<p>Unser therapeutisches Angebot in der Tagesklinik umfasst:<\/p>\n<ul>\n<li>verhaltenstherapeutische und\/oder tiefenpsychologisch fundierte Einzelgespr\u00e4che<\/li>\n<li>kreativtherapeutische, psychoedukative und interaktionelle Gruppenangebote<\/li>\n<li>medizinisch-\u00e4rztliche Versorgung<\/li>\n<li>Ern\u00e4hrungsberatung<\/li>\n<li>psychosoziale Beratung und Begleitung durch den Sozialdienst<\/li>\n<li>Bezugspflegekonzept mit Training von Alltagskompetenzen und Unterst\u00fctzung beim Aktivit\u00e4tsaufbau<\/li>\n<li>Ergotherapie, kognitives Training und Arbeitsdiagnostik<\/li>\n<li>Entspannungsverfahren, physikalische und bewegungstherapeutische Ma\u00dfnahmen<\/li>\n<\/ul>\n<p><img decoding=\"async\" class=\"aligncenter wp-image-1084 size-1200\" src=\"http:\/\/clemensaugust.de\/erwachsenenklinik\/wp-content\/uploads\/sites\/9\/2019\/08\/Tagesklinik-04.jpg-1200x800.jpg\" alt=\"\" width=\"1200\" height=\"800\" srcset=\"https:\/\/www.clemensaugust.de\/erwachsenenklinik\/wp-content\/uploads\/sites\/9\/2019\/08\/Tagesklinik-04.jpg-140x93.jpg 140w, https:\/\/www.clemensaugust.de\/erwachsenenklinik\/wp-content\/uploads\/sites\/9\/2019\/08\/Tagesklinik-04.jpg-200x133.jpg 200w, https:\/\/www.clemensaugust.de\/erwachsenenklinik\/wp-content\/uploads\/sites\/9\/2019\/08\/Tagesklinik-04.jpg-220x146.jpg 220w, https:\/\/www.clemensaugust.de\/erwachsenenklinik\/wp-content\/uploads\/sites\/9\/2019\/08\/Tagesklinik-04.jpg-300x200.jpg 300w, https:\/\/www.clemensaugust.de\/erwachsenenklinik\/wp-content\/uploads\/sites\/9\/2019\/08\/Tagesklinik-04.jpg-400x267.jpg 400w, https:\/\/www.clemensaugust.de\/erwachsenenklinik\/wp-content\/uploads\/sites\/9\/2019\/08\/Tagesklinik-04.jpg-460x306.jpg 460w, https:\/\/www.clemensaugust.de\/erwachsenenklinik\/wp-content\/uploads\/sites\/9\/2019\/08\/Tagesklinik-04.jpg-600x400.jpg 600w, https:\/\/www.clemensaugust.de\/erwachsenenklinik\/wp-content\/uploads\/sites\/9\/2019\/08\/Tagesklinik-04.jpg-768x512.jpg 768w, https:\/\/www.clemensaugust.de\/erwachsenenklinik\/wp-content\/uploads\/sites\/9\/2019\/08\/Tagesklinik-04.jpg-800x534.jpg 800w, https:\/\/www.clemensaugust.de\/erwachsenenklinik\/wp-content\/uploads\/sites\/9\/2019\/08\/Tagesklinik-04.jpg-1200x800.jpg 1200w, https:\/\/www.clemensaugust.de\/erwachsenenklinik\/wp-content\/uploads\/sites\/9\/2019\/08\/Tagesklinik-04.jpg.jpg 1600w\" sizes=\"(max-width: 1200px) 100vw, 1200px\" \/><\/p>\n<p>Eine Behandlung bei uns dauert in der Regel zwischen vier und acht Wochen, abh\u00e4ngig vom individuellen Bedarf. Die Behandlungszeiten in der Klinik sind montags bis donnerstags von 8:00 bis 16:00 Uhr und freitags von 8:00 bis 14:00 Uhr. Au\u00dferhalb der Behandlungszeiten besteht eine telefonische Rufbereitschaft durch den diensthabenden Arzt der Erwachsenenklinik. Die Anreise erfolgt nach Absprache mit unserer Institutsambulanz mit dem eigenen PKW oder \u00f6ffentlichen Verkehrsmitteln. Die Fahrtkosten werden in der Regel von der Krankenkasse \u00fcbernommen.<\/p>\n<p><img decoding=\"async\" class=\"aligncenter wp-image-1081 size-1200\" src=\"http:\/\/clemensaugust.de\/erwachsenenklinik\/wp-content\/uploads\/sites\/9\/2019\/08\/Tagesklinik-01.jpg-1200x800.jpg\" alt=\"\" width=\"1200\" height=\"800\" srcset=\"https:\/\/www.clemensaugust.de\/erwachsenenklinik\/wp-content\/uploads\/sites\/9\/2019\/08\/Tagesklinik-01.jpg-140x93.jpg 140w, https:\/\/www.clemensaugust.de\/erwachsenenklinik\/wp-content\/uploads\/sites\/9\/2019\/08\/Tagesklinik-01.jpg-200x133.jpg 200w, https:\/\/www.clemensaugust.de\/erwachsenenklinik\/wp-content\/uploads\/sites\/9\/2019\/08\/Tagesklinik-01.jpg-220x146.jpg 220w, https:\/\/www.clemensaugust.de\/erwachsenenklinik\/wp-content\/uploads\/sites\/9\/2019\/08\/Tagesklinik-01.jpg-300x200.jpg 300w, https:\/\/www.clemensaugust.de\/erwachsenenklinik\/wp-content\/uploads\/sites\/9\/2019\/08\/Tagesklinik-01.jpg-400x267.jpg 400w, https:\/\/www.clemensaugust.de\/erwachsenenklinik\/wp-content\/uploads\/sites\/9\/2019\/08\/Tagesklinik-01.jpg-460x306.jpg 460w, https:\/\/www.clemensaugust.de\/erwachsenenklinik\/wp-content\/uploads\/sites\/9\/2019\/08\/Tagesklinik-01.jpg-600x400.jpg 600w, https:\/\/www.clemensaugust.de\/erwachsenenklinik\/wp-content\/uploads\/sites\/9\/2019\/08\/Tagesklinik-01.jpg-768x512.jpg 768w, https:\/\/www.clemensaugust.de\/erwachsenenklinik\/wp-content\/uploads\/sites\/9\/2019\/08\/Tagesklinik-01.jpg-800x534.jpg 800w, https:\/\/www.clemensaugust.de\/erwachsenenklinik\/wp-content\/uploads\/sites\/9\/2019\/08\/Tagesklinik-01.jpg-1200x800.jpg 1200w, https:\/\/www.clemensaugust.de\/erwachsenenklinik\/wp-content\/uploads\/sites\/9\/2019\/08\/Tagesklinik-01.jpg.jpg 1600w\" sizes=\"(max-width: 1200px) 100vw, 1200px\" \/><\/p>\n<p>Wenn Sie sich f\u00fcr eine Behandlung in unserer Tagesklinik interessieren, nehmen Sie bitte \u00fcber die Institutsambulanz der Clemens-August-Erwachsenenklinik Kontakt mit uns auf. Dort erhalten Sie im Rahmen eines Vorgespr\u00e4ches n\u00e4here Informationen zum Ablauf.<\/p>\n<\/div><div class=\"fusion-clearfix\"><\/div><\/div><\/div><\/div><\/div><div class=\"fusion-fullwidth fullwidth-box fusion-builder-row-3 content-bottom nonhundred-percent-fullwidth non-hundred-percent-height-scrolling\" style=\"--awb-border-radius-top-left:0px;--awb-border-radius-top-right:0px;--awb-border-radius-bottom-right:0px;--awb-border-radius-bottom-left:0px;--awb-padding-top:60px;--awb-padding-bottom:20px;--awb-background-color:#efefef;--awb-flex-wrap:wrap;\" ><div class=\"fusion-builder-row fusion-row\"><div class=\"fusion-layout-column fusion_builder_column fusion-builder-column-2 fusion_builder_column_1_4 1_4 fusion-one-fourth fusion-column-first\" style=\"--awb-bg-blend:overlay;--awb-bg-size:cover;width:25%;width:calc(25% - ( ( 4% + 4% + 4% ) * 0.25 ) );margin-right: 4%;\"><div class=\"fusion-column-wrapper fusion-flex-column-wrapper-legacy\"><div class=\"fusion-image-element fusion-image-align-center in-legacy-container\" style=\"text-align:center;--awb-caption-title-font-family:var(--h2_typography-font-family);--awb-caption-title-font-weight:var(--h2_typography-font-weight);--awb-caption-title-font-style:var(--h2_typography-font-style);--awb-caption-title-size:var(--h2_typography-font-size);--awb-caption-title-transform:var(--h2_typography-text-transform);--awb-caption-title-line-height:var(--h2_typography-line-height);--awb-caption-title-letter-spacing:var(--h2_typography-letter-spacing);\"><div class=\"imageframe-align-center\"><span class=\" fusion-imageframe imageframe-none imageframe-1 hover-type-none\"><a class=\"fusion-no-lightbox\" href=\"https:\/\/www.clemensaugust.de\/erwachsenenklinik\/angebote\/\" target=\"_self\" aria-label=\"Clemens August Erwachsenenklinik\"><img decoding=\"async\" width=\"1200\" height=\"800\" src=\"http:\/\/clemensaugust.de\/erwachsenenklinik\/wp-content\/uploads\/sites\/9\/2019\/08\/Tagesklinik-01.jpg-1200x800.jpg\" alt class=\"img-responsive wp-image-1081\" srcset=\"https:\/\/www.clemensaugust.de\/erwachsenenklinik\/wp-content\/uploads\/sites\/9\/2019\/08\/Tagesklinik-01.jpg-200x133.jpg 200w, https:\/\/www.clemensaugust.de\/erwachsenenklinik\/wp-content\/uploads\/sites\/9\/2019\/08\/Tagesklinik-01.jpg-400x267.jpg 400w, https:\/\/www.clemensaugust.de\/erwachsenenklinik\/wp-content\/uploads\/sites\/9\/2019\/08\/Tagesklinik-01.jpg-600x400.jpg 600w, https:\/\/www.clemensaugust.de\/erwachsenenklinik\/wp-content\/uploads\/sites\/9\/2019\/08\/Tagesklinik-01.jpg-800x534.jpg 800w, https:\/\/www.clemensaugust.de\/erwachsenenklinik\/wp-content\/uploads\/sites\/9\/2019\/08\/Tagesklinik-01.jpg-1200x800.jpg 1200w, https:\/\/www.clemensaugust.de\/erwachsenenklinik\/wp-content\/uploads\/sites\/9\/2019\/08\/Tagesklinik-01.jpg.jpg 1600w\" sizes=\"(max-width: 800px) 100vw, 400px\" \/><\/a><\/span><\/div><\/div><div class=\"fusion-text fusion-text-2\"><p style=\"text-align: center\"><strong><a href=\"https:\/\/www.clemensaugust.de\/erwachsenenklinik\/angebote\/\">Behandlungsangebote <span class=\"redlink\">&gt;<\/span><\/a><\/strong><\/p>\n<\/div><div class=\"fusion-clearfix\"><\/div><\/div><\/div><div class=\"fusion-layout-column fusion_builder_column fusion-builder-column-3 fusion_builder_column_1_4 1_4 fusion-one-fourth\" style=\"--awb-bg-blend:overlay;--awb-bg-size:cover;width:25%;width:calc(25% - ( ( 4% + 4% + 4% ) * 0.25 ) );margin-right: 4%;\"><div class=\"fusion-column-wrapper fusion-flex-column-wrapper-legacy\"><div class=\"fusion-image-element fusion-image-align-center in-legacy-container\" style=\"text-align:center;--awb-caption-title-font-family:var(--h2_typography-font-family);--awb-caption-title-font-weight:var(--h2_typography-font-weight);--awb-caption-title-font-style:var(--h2_typography-font-style);--awb-caption-title-size:var(--h2_typography-font-size);--awb-caption-title-transform:var(--h2_typography-text-transform);--awb-caption-title-line-height:var(--h2_typography-line-height);--awb-caption-title-letter-spacing:var(--h2_typography-letter-spacing);\"><div class=\"imageframe-align-center\"><span class=\" fusion-imageframe imageframe-none imageframe-2 hover-type-none\"><a class=\"fusion-no-lightbox\" href=\"https:\/\/www.clemensaugust.de\/erwachsenenklinik\/stationaere-behandlung\/\" target=\"_self\" aria-label=\"Clemens August Erwachsenenklinik\"><img decoding=\"async\" width=\"1200\" height=\"800\" src=\"http:\/\/clemensaugust.de\/erwachsenenklinik\/wp-content\/uploads\/sites\/9\/2019\/08\/Stationen-01.jpg-1200x800.jpg\" alt class=\"img-responsive wp-image-1076\" srcset=\"https:\/\/www.clemensaugust.de\/erwachsenenklinik\/wp-content\/uploads\/sites\/9\/2019\/08\/Stationen-01.jpg-200x133.jpg 200w, https:\/\/www.clemensaugust.de\/erwachsenenklinik\/wp-content\/uploads\/sites\/9\/2019\/08\/Stationen-01.jpg-400x267.jpg 400w, https:\/\/www.clemensaugust.de\/erwachsenenklinik\/wp-content\/uploads\/sites\/9\/2019\/08\/Stationen-01.jpg-600x400.jpg 600w, https:\/\/www.clemensaugust.de\/erwachsenenklinik\/wp-content\/uploads\/sites\/9\/2019\/08\/Stationen-01.jpg-800x534.jpg 800w, https:\/\/www.clemensaugust.de\/erwachsenenklinik\/wp-content\/uploads\/sites\/9\/2019\/08\/Stationen-01.jpg-1200x800.jpg 1200w, https:\/\/www.clemensaugust.de\/erwachsenenklinik\/wp-content\/uploads\/sites\/9\/2019\/08\/Stationen-01.jpg.jpg 1600w\" sizes=\"(max-width: 800px) 100vw, 400px\" \/><\/a><\/span><\/div><\/div><div class=\"fusion-text fusion-text-3\"><p style=\"text-align: center\"><strong><a href=\"https:\/\/www.clemensaugust.de\/erwachsenenklinik\/stationaere-behandlung\/\">Station\u00e4re Behandlung <span class=\"redlink\">&gt;<\/span><\/a><\/strong><\/p>\n<\/div><div class=\"fusion-clearfix\"><\/div><\/div><\/div><div class=\"fusion-layout-column fusion_builder_column fusion-builder-column-4 fusion_builder_column_1_4 1_4 fusion-one-fourth\" style=\"--awb-bg-blend:overlay;--awb-bg-size:cover;width:25%;width:calc(25% - ( ( 4% + 4% + 4% ) * 0.25 ) );margin-right: 4%;\"><div class=\"fusion-column-wrapper fusion-flex-column-wrapper-legacy\"><div class=\"fusion-image-element fusion-image-align-center in-legacy-container\" style=\"text-align:center;--awb-caption-title-font-family:var(--h2_typography-font-family);--awb-caption-title-font-weight:var(--h2_typography-font-weight);--awb-caption-title-font-style:var(--h2_typography-font-style);--awb-caption-title-size:var(--h2_typography-font-size);--awb-caption-title-transform:var(--h2_typography-text-transform);--awb-caption-title-line-height:var(--h2_typography-line-height);--awb-caption-title-letter-spacing:var(--h2_typography-letter-spacing);\"><div class=\"imageframe-align-center\"><span class=\" fusion-imageframe imageframe-none imageframe-3 hover-type-none\"><a class=\"fusion-no-lightbox\" href=\"https:\/\/www.clemensaugust.de\/erwachsenenklinik\/tagesklinik\/\" target=\"_self\" aria-label=\"Clemens August Erwachsenenklinik\"><img decoding=\"async\" width=\"1200\" height=\"802\" src=\"http:\/\/clemensaugust.de\/erwachsenenklinik\/wp-content\/uploads\/sites\/9\/2019\/08\/Tagesklinikgebaeude-03.jpg-1200x802.jpg\" alt class=\"img-responsive wp-image-1087\" srcset=\"https:\/\/www.clemensaugust.de\/erwachsenenklinik\/wp-content\/uploads\/sites\/9\/2019\/08\/Tagesklinikgebaeude-03.jpg-200x134.jpg 200w, https:\/\/www.clemensaugust.de\/erwachsenenklinik\/wp-content\/uploads\/sites\/9\/2019\/08\/Tagesklinikgebaeude-03.jpg-400x267.jpg 400w, https:\/\/www.clemensaugust.de\/erwachsenenklinik\/wp-content\/uploads\/sites\/9\/2019\/08\/Tagesklinikgebaeude-03.jpg-600x401.jpg 600w, https:\/\/www.clemensaugust.de\/erwachsenenklinik\/wp-content\/uploads\/sites\/9\/2019\/08\/Tagesklinikgebaeude-03.jpg-800x535.jpg 800w, https:\/\/www.clemensaugust.de\/erwachsenenklinik\/wp-content\/uploads\/sites\/9\/2019\/08\/Tagesklinikgebaeude-03.jpg-1200x802.jpg 1200w, https:\/\/www.clemensaugust.de\/erwachsenenklinik\/wp-content\/uploads\/sites\/9\/2019\/08\/Tagesklinikgebaeude-03.jpg.jpg 1600w\" sizes=\"(max-width: 800px) 100vw, 400px\" \/><\/a><\/span><\/div><\/div><div class=\"fusion-text fusion-text-4\"><p style=\"text-align: center\"><strong><a href=\"https:\/\/www.clemensaugust.de\/erwachsenenklinik\/tagesklinik\/\">Tagesklinik <span class=\"redlink\">&gt;<\/span><\/a><\/strong><\/p>\n<\/div><div class=\"fusion-clearfix\"><\/div><\/div><\/div><div class=\"fusion-layout-column fusion_builder_column fusion-builder-column-5 fusion_builder_column_1_4 1_4 fusion-one-fourth fusion-column-last\" style=\"--awb-bg-blend:overlay;--awb-bg-size:cover;width:25%;width:calc(25% - ( ( 4% + 4% + 4% ) * 0.25 ) );\"><div class=\"fusion-column-wrapper fusion-flex-column-wrapper-legacy\"><div class=\"fusion-image-element fusion-image-align-center in-legacy-container\" style=\"text-align:center;--awb-caption-title-font-family:var(--h2_typography-font-family);--awb-caption-title-font-weight:var(--h2_typography-font-weight);--awb-caption-title-font-style:var(--h2_typography-font-style);--awb-caption-title-size:var(--h2_typography-font-size);--awb-caption-title-transform:var(--h2_typography-text-transform);--awb-caption-title-line-height:var(--h2_typography-line-height);--awb-caption-title-letter-spacing:var(--h2_typography-letter-spacing);\"><div class=\"imageframe-align-center\"><span class=\" fusion-imageframe imageframe-none imageframe-4 hover-type-none\"><a class=\"fusion-no-lightbox\" href=\"https:\/\/www.clemensaugust.de\/erwachsenenklinik\/institutsambulanz\/\" target=\"_self\" aria-label=\"Clemens August Erwachsenenklinik\"><img decoding=\"async\" width=\"1200\" height=\"800\" src=\"http:\/\/clemensaugust.de\/erwachsenenklinik\/wp-content\/uploads\/sites\/9\/2019\/08\/Institutsambulanz-Anmeldung-02.jpg-1200x800.jpg\" alt class=\"img-responsive wp-image-975\" srcset=\"https:\/\/www.clemensaugust.de\/erwachsenenklinik\/wp-content\/uploads\/sites\/9\/2019\/08\/Institutsambulanz-Anmeldung-02.jpg-200x133.jpg 200w, https:\/\/www.clemensaugust.de\/erwachsenenklinik\/wp-content\/uploads\/sites\/9\/2019\/08\/Institutsambulanz-Anmeldung-02.jpg-400x267.jpg 400w, https:\/\/www.clemensaugust.de\/erwachsenenklinik\/wp-content\/uploads\/sites\/9\/2019\/08\/Institutsambulanz-Anmeldung-02.jpg-600x400.jpg 600w, https:\/\/www.clemensaugust.de\/erwachsenenklinik\/wp-content\/uploads\/sites\/9\/2019\/08\/Institutsambulanz-Anmeldung-02.jpg-800x534.jpg 800w, https:\/\/www.clemensaugust.de\/erwachsenenklinik\/wp-content\/uploads\/sites\/9\/2019\/08\/Institutsambulanz-Anmeldung-02.jpg-1200x800.jpg 1200w, https:\/\/www.clemensaugust.de\/erwachsenenklinik\/wp-content\/uploads\/sites\/9\/2019\/08\/Institutsambulanz-Anmeldung-02.jpg.jpg 1600w\" sizes=\"(max-width: 800px) 100vw, 400px\" \/><\/a><\/span><\/div><\/div><div class=\"fusion-text fusion-text-5\"><p style=\"text-align: center\"><strong><a href=\"https:\/\/www.clemensaugust.de\/erwachsenenklinik\/institutsambulanz\/\">Institutsambulanz <span class=\"redlink\">&gt;<\/span><\/a><\/strong><\/p>\n<\/div><div class=\"fusion-clearfix\"><\/div><\/div><\/div><\/div><\/div>\n<\/p>\n","protected":false},"excerpt":{"rendered":"","protected":false},"author":1,"featured_media":0,"parent":0,"menu_order":0,"comment_status":"closed","ping_status":"closed","template":"100-width.php","meta":{"footnotes":"","_links_to":"","_links_to_target":""},"_links":{"self":[{"href":"https:\/\/www.clemensaugust.de\/erwachsenenklinik\/wp-json\/wp\/v2\/pages\/15"}],"collection":[{"href":"https:\/\/www.clemensaugust.de\/erwachsenenklinik\/wp-json\/wp\/v2\/pages"}],"about":[{"href":"https:\/\/www.clemensaugust.de\/erwachsenenklinik\/wp-json\/wp\/v2\/types\/page"}],"author":[{"embeddable":true,"href":"https:\/\/www.clemensaugust.de\/erwachsenenklinik\/wp-json\/wp\/v2\/users\/1"}],"replies":[{"embeddable":true,"href":"https:\/\/www.clemensaugust.de\/erwachsenenklinik\/wp-json\/wp\/v2\/comments?post=15"}],"version-history":[{"count":10,"href":"https:\/\/www.clemensaugust.de\/erwachsenenklinik\/wp-json\/wp\/v2\/pages\/15\/revisions"}],"predecessor-version":[{"id":1786,"href":"https:\/\/www.clemensaugust.de\/erwachsenenklinik\/wp-json\/wp\/v2\/pages\/15\/revisions\/1786"}],"wp:attachment":[{"href":"https:\/\/www.clemensaugust.de\/erwachsenenklinik\/wp-json\/wp\/v2\/media?parent=15"}],"curies":[{"name":"wp","href":"https:\/\/api.w.org\/{rel}","templated":true}]}}