{"id":25,"date":"2018-01-07T14:11:06","date_gmt":"2018-01-07T13:11:06","guid":{"rendered":"http:\/\/www.clemensaugust.de\/erwachsenenklinik\/?page_id=25"},"modified":"2024-01-31T08:56:11","modified_gmt":"2024-01-31T07:56:11","slug":"tanztherapie","status":"publish","type":"page","link":"https:\/\/www.clemensaugust.de\/erwachsenenklinik\/tanztherapie\/","title":{"rendered":"Tanztherapie"},"content":{"rendered":"<p><div class=\"fusion-fullwidth fullwidth-box fusion-builder-row-1 mobile-title nonhundred-percent-fullwidth non-hundred-percent-height-scrolling fusion-no-medium-visibility fusion-no-large-visibility\" style=\"--awb-border-radius-top-left:0px;--awb-border-radius-top-right:0px;--awb-border-radius-bottom-right:0px;--awb-border-radius-bottom-left:0px;--awb-flex-wrap:wrap;\" ><div class=\"fusion-builder-row fusion-row\"><div class=\"fusion-layout-column fusion_builder_column fusion-builder-column-0 fusion_builder_column_1_1 1_1 fusion-one-full fusion-column-first fusion-column-last\" style=\"--awb-bg-size:cover;\"><div class=\"fusion-column-wrapper fusion-flex-column-wrapper-legacy\"><div class=\"fusion-title title fusion-title-1 fusion-title-text fusion-title-size-one\"><h1 class=\"fusion-title-heading title-heading-left\" style=\"margin:0;\"><div class=\"fusion-title title fusion-sep-none fusion-title-center fusion-title-size-one fusion-border-below-title\">\n<h1 class=\"title-heading-center fusion-responsive-typography-calculated\" style=\"--fontsize: 72; line-height: 0;\" data-inline-fontsize=\"true\" data-inline-lineheight=\"true\" data-fontsize=\"72\" data-lineheight=\"100.8px\"><span class=\"keyword-title-2nd\" style=\"font-size: 2.5rem; line-height: 56px;\" data-fusion-font=\"true\">Die<\/span> <span class=\"keyword-title\" style=\"font-size: 2.5rem; line-height: 56px;\" data-fusion-font=\"true\">Tanz<\/span><span class=\"keyword-title-2nd\" style=\"font-size: 2.5rem; line-height: 56px;\" data-fusion-font=\"true\">therapie<\/span><\/h1>\n<\/div>\n<div class=\"fusion-title title fusion-sep-none fusion-title-center fusion-title-size-two fusion-border-below-title\">\n<h2 class=\"title-heading-center fusion-responsive-typography-calculated\" style=\"--fontsize: 20; line-height: 1.5; --minfontsize: 20;\" data-inline-fontsize=\"true\" data-inline-lineheight=\"true\" data-fontsize=\"20\" data-lineheight=\"30px\">Freude an Bewegung<\/h2>\n<\/div><\/h1><span class=\"awb-title-spacer\"><\/span><div class=\"title-sep-container\"><div class=\"title-sep sep-double sep-solid\" style=\"border-color:#e0dede;\"><\/div><\/div><\/div><div class=\"fusion-clearfix\"><\/div><\/div><\/div><\/div><\/div><div class=\"fusion-fullwidth fullwidth-box fusion-builder-row-2 nonhundred-percent-fullwidth non-hundred-percent-height-scrolling\" style=\"--awb-border-radius-top-left:0px;--awb-border-radius-top-right:0px;--awb-border-radius-bottom-right:0px;--awb-border-radius-bottom-left:0px;--awb-margin-bottom:100px;--awb-flex-wrap:wrap;\" ><div class=\"fusion-builder-row fusion-row\"><div class=\"fusion-layout-column fusion_builder_column fusion-builder-column-1 fusion_builder_column_1_1 1_1 fusion-one-full fusion-column-first fusion-column-last\" style=\"--awb-bg-size:cover;--awb-margin-bottom:0px;\"><div class=\"fusion-column-wrapper fusion-flex-column-wrapper-legacy\"><div class=\"fusion-text fusion-text-1\"><p>Tanz wird seit jeher als Ausdrucksmittel zur Bew\u00e4ltigung von Trauer und Schmerz genutzt. Die Freude an der Bewegung setzt heilsame Prozesse in Gang.<\/p>\n<p>In der Menschheitsgeschichte wurde Tanz von jeher als Ausdrucksmittel zur Bew\u00e4ltigung von Trauer und Schmerz genutzt, aber auch dazu, Freude und Gl\u00fcck miteinander zu teilen. Tanztherapie beruft sich somit auf uraltes Wissen von Tanz als heilkr\u00e4ftiger Methode. Gleichzeitig orientiert sie sich an modernen wissenschaftlichen Vorstellungen von Krankheitsursachen, Gesundheitsfaktoren und Gesetzm\u00e4\u00dfigkeiten von Heilungs- und Bew\u00e4ltigungsprozessen.<\/p>\n<p>Tanztherapie versteht sich als eine Methode der kreativen leibtherapeutischen Verfahren zur Behandlung von k\u00f6rperlichen und seelischen Erkrankungen. Durch sch\u00f6pferisches Tun, Bewegungsausdruck, Bewegungseindruck und bewusste K\u00f6rpererfahrungen werden heilsame Prozesse in Gang gesetzt.<\/p>\n<p><img decoding=\"async\" class=\"aligncenter size-1200 wp-image-1091\" src=\"http:\/\/clemensaugust.de\/erwachsenenklinik\/wp-content\/uploads\/sites\/9\/2019\/08\/Tanztherapie-02.jpg-1200x800.jpg\" alt=\"\" width=\"1200\" height=\"800\" srcset=\"https:\/\/www.clemensaugust.de\/erwachsenenklinik\/wp-content\/uploads\/sites\/9\/2019\/08\/Tanztherapie-02.jpg-140x93.jpg 140w, https:\/\/www.clemensaugust.de\/erwachsenenklinik\/wp-content\/uploads\/sites\/9\/2019\/08\/Tanztherapie-02.jpg-200x133.jpg 200w, https:\/\/www.clemensaugust.de\/erwachsenenklinik\/wp-content\/uploads\/sites\/9\/2019\/08\/Tanztherapie-02.jpg-220x146.jpg 220w, https:\/\/www.clemensaugust.de\/erwachsenenklinik\/wp-content\/uploads\/sites\/9\/2019\/08\/Tanztherapie-02.jpg-300x200.jpg 300w, https:\/\/www.clemensaugust.de\/erwachsenenklinik\/wp-content\/uploads\/sites\/9\/2019\/08\/Tanztherapie-02.jpg-400x267.jpg 400w, https:\/\/www.clemensaugust.de\/erwachsenenklinik\/wp-content\/uploads\/sites\/9\/2019\/08\/Tanztherapie-02.jpg-460x306.jpg 460w, https:\/\/www.clemensaugust.de\/erwachsenenklinik\/wp-content\/uploads\/sites\/9\/2019\/08\/Tanztherapie-02.jpg-600x400.jpg 600w, https:\/\/www.clemensaugust.de\/erwachsenenklinik\/wp-content\/uploads\/sites\/9\/2019\/08\/Tanztherapie-02.jpg-768x512.jpg 768w, https:\/\/www.clemensaugust.de\/erwachsenenklinik\/wp-content\/uploads\/sites\/9\/2019\/08\/Tanztherapie-02.jpg-800x534.jpg 800w, https:\/\/www.clemensaugust.de\/erwachsenenklinik\/wp-content\/uploads\/sites\/9\/2019\/08\/Tanztherapie-02.jpg-1200x800.jpg 1200w, https:\/\/www.clemensaugust.de\/erwachsenenklinik\/wp-content\/uploads\/sites\/9\/2019\/08\/Tanztherapie-02.jpg.jpg 1600w\" sizes=\"(max-width: 1200px) 100vw, 1200px\" \/><br \/>\nEs werden Bewegungsangebote mit und ohne Musik gemacht. Musik- und Tanzrichtungen unterschiedlicher Kulturen und Epochen werden erforscht. Sich in der Bewegung erleben, mit sich zu sein, ebenso wie in der Verbundenheit mit anderen Menschen, bietet unseren Patienten und Patientinnen neue Erfahrungsm\u00f6glichkeiten. Dabei k\u00f6nnen sie ihre Grenzen erweitern und neue Spielr\u00e4ume entdecken.<\/p>\n<\/div><div class=\"fusion-clearfix\"><\/div><\/div><\/div><\/div><\/div><div class=\"fusion-fullwidth fullwidth-box fusion-builder-row-3 content-bottom nonhundred-percent-fullwidth non-hundred-percent-height-scrolling\" style=\"--awb-border-radius-top-left:0px;--awb-border-radius-top-right:0px;--awb-border-radius-bottom-right:0px;--awb-border-radius-bottom-left:0px;--awb-padding-top:60px;--awb-padding-bottom:20px;--awb-background-color:#efefef;--awb-flex-wrap:wrap;\" ><div class=\"fusion-builder-row fusion-row\"><div class=\"fusion-layout-column fusion_builder_column fusion-builder-column-2 fusion_builder_column_1_4 1_4 fusion-one-fourth fusion-column-first\" style=\"--awb-bg-size:cover;width:25%;width:calc(25% - ( ( 4% + 4% + 4% ) * 0.25 ) );margin-right: 4%;\"><div class=\"fusion-column-wrapper fusion-flex-column-wrapper-legacy\"><div class=\"fusion-image-element fusion-image-align-center in-legacy-container\" style=\"text-align:center;--awb-caption-title-font-family:var(--h2_typography-font-family);--awb-caption-title-font-weight:var(--h2_typography-font-weight);--awb-caption-title-font-style:var(--h2_typography-font-style);--awb-caption-title-size:var(--h2_typography-font-size);--awb-caption-title-transform:var(--h2_typography-text-transform);--awb-caption-title-line-height:var(--h2_typography-line-height);--awb-caption-title-letter-spacing:var(--h2_typography-letter-spacing);\"><div class=\"imageframe-align-center\"><span class=\" fusion-imageframe imageframe-none imageframe-1 hover-type-none\"><a class=\"fusion-no-lightbox\" href=\"https:\/\/www.clemensaugust.de\/erwachsenenklinik\/psychotherapie\/\" target=\"_self\" aria-label=\"Clemens August Erwachsenenklinik\"><img decoding=\"async\" width=\"1200\" height=\"800\" src=\"http:\/\/clemensaugust.de\/erwachsenenklinik\/wp-content\/uploads\/sites\/9\/2019\/08\/Gruppentherapie.jpg-1200x800.jpg\" alt class=\"img-responsive wp-image-965\" srcset=\"https:\/\/www.clemensaugust.de\/erwachsenenklinik\/wp-content\/uploads\/sites\/9\/2019\/08\/Gruppentherapie.jpg-200x133.jpg 200w, https:\/\/www.clemensaugust.de\/erwachsenenklinik\/wp-content\/uploads\/sites\/9\/2019\/08\/Gruppentherapie.jpg-400x267.jpg 400w, https:\/\/www.clemensaugust.de\/erwachsenenklinik\/wp-content\/uploads\/sites\/9\/2019\/08\/Gruppentherapie.jpg-600x400.jpg 600w, https:\/\/www.clemensaugust.de\/erwachsenenklinik\/wp-content\/uploads\/sites\/9\/2019\/08\/Gruppentherapie.jpg-800x534.jpg 800w, https:\/\/www.clemensaugust.de\/erwachsenenklinik\/wp-content\/uploads\/sites\/9\/2019\/08\/Gruppentherapie.jpg-1200x800.jpg 1200w, https:\/\/www.clemensaugust.de\/erwachsenenklinik\/wp-content\/uploads\/sites\/9\/2019\/08\/Gruppentherapie.jpg.jpg 1600w\" sizes=\"(max-width: 800px) 100vw, 400px\" \/><\/a><\/span><\/div><\/div><div class=\"fusion-text fusion-text-2\"><p style=\"text-align: center\"><strong><a href=\"https:\/\/www.clemensaugust.de\/erwachsenenklinik\/psychotherapie\/\">Psychotherapie <span class=\"redlink\">&gt;<\/span><\/a><\/strong><\/p>\n<\/div><div class=\"fusion-clearfix\"><\/div><\/div><\/div><div class=\"fusion-layout-column fusion_builder_column fusion-builder-column-3 fusion_builder_column_1_4 1_4 fusion-one-fourth\" style=\"--awb-bg-size:cover;width:25%;width:calc(25% - ( ( 4% + 4% + 4% ) * 0.25 ) );margin-right: 4%;\"><div class=\"fusion-column-wrapper fusion-flex-column-wrapper-legacy\"><div class=\"fusion-image-element fusion-image-align-center in-legacy-container\" style=\"text-align:center;--awb-caption-title-font-family:var(--h2_typography-font-family);--awb-caption-title-font-weight:var(--h2_typography-font-weight);--awb-caption-title-font-style:var(--h2_typography-font-style);--awb-caption-title-size:var(--h2_typography-font-size);--awb-caption-title-transform:var(--h2_typography-text-transform);--awb-caption-title-line-height:var(--h2_typography-line-height);--awb-caption-title-letter-spacing:var(--h2_typography-letter-spacing);\"><div class=\"imageframe-align-center\"><span class=\" fusion-imageframe imageframe-none imageframe-2 hover-type-none\"><a class=\"fusion-no-lightbox\" href=\"https:\/\/www.clemensaugust.de\/erwachsenenklinik\/ergotherapie\/\" target=\"_self\" aria-label=\"Clemens August Erwachsenenklinik\"><img decoding=\"async\" width=\"460\" height=\"306\" src=\"https:\/\/www.clemensaugust.de\/erwachsenenklinik\/wp-content\/uploads\/sites\/9\/2019\/08\/Ergotherapie-01.jpg-460x306.jpg\" alt class=\"img-responsive wp-image-947\" srcset=\"https:\/\/www.clemensaugust.de\/erwachsenenklinik\/wp-content\/uploads\/sites\/9\/2019\/08\/Ergotherapie-01.jpg-200x133.jpg 200w, https:\/\/www.clemensaugust.de\/erwachsenenklinik\/wp-content\/uploads\/sites\/9\/2019\/08\/Ergotherapie-01.jpg-400x267.jpg 400w, https:\/\/www.clemensaugust.de\/erwachsenenklinik\/wp-content\/uploads\/sites\/9\/2019\/08\/Ergotherapie-01.jpg-600x400.jpg 600w, https:\/\/www.clemensaugust.de\/erwachsenenklinik\/wp-content\/uploads\/sites\/9\/2019\/08\/Ergotherapie-01.jpg-800x534.jpg 800w, https:\/\/www.clemensaugust.de\/erwachsenenklinik\/wp-content\/uploads\/sites\/9\/2019\/08\/Ergotherapie-01.jpg-1200x800.jpg 1200w, https:\/\/www.clemensaugust.de\/erwachsenenklinik\/wp-content\/uploads\/sites\/9\/2019\/08\/Ergotherapie-01.jpg.jpg 1600w\" sizes=\"(max-width: 800px) 100vw, 400px\" \/><\/a><\/span><\/div><\/div><div class=\"fusion-text fusion-text-3\"><p style=\"text-align: center\"><strong><a href=\"https:\/\/www.clemensaugust.de\/erwachsenenklinik\/ergotherapie\/\">Ergotherapie <span class=\"redlink\">&gt;<\/span><\/a><\/strong><\/p>\n<\/div><div class=\"fusion-clearfix\"><\/div><\/div><\/div><div class=\"fusion-layout-column fusion_builder_column fusion-builder-column-4 fusion_builder_column_1_4 1_4 fusion-one-fourth\" style=\"--awb-bg-size:cover;width:25%;width:calc(25% - ( ( 4% + 4% + 4% ) * 0.25 ) );margin-right: 4%;\"><div class=\"fusion-column-wrapper fusion-flex-column-wrapper-legacy\"><div class=\"fusion-image-element fusion-image-align-center in-legacy-container\" style=\"text-align:center;--awb-caption-title-font-family:var(--h2_typography-font-family);--awb-caption-title-font-weight:var(--h2_typography-font-weight);--awb-caption-title-font-style:var(--h2_typography-font-style);--awb-caption-title-size:var(--h2_typography-font-size);--awb-caption-title-transform:var(--h2_typography-text-transform);--awb-caption-title-line-height:var(--h2_typography-line-height);--awb-caption-title-letter-spacing:var(--h2_typography-letter-spacing);\"><div class=\"imageframe-align-center\"><span class=\" fusion-imageframe imageframe-none imageframe-3 hover-type-none\"><a class=\"fusion-no-lightbox\" href=\"https:\/\/www.clemensaugust.de\/erwachsenenklinik\/kunsttherapie\/\" target=\"_self\" aria-label=\"Clemens August Erwachsenenklinik\"><img decoding=\"async\" width=\"1200\" height=\"800\" src=\"http:\/\/clemensaugust.de\/erwachsenenklinik\/wp-content\/uploads\/sites\/9\/2019\/08\/Kunsttherapieraum-02.jpg-1200x800.jpg\" alt class=\"img-responsive wp-image-1023\" srcset=\"https:\/\/www.clemensaugust.de\/erwachsenenklinik\/wp-content\/uploads\/sites\/9\/2019\/08\/Kunsttherapieraum-02.jpg-200x133.jpg 200w, https:\/\/www.clemensaugust.de\/erwachsenenklinik\/wp-content\/uploads\/sites\/9\/2019\/08\/Kunsttherapieraum-02.jpg-400x267.jpg 400w, https:\/\/www.clemensaugust.de\/erwachsenenklinik\/wp-content\/uploads\/sites\/9\/2019\/08\/Kunsttherapieraum-02.jpg-600x400.jpg 600w, https:\/\/www.clemensaugust.de\/erwachsenenklinik\/wp-content\/uploads\/sites\/9\/2019\/08\/Kunsttherapieraum-02.jpg-800x534.jpg 800w, https:\/\/www.clemensaugust.de\/erwachsenenklinik\/wp-content\/uploads\/sites\/9\/2019\/08\/Kunsttherapieraum-02.jpg-1200x800.jpg 1200w, https:\/\/www.clemensaugust.de\/erwachsenenklinik\/wp-content\/uploads\/sites\/9\/2019\/08\/Kunsttherapieraum-02.jpg.jpg 1600w\" sizes=\"(max-width: 800px) 100vw, 400px\" \/><\/a><\/span><\/div><\/div><div class=\"fusion-text fusion-text-4\"><p style=\"text-align: center\"><strong><a href=\"https:\/\/www.clemensaugust.de\/erwachsenenklinik\/kunsttherapie\/\">Kunsttherapie <span class=\"redlink\">&gt;<\/span><\/a><\/strong><\/p>\n<\/div><div class=\"fusion-clearfix\"><\/div><\/div><\/div><div class=\"fusion-layout-column fusion_builder_column fusion-builder-column-5 fusion_builder_column_1_4 1_4 fusion-one-fourth fusion-column-last\" style=\"--awb-bg-size:cover;width:25%;width:calc(25% - ( ( 4% + 4% + 4% ) * 0.25 ) );\"><div class=\"fusion-column-wrapper fusion-flex-column-wrapper-legacy\"><div class=\"fusion-image-element fusion-image-align-center in-legacy-container\" style=\"text-align:center;--awb-caption-title-font-family:var(--h2_typography-font-family);--awb-caption-title-font-weight:var(--h2_typography-font-weight);--awb-caption-title-font-style:var(--h2_typography-font-style);--awb-caption-title-size:var(--h2_typography-font-size);--awb-caption-title-transform:var(--h2_typography-text-transform);--awb-caption-title-line-height:var(--h2_typography-line-height);--awb-caption-title-letter-spacing:var(--h2_typography-letter-spacing);\"><div class=\"imageframe-align-center\"><span class=\" fusion-imageframe imageframe-none imageframe-4 hover-type-none\"><a class=\"fusion-no-lightbox\" href=\"https:\/\/www.clemensaugust.de\/erwachsenenklinik\/mototherapie\/\" target=\"_self\" aria-label=\"Clemens August Erwachsenenklinik\"><img decoding=\"async\" width=\"1200\" height=\"800\" src=\"http:\/\/clemensaugust.de\/erwachsenenklinik\/wp-content\/uploads\/sites\/9\/2019\/08\/Aqua-Fitness.jpg-1200x800.jpg\" alt class=\"img-responsive wp-image-944\" srcset=\"https:\/\/www.clemensaugust.de\/erwachsenenklinik\/wp-content\/uploads\/sites\/9\/2019\/08\/Aqua-Fitness.jpg-200x133.jpg 200w, https:\/\/www.clemensaugust.de\/erwachsenenklinik\/wp-content\/uploads\/sites\/9\/2019\/08\/Aqua-Fitness.jpg-400x267.jpg 400w, https:\/\/www.clemensaugust.de\/erwachsenenklinik\/wp-content\/uploads\/sites\/9\/2019\/08\/Aqua-Fitness.jpg-600x400.jpg 600w, https:\/\/www.clemensaugust.de\/erwachsenenklinik\/wp-content\/uploads\/sites\/9\/2019\/08\/Aqua-Fitness.jpg-800x534.jpg 800w, https:\/\/www.clemensaugust.de\/erwachsenenklinik\/wp-content\/uploads\/sites\/9\/2019\/08\/Aqua-Fitness.jpg-1200x800.jpg 1200w, https:\/\/www.clemensaugust.de\/erwachsenenklinik\/wp-content\/uploads\/sites\/9\/2019\/08\/Aqua-Fitness.jpg.jpg 1600w\" sizes=\"(max-width: 800px) 100vw, 400px\" \/><\/a><\/span><\/div><\/div><div class=\"fusion-text fusion-text-5\"><p style=\"text-align: center\"><strong><a href=\"https:\/\/www.clemensaugust.de\/erwachsenenklinik\/physiotherapie\/\">Physiotherapie <span class=\"redlink\">&gt;<\/span><\/a><\/strong><\/p>\n<\/div><div class=\"fusion-clearfix\"><\/div><\/div><\/div><\/div><\/div>\n<\/p>\n","protected":false},"excerpt":{"rendered":"","protected":false},"author":1,"featured_media":0,"parent":0,"menu_order":0,"comment_status":"closed","ping_status":"closed","template":"100-width.php","meta":{"footnotes":"","_links_to":"","_links_to_target":""},"_links":{"self":[{"href":"https:\/\/www.clemensaugust.de\/erwachsenenklinik\/wp-json\/wp\/v2\/pages\/25"}],"collection":[{"href":"https:\/\/www.clemensaugust.de\/erwachsenenklinik\/wp-json\/wp\/v2\/pages"}],"about":[{"href":"https:\/\/www.clemensaugust.de\/erwachsenenklinik\/wp-json\/wp\/v2\/types\/page"}],"author":[{"embeddable":true,"href":"https:\/\/www.clemensaugust.de\/erwachsenenklinik\/wp-json\/wp\/v2\/users\/1"}],"replies":[{"embeddable":true,"href":"https:\/\/www.clemensaugust.de\/erwachsenenklinik\/wp-json\/wp\/v2\/comments?post=25"}],"version-history":[{"count":10,"href":"https:\/\/www.clemensaugust.de\/erwachsenenklinik\/wp-json\/wp\/v2\/pages\/25\/revisions"}],"predecessor-version":[{"id":1795,"href":"https:\/\/www.clemensaugust.de\/erwachsenenklinik\/wp-json\/wp\/v2\/pages\/25\/revisions\/1795"}],"wp:attachment":[{"href":"https:\/\/www.clemensaugust.de\/erwachsenenklinik\/wp-json\/wp\/v2\/media?parent=25"}],"curies":[{"name":"wp","href":"https:\/\/api.w.org\/{rel}","templated":true}]}}