{"id":2,"date":"2018-01-07T11:02:11","date_gmt":"2018-01-07T10:02:11","guid":{"rendered":"http:\/\/www.clemensaugust.de\/franziskus\/?page_id=2"},"modified":"2025-07-24T09:05:58","modified_gmt":"2025-07-24T07:05:58","slug":"beispiel-seite","status":"publish","type":"page","link":"https:\/\/www.clemensaugust.de\/franziskus\/","title":{"rendered":"Willkommen im St. Franziskus-Stift"},"content":{"rendered":"<p><div class=\"fusion-fullwidth fullwidth-box fusion-builder-row-1 mobile-title nonhundred-percent-fullwidth non-hundred-percent-height-scrolling fusion-no-medium-visibility fusion-no-large-visibility\" style=\"--awb-border-radius-top-left:0px;--awb-border-radius-top-right:0px;--awb-border-radius-bottom-right:0px;--awb-border-radius-bottom-left:0px;--awb-flex-wrap:wrap;\" ><div class=\"fusion-builder-row fusion-row\"><div class=\"fusion-layout-column fusion_builder_column fusion-builder-column-0 fusion_builder_column_1_1 1_1 fusion-one-full fusion-column-first fusion-column-last\" style=\"--awb-bg-blend:overlay;--awb-bg-size:cover;\"><div class=\"fusion-column-wrapper fusion-flex-column-wrapper-legacy\"><div class=\"fusion-title title fusion-title-1 fusion-title-text fusion-title-size-one\"><h1 class=\"fusion-title-heading title-heading-left\" style=\"margin:0;\"><div class=\"caption \">\n<div class=\"fusion-title-sc-wrapper\">\n<div class=\"fusion-title title fusion-sep-none fusion-title-center fusion-title-size-two fusion-border-below-title\">\n<p class=\"title-heading-center\" data-inline-fontsize=\"true\" data-inline-lineheight=\"true\" data-fontsize=\"17\" data-lineheight=\"20\">St. Franziskus Stift<\/p>\n<\/div>\n<\/div>\n<\/div>\n<div class=\"heading \">\n<div class=\"fusion-title-sc-wrapper\">\n<div class=\"fusion-title title fusion-sep-none fusion-title-center fusion-title-size-one fusion-border-below-title\">\n<h2 class=\"title-heading-center\" data-inline-fontsize=\"true\" data-inline-lineheight=\"true\" data-fontsize=\"72\" data-lineheight=\"86\"><b style=\"font-size: 16px\">Einrichtung f\u00fcr psychisch kranke und pflegebed\u00fcrftige Menschen<\/b><\/h2>\n<\/div>\n<\/div>\n<\/div><\/h1><span class=\"awb-title-spacer\"><\/span><div class=\"title-sep-container\"><div class=\"title-sep sep-double sep-solid\" style=\"border-color:#e0dede;\"><\/div><\/div><\/div><div class=\"fusion-clearfix\"><\/div><\/div><\/div><\/div><\/div><div class=\"fusion-fullwidth fullwidth-box fusion-builder-row-2 nonhundred-percent-fullwidth non-hundred-percent-height-scrolling\" style=\"--awb-border-radius-top-left:0px;--awb-border-radius-top-right:0px;--awb-border-radius-bottom-right:0px;--awb-border-radius-bottom-left:0px;--awb-flex-wrap:wrap;\" ><div class=\"fusion-builder-row fusion-row\"><div class=\"fusion-layout-column fusion_builder_column fusion-builder-column-1 fusion_builder_column_1_1 1_1 fusion-one-full fusion-column-first fusion-column-last\" style=\"--awb-bg-blend:overlay;--awb-bg-size:cover;--awb-margin-bottom:0px;\"><div class=\"fusion-column-wrapper fusion-flex-column-wrapper-legacy\"><div class=\"fusion-text fusion-text-1\"><h3>Willkommen im St. Franziskus-Stift<\/h3>\n<p><i>\u201eEs ist normal, verschieden zu sein.\u201c So lautet ein wichtiger Leitsatz unserer Einrichtung f\u00fcr psychisch kranke und pflegebed\u00fcrftige Menschen. An ihm richten wir unsere Wohnformen und Therapieangebote aus.<\/i><\/p>\n<p>Das St. Franziskus-Stift ist ein psychiatrisches Wohn- und Pflegeheim. Von einer park\u00e4hnlichen Gartenlandschaft umgeben bietet es seinen Bewohnern Ruhe und Erholung in einer sch\u00f6nen naturnahen Umgebung. Gleichzeitig erm\u00f6glicht ihnen die Lage mitten im Ortszentrum von Steinfeld, am Leben der \u00f6rtlichen Gemeinde teilzuhaben. In den insgesamt sechs Wohnbereichen des St. Franziskus-Stifts finden 120 psychisch kranke und pflegebed\u00fcrftige Menschen ein Zuhause sowie ein umfangreiches Therapieangebot. Es gibt eine Kapelle, eine hauseigene K\u00fcche und eine W\u00e4scherei.<\/p>\n<p>Unser Ziel ist es, Menschen mit psychischen Beeintr\u00e4chtigungen, Mehrfacherkrankungen und erheblichen Verhaltensauff\u00e4lligkeiten zu pflegen, zu betreuen und in ihrer Rehabilitation zu unterst\u00fctzen. Wir setzen uns daf\u00fcr ein, ihnen ein m\u00f6glichst selbstst\u00e4ndiges und selbstbestimmtes Leben zu erm\u00f6glichen \u2013 in W\u00fcrde und im Einklang mit dem Leitbild unserer Einrichtung. Dabei begegnen wir jedem Menschen mit Respekt und Offenheit und akzeptieren ihn mit all seinen St\u00e4rken und Schw\u00e4chen \u2013 so, wie er ist.<\/p>\n<p>Insbesondere geht es uns darum, die vorhandenen Selbstversorgungsf\u00e4higkeiten unserer Bewohner zu erhalten und solche, die verlorengegangen sind, zu reaktivieren. Wir helfen den uns anvertrauten Menschen, sich sowohl in ihrer Umgebung als auch in einem geregelten Tagesablauf zurechtzufinden.<\/p>\n<p>F\u00fcr unsere Bewohner besteht die M\u00f6glichkeit, bis an ihr Lebensende bei uns zu bleiben. So werden auch Menschen aufgenommen, die nicht nur vor\u00fcbergehend seelisch und k\u00f6rperlich beeintr\u00e4chtigt sind. Dieser Personenkreis bedarf zwar nicht mehr einer Behandlung in einer Fachklinik, kann aber nicht alleine leben und ben\u00f6tigt den sch\u00fctzenden Rahmen einer entsprechenden Einrichtung.<\/p>\n<p>Im Bereich Service bieten wir Ihnen eine direkte Kontaktaufnahme zu uns.<\/p>\n<\/div><div class=\"fusion-builder-row fusion-builder-row-inner fusion-row\"><div class=\"fusion-layout-column fusion_builder_column_inner fusion-builder-nested-column-0 fusion_builder_column_inner_1_3 1_3 fusion-one-third fusion-column-first\" style=\"--awb-bg-blend:overlay;--awb-bg-size:cover;width:33.3333333333%;width:calc(33.3333333333% - ( ( 4% + 4% ) * 0.333333333333 ) );margin-right: 4%;\"><div class=\"fusion-column-wrapper fusion-flex-column-wrapper-legacy\"><div class=\"fusion-image-element fusion-image-align-center in-legacy-container\" style=\"text-align:center;--awb-caption-title-font-family:var(--h2_typography-font-family);--awb-caption-title-font-weight:var(--h2_typography-font-weight);--awb-caption-title-font-style:var(--h2_typography-font-style);--awb-caption-title-size:var(--h2_typography-font-size);--awb-caption-title-transform:var(--h2_typography-text-transform);--awb-caption-title-line-height:var(--h2_typography-line-height);--awb-caption-title-letter-spacing:var(--h2_typography-letter-spacing);\"><div class=\"imageframe-align-center\"><span class=\" fusion-imageframe imageframe-none imageframe-1 hover-type-none\"><img decoding=\"async\" width=\"460\" height=\"306\" title=\"Franziskus-Stift Steinfeld\" src=\"http:\/\/clemensaugust.de\/franziskus\/wp-content\/uploads\/sites\/8\/2018\/02\/Kickern-1.jpg-460x306.jpg\" alt class=\"img-responsive wp-image-1031\" srcset=\"https:\/\/www.clemensaugust.de\/franziskus\/wp-content\/uploads\/sites\/8\/2018\/02\/Kickern-1.jpg-200x133.jpg 200w, https:\/\/www.clemensaugust.de\/franziskus\/wp-content\/uploads\/sites\/8\/2018\/02\/Kickern-1.jpg-400x267.jpg 400w, https:\/\/www.clemensaugust.de\/franziskus\/wp-content\/uploads\/sites\/8\/2018\/02\/Kickern-1.jpg-600x400.jpg 600w, https:\/\/www.clemensaugust.de\/franziskus\/wp-content\/uploads\/sites\/8\/2018\/02\/Kickern-1.jpg-800x533.jpg 800w, https:\/\/www.clemensaugust.de\/franziskus\/wp-content\/uploads\/sites\/8\/2018\/02\/Kickern-1.jpg-1200x800.jpg 1200w, https:\/\/www.clemensaugust.de\/franziskus\/wp-content\/uploads\/sites\/8\/2018\/02\/Kickern-1.jpg.jpg 4000w\" sizes=\"(max-width: 800px) 100vw, 400px\" \/><\/span><\/div><\/div><div class=\"fusion-aligncenter\"><a class=\"fusion-button button-flat fusion-button-default-size button-default fusion-button-default button-1 fusion-button-default-span fusion-button-default-type\" target=\"_self\" href=\"https:\/\/www.clemensaugust.de\/franziskus\/psychiatrisches-wohnheim\/\"><span class=\"fusion-button-text\">Psychiatrisches Wohnheim &gt;<\/span><\/a><\/div><div class=\"fusion-clearfix\"><\/div><\/div><\/div><div class=\"fusion-layout-column fusion_builder_column_inner fusion-builder-nested-column-1 fusion_builder_column_inner_1_3 1_3 fusion-one-third\" style=\"--awb-bg-blend:overlay;--awb-bg-size:cover;width:33.3333333333%;width:calc(33.3333333333% - ( ( 4% + 4% ) * 0.333333333333 ) );margin-right: 4%;\"><div class=\"fusion-column-wrapper fusion-flex-column-wrapper-legacy\"><div class=\"fusion-image-element fusion-image-align-center in-legacy-container\" style=\"text-align:center;--awb-caption-title-font-family:var(--h2_typography-font-family);--awb-caption-title-font-weight:var(--h2_typography-font-weight);--awb-caption-title-font-style:var(--h2_typography-font-style);--awb-caption-title-size:var(--h2_typography-font-size);--awb-caption-title-transform:var(--h2_typography-text-transform);--awb-caption-title-line-height:var(--h2_typography-line-height);--awb-caption-title-letter-spacing:var(--h2_typography-letter-spacing);\"><div class=\"imageframe-align-center\"><span class=\" fusion-imageframe imageframe-none imageframe-2 hover-type-none\"><img decoding=\"async\" width=\"460\" height=\"306\" title=\"Franziskus-Stift Steinfeld\" src=\"http:\/\/clemensaugust.de\/franziskus\/wp-content\/uploads\/sites\/8\/2019\/07\/Pflegesituation-3.jpg-460x306.jpg\" alt class=\"img-responsive wp-image-1074\" srcset=\"https:\/\/www.clemensaugust.de\/franziskus\/wp-content\/uploads\/sites\/8\/2019\/07\/Pflegesituation-3.jpg-200x133.jpg 200w, https:\/\/www.clemensaugust.de\/franziskus\/wp-content\/uploads\/sites\/8\/2019\/07\/Pflegesituation-3.jpg-400x267.jpg 400w, https:\/\/www.clemensaugust.de\/franziskus\/wp-content\/uploads\/sites\/8\/2019\/07\/Pflegesituation-3.jpg-600x400.jpg 600w, https:\/\/www.clemensaugust.de\/franziskus\/wp-content\/uploads\/sites\/8\/2019\/07\/Pflegesituation-3.jpg-800x533.jpg 800w, https:\/\/www.clemensaugust.de\/franziskus\/wp-content\/uploads\/sites\/8\/2019\/07\/Pflegesituation-3.jpg-1200x800.jpg 1200w, https:\/\/www.clemensaugust.de\/franziskus\/wp-content\/uploads\/sites\/8\/2019\/07\/Pflegesituation-3.jpg.jpg 4000w\" sizes=\"(max-width: 800px) 100vw, 400px\" \/><\/span><\/div><\/div><div class=\"fusion-aligncenter\"><a class=\"fusion-button button-flat fusion-button-default-size button-default fusion-button-default button-2 fusion-button-default-span fusion-button-default-type\" target=\"_self\" href=\"https:\/\/www.clemensaugust.de\/franziskus\/psychiatrisches-pflegeheim\/\"><span class=\"fusion-button-text\">Psychiatrisches Pflegeheim &gt;<\/span><\/a><\/div><div class=\"fusion-clearfix\"><\/div><\/div><\/div><div class=\"fusion-layout-column fusion_builder_column_inner fusion-builder-nested-column-2 fusion_builder_column_inner_1_3 1_3 fusion-one-third fusion-column-last\" style=\"--awb-bg-blend:overlay;--awb-bg-size:cover;width:33.3333333333%;width:calc(33.3333333333% - ( ( 4% + 4% ) * 0.333333333333 ) );\"><div class=\"fusion-column-wrapper fusion-flex-column-wrapper-legacy\"><div class=\"fusion-image-element fusion-image-align-center in-legacy-container\" style=\"text-align:center;--awb-caption-title-font-family:var(--h2_typography-font-family);--awb-caption-title-font-weight:var(--h2_typography-font-weight);--awb-caption-title-font-style:var(--h2_typography-font-style);--awb-caption-title-size:var(--h2_typography-font-size);--awb-caption-title-transform:var(--h2_typography-text-transform);--awb-caption-title-line-height:var(--h2_typography-line-height);--awb-caption-title-letter-spacing:var(--h2_typography-letter-spacing);\"><div class=\"imageframe-align-center\"><span class=\" fusion-imageframe imageframe-none imageframe-3 hover-type-none\"><img decoding=\"async\" width=\"460\" height=\"306\" title=\"Franziskus-Stift Steinfeld\" src=\"http:\/\/clemensaugust.de\/franziskus\/wp-content\/uploads\/sites\/8\/2019\/07\/Gespr\u00e4chssituation-Sozialdienst.jpg-460x306.jpg\" alt class=\"img-responsive wp-image-1052\" srcset=\"https:\/\/www.clemensaugust.de\/franziskus\/wp-content\/uploads\/sites\/8\/2019\/07\/Gespr\u00e4chssituation-Sozialdienst.jpg-200x133.jpg 200w, https:\/\/www.clemensaugust.de\/franziskus\/wp-content\/uploads\/sites\/8\/2019\/07\/Gespr\u00e4chssituation-Sozialdienst.jpg-400x267.jpg 400w, https:\/\/www.clemensaugust.de\/franziskus\/wp-content\/uploads\/sites\/8\/2019\/07\/Gespr\u00e4chssituation-Sozialdienst.jpg-600x400.jpg 600w, https:\/\/www.clemensaugust.de\/franziskus\/wp-content\/uploads\/sites\/8\/2019\/07\/Gespr\u00e4chssituation-Sozialdienst.jpg-800x533.jpg 800w, https:\/\/www.clemensaugust.de\/franziskus\/wp-content\/uploads\/sites\/8\/2019\/07\/Gespr\u00e4chssituation-Sozialdienst.jpg-1200x800.jpg 1200w, https:\/\/www.clemensaugust.de\/franziskus\/wp-content\/uploads\/sites\/8\/2019\/07\/Gespr\u00e4chssituation-Sozialdienst.jpg.jpg 4000w\" sizes=\"(max-width: 800px) 100vw, 400px\" \/><\/span><\/div><\/div><div class=\"fusion-aligncenter\"><a class=\"fusion-button button-flat fusion-button-default-size button-default fusion-button-default button-3 fusion-button-default-span fusion-button-default-type\" target=\"_self\" href=\"https:\/\/www.clemensaugust.de\/franziskus\/bewohnerorientierte-angebote\/\"><span class=\"fusion-button-text\">Bewohnerorientierte Angebote &gt;<\/span><\/a><\/div><div class=\"fusion-clearfix\"><\/div><\/div><\/div><\/div><div class=\"fusion-sep-clear\"><\/div><div class=\"fusion-separator fusion-full-width-sep\" style=\"margin-left: auto;margin-right: auto;margin-top:55px;margin-bottom:75px;width:100%;\"><div class=\"fusion-separator-border sep-single sep-solid\" style=\"--awb-height:20px;--awb-amount:20px;--awb-sep-color:#fff200;border-color:#fff200;border-top-width:3px;\"><\/div><\/div><div class=\"fusion-sep-clear\"><\/div><div class=\"fusion-clearfix\"><\/div><\/div><\/div><\/div><\/div><\/p>\n","protected":false},"excerpt":{"rendered":"","protected":false},"author":1,"featured_media":0,"parent":0,"menu_order":0,"comment_status":"closed","ping_status":"open","template":"","meta":{"footnotes":"","_links_to":"","_links_to_target":""},"_links":{"self":[{"href":"https:\/\/www.clemensaugust.de\/franziskus\/wp-json\/wp\/v2\/pages\/2"}],"collection":[{"href":"https:\/\/www.clemensaugust.de\/franziskus\/wp-json\/wp\/v2\/pages"}],"about":[{"href":"https:\/\/www.clemensaugust.de\/franziskus\/wp-json\/wp\/v2\/types\/page"}],"author":[{"embeddable":true,"href":"https:\/\/www.clemensaugust.de\/franziskus\/wp-json\/wp\/v2\/users\/1"}],"replies":[{"embeddable":true,"href":"https:\/\/www.clemensaugust.de\/franziskus\/wp-json\/wp\/v2\/comments?post=2"}],"version-history":[{"count":10,"href":"https:\/\/www.clemensaugust.de\/franziskus\/wp-json\/wp\/v2\/pages\/2\/revisions"}],"predecessor-version":[{"id":1486,"href":"https:\/\/www.clemensaugust.de\/franziskus\/wp-json\/wp\/v2\/pages\/2\/revisions\/1486"}],"wp:attachment":[{"href":"https:\/\/www.clemensaugust.de\/franziskus\/wp-json\/wp\/v2\/media?parent=2"}],"curies":[{"name":"wp","href":"https:\/\/api.w.org\/{rel}","templated":true}]}}