{"id":173,"date":"2018-01-13T16:29:34","date_gmt":"2018-01-13T15:29:34","guid":{"rendered":"http:\/\/www.clemensaugust.de\/jugendklinik\/?page_id=173"},"modified":"2018-10-18T22:09:35","modified_gmt":"2018-10-18T20:09:35","slug":"datenschutz","status":"publish","type":"page","link":"https:\/\/www.clemensaugust.de\/jugendklinik\/datenschutz\/","title":{"rendered":"Datenschutz"},"content":{"rendered":"<p><div class=\"fusion-fullwidth fullwidth-box fusion-builder-row-1 nonhundred-percent-fullwidth non-hundred-percent-height-scrolling\" style=\"--awb-border-radius-top-left:0px;--awb-border-radius-top-right:0px;--awb-border-radius-bottom-right:0px;--awb-border-radius-bottom-left:0px;--awb-margin-bottom:100px;--awb-flex-wrap:wrap;\" ><div class=\"fusion-builder-row fusion-row\"><div class=\"fusion-layout-column fusion_builder_column fusion-builder-column-0 fusion_builder_column_1_1 1_1 fusion-one-full fusion-column-first fusion-column-last\" style=\"--awb-bg-size:cover;--awb-margin-bottom:0px;\"><div class=\"fusion-column-wrapper fusion-flex-column-wrapper-legacy\"><div class=\"fusion-text fusion-text-1\"><h2>Datenschutz<\/h2>\n<p>Wir freuen uns \u00fcber Ihren Besuch auf unseren Webseiten. Nachfolgend m\u00f6chten wir Sie \u00fcber den Umgang mit Ihren Daten gem. \u00a7 15 des Gesetzes \u00fcber den Kirchlichen Datenschutz (KDG) informieren.<\/p>\n<p><strong>Verantwortlicher<\/strong><br \/>\nVerantwortlich f\u00fcr die nachfolgend dargestellte Datenerhebung und Verarbeitung ist die im Impressum genannte Stelle.<\/p>\n<p><strong>Speicherung der IP-Adresse<\/strong><br \/>\nWir speichern die von Ihrem Webbrowser \u00fcbermittelte IP-Adresse streng zweckge-bunden f\u00fcr die Dauer von sieben Tagen, in dem Interesse, Angriffe auf unsere Web-seiten erkennen, eingrenzen und beseitigen zu k\u00f6nnen. Nach Ablauf dieser Zeitspanne l\u00f6schen bzw. anonymisieren wir die IP-Adresse. Rechtsgrundlage ist \u00a7 6 Abs. 1 lit. g KDG.<\/p>\n<p><strong>Nutzungsdaten<\/strong><br \/>\nWenn Sie unsere Webseiten besuchen, werden auf unserem Webserver tempor\u00e4r sogenannte Nutzungsdaten zu statistischen Zwecken als Protokoll gespeichert, um die Qualit\u00e4t unserer Webseiten zu verbessern. Dieser Datensatz besteht aus<\/p>\n<ul>\n<li>der Seite, von der aus die Datei angefordert wurde,<\/li>\n<li>der Seite, von der aus die Datei angefordert wurde,<\/li>\n<li>dem Namen der Datei,<\/li>\n<li>dem Datum und der Uhrzeit der Abfrage,<\/li>\n<li>der \u00fcbertragenen Datenmenge,<\/li>\n<li>dem Zugriffsstatus (Datei \u00fcbertragen, Datei nicht gefunden),<\/li>\n<li>der Beschreibung des Typs des verwendeten Webbrowsers,<\/li>\n<li>der IP-Adresse des anfragenden Rechners, die so verk\u00fcrzt wird, dass ein Personenbezug nicht mehr herstellbar ist.<\/li>\n<\/ul>\n<p>Die genannten Protokolldaten werden nur anonymisiert gespeichert.<\/p>\n<p>Auftragsverarbeiter<br \/>\nWir \u00fcbermitteln Ihre Daten im Rahmen einer Auftragsverarbeitung gem. \u00a7 29 KDG an Dienstleister, die uns beim Betrieb unserer Webseiten und der damit zusammenh\u00e4ngenden Prozesse unterst\u00fctzen. Unsere Dienstleister sind uns gegen\u00fcber streng weisungsgebunden und entsprechend vertraglich verpflichtet. Folgende Dienstleister setzen wir ein:<\/p>\n<p>Hosting-Dienstleister:<br \/>\nNeue Medien M\u00fcnnich<br \/>\n&#8211; Inhaber Ren\u00e9 M\u00fcnnich &#8211;<br \/>\nHauptstra\u00dfe 68, D-02742 Friedersdorf<br \/>\nUst-ID: DE212657916<\/p>\n<p>Tel.: +49 35872 353-10<br \/>\nFax: +49 35872 353-30<br \/>\nE-Mail: info@all-inkl.com<br \/>\nWeb: <a href=\"http:\/\/www.all-inkl.com\" target=\"_blank\" rel=\"noopener\">http:\/\/www.all-inkl.com<\/a><\/p>\n<p>Werbeagenturen:<br \/>\nAlex Frison Webdesign<br \/>\nHolunderweg 7, 49401 Damme<br \/>\nTel.: +49 5491 977311<br \/>\nFax: +49 5491 977312<br \/>\nE-Mail: info@alexfrison.com<br \/>\nWeb: <a href=\"http:\/\/www.alexfrison.com\" target=\"_blank\" rel=\"noopener\">http:\/\/www.alexfrison.com<\/a><\/p>\n<p><strong>Cookies<\/strong><br \/>\nAuf unseren Webseiten nutzen wir Cookies. Cookies sind kleine Textdateien, die auf Ihrem Endger\u00e4t gespeichert und ausgelesen werden k\u00f6nnen. Man unterscheidet zwischen Session-Cookies, die wieder gel\u00f6scht werden, sobald Sie ihren Browser schlie\u00dfen und permanenten Cookies, die \u00fcber die einzelne Sitzung hinaus gespeichert werden. Cookies k\u00f6nnen Daten enthalten, die eine Wiedererkennung des genutzten Ger\u00e4ts m\u00f6glich machen. Teilweise enthalten Cookies aber auch lediglich Informationen zu bestimmten Einstellungen, die nicht personenbeziehbar sind.<br \/>\nWir nutzen auf unseren Webseiten nur Session-Cookies. Die Verarbeitung erfolgt auf Grundlage von \u00a7 6 Abs. 1 lit. g KDG und in dem Interesse die Benutzerf\u00fchrung zu optimieren bzw. zu erm\u00f6glichen und die Darstellung unserer Webseite anzupassen.<br \/>\nSie k\u00f6nnen Ihren Browser so einstellen, dass er Sie \u00fcber die Platzierung von Cookies informiert. So wird der Gebrauch von Cookies f\u00fcr Sie transparent. Sie k\u00f6nnen Cookies zudem jederzeit \u00fcber die entsprechende Browsereinstellung l\u00f6schen und das Setzen neuer Cookies verhindern. Bitte beachten Sie, dass unsere Webseiten dann ggf. nicht optimal angezeigt werden und einige Funktionen technisch nicht mehr zur Verf\u00fcgung stehen.<\/p>\n<p><strong>Youtube<\/strong><\/p>\n<p>Auf einigen Unterseiten unseres Webauftritts betten wir YouTube-Videos ein. YouTube wird betrieben von YouTube LLC mit Hauptgesch\u00e4ftssitz in 901 Cherry Avenue, San Bruno, CA 94066, USA.<\/p>\n<p>YouTube wird vertreten durch Google Inc. mit Sitz in 1600 Amphitheatre Parkway, Mountain View, CA 94043, USA. Ein Aufruf unserer Unterseiten, die eingebettete Youtube-Videos enthalten, f\u00fchrt dazu, dass Inhalte von YouTube nachgeladen werden. In diesem Rahmen erh\u00e4lt YouTube auch Ihre IP-Adresse, die technisch zum Abruf der Inhalte erforderlich ist. Die Datenverarbeitung erfolgt auf Grundlage von \u00a7 6 Abs. 1 lit. g KDG in dem Interesse, unser Webangebot m\u00f6glichst optimal f\u00fcr Sie zu gestalten.Zweck und Umfang der Datenerhebung und die weitere Verarbeitung und Nutzung der Daten durch YouTube sowie Ihre diesbez\u00fcglichen Rechte und Einstellungsm\u00f6glichkeiten zum Schutz Ihrer Privatsph\u00e4re entnehmen Sie bitte den Datenschutzhinweisen von YouTube: www.google.de\/intl\/de\/policies\/privacy\/ Wir haben auf die weitere Verarbeitung durch YouTube grunds\u00e4tzlich keinen Einfluss. Allerdings haben wir bei der Einbettung der Videos darauf geachtet, den von YouTube angeboten erweiterten Datenschutzmodus zu aktivieren.<\/p>\n<p><strong>Google Maps<\/strong><\/p>\n<p>Wir nutzen Google Maps zur Darstellung von Karten und zur Erstellung von Anfahrtspl\u00e4nen. Google Maps wird von der Google LLC, 1600 Amphitheatre Parkway, Mountain View, CA 94043, USA betrieben.<\/p>\n<p>Sofern Sie die Karte von Google Maps nutzen, z.B. durch Anklicken unserer dort aufgef\u00fchrten Standorte, erfassen wir von Ihnen keinerlei Daten. Durch die Nutzung von Google Maps k\u00f6nnen nach unserer Kenntnis jedoch Informationen \u00fcber Ihre Benutzung (insbesondere die IP-Adresse Ihres Rechners) an einen Server der Google LLC in den USA \u00fcbertragen und dort gespeichert werden. Die Verarbeitung personenbezogener Daten unter Verwendung technisch notwendiger Cookies und Ihrer IP-Adresse basiert auf der Rechtsgrundlage von \u00a7 6 Abs. 1 lit. g KDG in dem Interesse, unser Webangebot m\u00f6glichst optimal f\u00fcr Sie zu gestalten. Auf die Weiterverarbeitung von Daten durch die Google LLC haben wir keinen Einfluss.<br \/>\nBitte lesen Sie auch die Nutzungsbestimmungen von Google Maps, sofern Sie den Service nutzen m\u00f6chten. Die Nutzungsbedingungen f\u00fcr Google Maps finden Sie unter: http:\/\/www.google.com\/intl\/de_de\/help\/terms_maps.html.<br \/>\nAusf\u00fchrliche Informationen zu den Datenschutzbestimmungen von Google finden Sie zudem unter: http:\/\/www.google.de\/intl\/de\/policies\/privacy\/.<br \/>\nFalls Sie nicht mit der Datenverarbeitung durch die Google LLC einverstanden sind, verzichten Sie bitte auf eine Nutzung der Karte oder deaktivieren Sie die Java-Script Funktion in Ihrem Browser, um eine nur eingeschr\u00e4nkte Ansicht zu erhalten.<\/p>\n<p><strong>Kontaktformular<\/strong><br \/>\nSie haben die M\u00f6glichkeit, mit uns \u00fcber ein gesichertes Webformular in Kontakt zu treten. Zur Nutzung unseres Kontaktformulars ben\u00f6tigen wir Ihren Namen und Ihre E-Mail-Adresse. Weitere Angaben k\u00f6nnen Sie mitteilen, m\u00fcssen dies jedoch nicht.<br \/>\nAngaben, die Sie uns im Rahmen der Kontaktaufnahme mitteilen, verwenden wir auf Grundlage von \u00a7 6 Abs. 1 lit. c KDG \u00a7 6 Abs. 1 lit. g KDG in dem Interesse, Ihre Anfrage m\u00f6glichst unkompliziert, zeitnah und kundengerecht zu beantworten.<br \/>\nIhre Daten werden nur zur Beantwortung Ihrer Anfrage verarbeitet und nach einem Zeitraum von bitte einf\u00fcgen gel\u00f6scht. Eine Weitergabe an Dritte erfolgt nicht.<\/p>\n<p><strong>Eingebettete Vimeo-Videos<\/strong><br \/>\nWir nutzen f\u00fcr die Einbindung von Videos u.a. den Anbieter Vimeo. Vimeo wird betrieben von Vimeo, LLC mit Hauptsitz in 555 West 18th Street, New York, New York 10011.<\/p>\n<p>Wenn Sie die mit einem solchen Plugin versehenen Internetseiten unserer Internetpr\u00e4senz aufrufen, wird eine Verbindung zu den Vimeo-Servern hergestellt und dabei das Plugin dargestellt. Hierdurch wird an den Vimeo-Server \u00fcbermittelt, welche unserer Internetseiten Sie besucht haben. Sind Sie dabei als Mitglied bei Vimeo eingeloggt, ordnet Vimeo diese Information Ihrem pers\u00f6nlichen Benutzerkonto zu. Bei Nutzung des Plugins wie z.B. Anklicken des Start-Buttons eines Videos wird diese Information ebenfalls Ihrem Benutzerkonto zugeordnet. Sie k\u00f6nnen diese Zuordnung verhindern, indem Sie sich vor der Nutzung unserer Internetseite aus ihrem Vimeo-Benutzerkonto abmelden und die entsprechenden Cookies von Vimeo l\u00f6schen. Selbst dann, wenn Sie zuvor eine Vimeo-Seite besucht haben, sich aber abgemeldet oder nie angemeldet haben, ist es m\u00f6glich, dass Vimeo durch den jetzigen Aufruf des auf unseren Seiten eingebundenen Videos Daten erfasst und miteinander \u00fcber Tracking verbindet. Dabei nutzt Vimeo nach eigener Aussage auch Tracking-Tools wie Google Analytics.<\/p>\n<p>Zweck und Umfang der Datenerhebung und die weitere Verarbeitung und Nutzung der Daten durch Vimeo sowie Ihre diesbez\u00fcglichen Rechte und Einstellungsm\u00f6glichkeiten zum Schutz Ihrer Privatsph\u00e4re entnehmen Sie bitte den Datenschutzhinweisen von Vimeo: <a href=\"https:\/\/vimeo.com\/privacy\" target=\"_blank\" rel=\"noopener\">https:\/\/vimeo.com\/privacy<\/a><br \/>\nDie Datenverarbeitung erfolgt auf Grundlage von \u00a7 6 Abs. 1 lit. b KDG nur mit Ihrer Einwilligung. Sie k\u00f6nnen Ihre Einwilligung jederzeit mit Wirkung f\u00fcr die Zukunft widerrufen. Klicken Sie dazu hier.<\/p>\n<p><strong>Datensicherheit<\/strong><br \/>\nUm Ihre Daten vor unerw\u00fcnschten Zugriffen m\u00f6glichst umfassend zu sch\u00fctzen, treffen wir technische und organisatorische Ma\u00dfnahmen. Wir setzen auf unseren Seiten ein Verschl\u00fcsselungsverfahren ein. Ihre Angaben werden von Ihrem Rechner zu unserem Server und umgekehrt \u00fcber das Internet mittels einer TLS-1.2-Verschl\u00fcsselung \u00fcbertragen. Sie erkennen dies daran, dass in der Statusleiste Ihres Browsers das Schloss-Symbol geschlossen ist und die Adresszeile mit https:\/\/ beginnt.<\/p>\n<p><strong>Ihre Rechte als Nutzer<\/strong><br \/>\nBei Verarbeitung Ihrer personenbezogenen Daten gew\u00e4hrt das Gesetz \u00fcber den Kirchlichen Datenschutz Ihnen als Webseitennutzer bestimmte Rechte:<\/p>\n<p>1. Auskunftsrecht (\u00a7 17 KDG):<br \/>\nSie haben das Recht eine Best\u00e4tigung dar\u00fcber zu verlangen, ob sie betreffende personenbezogene Daten verarbeitet werden; ist dies der Fall, so haben Sie ein Recht auf Auskunft \u00fcber diese personenbezogenen Daten und auf die in \u00a7 17 KDG im einzelnen aufgef\u00fchrten Informationen.<\/p>\n<p>2. Recht auf Berichtigung und L\u00f6schung (\u00a7\u00a7 18 und 19 KDG):<br \/>\nSie haben das Recht, unverz\u00fcglich die Berichtigung sie betreffender unrichtiger personenbezogener Daten und ggf. die Vervollst\u00e4ndigung unvollst\u00e4ndiger personenbezogener Daten zu verlangen.<br \/>\nSie haben zudem das Recht, zu verlangen, dass sie betreffende personenbezogene Daten unverz\u00fcglich gel\u00f6scht werden, sofern einer der in \u00a7 19 KDG im einzelnen aufgef\u00fchrten Gr\u00fcnde zutrifft, z. B. wenn die Daten f\u00fcr die verfolgten Zwecke nicht mehr ben\u00f6tigt werden.<\/p>\n<p>3. Recht auf Einschr\u00e4nkung der Verarbeitung (\u00a7 20 KDG):<br \/>\nSie haben das Recht, die Einschr\u00e4nkung der Verarbeitung zu verlangen, wenn eine der in \u00a7 20 KDG aufgef\u00fchrten Voraussetzungen gegeben ist, z.B. wenn Sie Wi-derspruch gem\u00e4\u00df \u00a7 23 KDG gegen die Verarbeitung eingelegt haben oder f\u00fcr die Dauer einer etwaigen Pr\u00fcfung, ob unsere berechtigten Interessen gegen\u00fcber Ihren Interessen als betroffene Person \u00fcberwiegen.<\/p>\n<p>4. Recht auf Daten\u00fcbertragbarkeit (\u00a7 22 KDG):<br \/>\nIn bestimmten F\u00e4llen, die in \u00a7 22 KDG im Einzelnen aufgef\u00fchrt werden, haben Sie das Recht, die sie betreffenden personenbezogenen Daten in einem strukturierten, g\u00e4ngigen und maschinenlesbaren Format zu erhalten bzw. die \u00dcbermittlung dieser Daten an einen Dritten zu verlangen.<\/p>\n<p><strong>5. Widerspruchsrecht (\u00a7 23 KDG):<\/strong><br \/>\n<strong>Werden Daten auf Grundlage von \u00a7 6 Abs. 1 lit. f KDG (Datenverarbeitung zur Wahrnehmung einer Aufgabe, die im kirchlichen Interesse liegt oder in Aus\u00fcbung \u00f6ffentlicher Gewalt) oder auf Grundlage von \u00a7 6 Abs. 1 lit. g KDG (Datenverarbeitung zur Wahrung der berechtigten Interessen des Verantwortlichen oder eines Dritten) erhoben, steht Ihnen das Recht zu, aus Gr\u00fcnden, die sich aus Ihrer besonderen Situation ergeben, jederzeit gegen die Verarbeitung Widerspruch einzulegen. <\/strong><br \/>\n<strong>Wir verarbeiten die personenbezogenen Daten dann nicht mehr, es sei denn, es liegen nachweisbar zwingende schutzw\u00fcrdige Gr\u00fcnde f\u00fcr die Verarbeitung vor, die gegen\u00fcber Ihren Interessen, Rechten und Freiheiten \u00fcberwiegen, oder die Verarbeitung dient der Geltendmachung, Aus\u00fcbung oder Verteidigung von Rechtsanspr\u00fcchen.<\/strong><br \/>\n<strong>Den vorstehenden Absatz in Fettdruck einf\u00fcgen!<\/strong><\/p>\n<p>6. Beschwerderecht bei einer Aufsichtsbeh\u00f6rde<br \/>\nSie haben gem. \u00a7 48 KDG das Recht auf Beschwerde bei einer Aufsichtsbeh\u00f6rde, wenn Sie der Ansicht sind, dass die Verarbeitung der Sie betreffenden Daten gegen datenschutzrechtliche Bestimmungen verst\u00f6\u00dft. Das Beschwerderecht kann insbesondere bei einer Aufsichtsbeh\u00f6rde in dem Mitgliedstaat Ihres Aufenthaltsorts, Ihres Arbeitsplatzes oder des Orts des mutma\u00dflichen Versto\u00dfes geltend gemacht werden.<br \/>\nKontaktdaten des Datenschutzbeauftragten<br \/>\nUnser betrieblicher Datenschutzbeauftragter steht Ihnen gerne f\u00fcr Ausk\u00fcnfte oder Anregungen zum Thema Datenschutz zur Verf\u00fcgung:<\/p>\n<p>Dr. Uwe Schl\u00e4ger<br \/>\ndatenschutz nord GmbH<br \/>\nKonsul-Smidt-Stra\u00dfe 88<br \/>\n28217 Bremen<br \/>\n<a href=\"mailto:kirche@datenschutz-nord.de\">kirche@datenschutz-nord.de<\/a><\/p>\n<\/div><div class=\"fusion-clearfix\"><\/div><\/div><\/div><\/div><\/div><div class=\"fusion-fullwidth fullwidth-box fusion-builder-row-2 content-bottom nonhundred-percent-fullwidth non-hundred-percent-height-scrolling\" style=\"--awb-border-radius-top-left:0px;--awb-border-radius-top-right:0px;--awb-border-radius-bottom-right:0px;--awb-border-radius-bottom-left:0px;--awb-padding-top:60px;--awb-padding-bottom:20px;--awb-background-color:#efefef;--awb-flex-wrap:wrap;\" ><div class=\"fusion-builder-row fusion-row\"><div class=\"fusion-layout-column fusion_builder_column fusion-builder-column-1 fusion_builder_column_1_4 1_4 fusion-one-fourth fusion-column-first\" style=\"--awb-bg-size:cover;width:25%;width:calc(25% - ( ( 4% + 4% + 4% ) * 0.25 ) );margin-right: 4%;\"><div class=\"fusion-column-wrapper fusion-flex-column-wrapper-legacy\"><div class=\"fusion-image-element fusion-image-align-center in-legacy-container\" style=\"text-align:center;--awb-caption-title-font-family:var(--h2_typography-font-family);--awb-caption-title-font-weight:var(--h2_typography-font-weight);--awb-caption-title-font-style:var(--h2_typography-font-style);--awb-caption-title-size:var(--h2_typography-font-size);--awb-caption-title-transform:var(--h2_typography-text-transform);--awb-caption-title-line-height:var(--h2_typography-line-height);--awb-caption-title-letter-spacing:var(--h2_typography-letter-spacing);\"><div class=\"imageframe-align-center\"><span class=\" fusion-imageframe imageframe-none imageframe-1 hover-type-none\"><a class=\"fusion-no-lightbox\" href=\"http:\/\/clemensaugust.de\/jugendklinik\/unsere-klinik-im-film\/\" target=\"_self\" aria-label=\"Klinik-im-Film-header\"><img decoding=\"async\" width=\"300\" height=\"175\" src=\"http:\/\/clemensaugust.de\/jugendklinik\/wp-content\/uploads\/sites\/2\/2018\/02\/Klinik-im-Film-header-1-300x175.jpg\" alt class=\"img-responsive wp-image-479\" srcset=\"https:\/\/www.clemensaugust.de\/jugendklinik\/wp-content\/uploads\/sites\/2\/2018\/02\/Klinik-im-Film-header-1-200x117.jpg 200w, https:\/\/www.clemensaugust.de\/jugendklinik\/wp-content\/uploads\/sites\/2\/2018\/02\/Klinik-im-Film-header-1-400x233.jpg 400w, https:\/\/www.clemensaugust.de\/jugendklinik\/wp-content\/uploads\/sites\/2\/2018\/02\/Klinik-im-Film-header-1-600x350.jpg 600w, https:\/\/www.clemensaugust.de\/jugendklinik\/wp-content\/uploads\/sites\/2\/2018\/02\/Klinik-im-Film-header-1-800x467.jpg 800w, https:\/\/www.clemensaugust.de\/jugendklinik\/wp-content\/uploads\/sites\/2\/2018\/02\/Klinik-im-Film-header-1-1200x700.jpg 1200w, https:\/\/www.clemensaugust.de\/jugendklinik\/wp-content\/uploads\/sites\/2\/2018\/02\/Klinik-im-Film-header-1.jpg 1920w\" sizes=\"(max-width: 800px) 100vw, 400px\" \/><\/a><\/span><\/div><\/div><div class=\"fusion-text fusion-text-2\"><p style=\"text-align: center;\"><strong><a href=\"http:\/\/clemensaugust.de\/jugendklinik\/unsere-klinik-im-film\/\">Unsere Klinik im Film <span class=\"redlink\">&gt;<\/span><\/a><\/strong><\/p>\n<\/div><div class=\"fusion-clearfix\"><\/div><\/div><\/div><div class=\"fusion-layout-column fusion_builder_column fusion-builder-column-2 fusion_builder_column_1_4 1_4 fusion-one-fourth\" style=\"--awb-bg-size:cover;width:25%;width:calc(25% - ( ( 4% + 4% + 4% ) * 0.25 ) );margin-right: 4%;\"><div class=\"fusion-column-wrapper fusion-flex-column-wrapper-legacy\"><div class=\"fusion-image-element fusion-image-align-center in-legacy-container\" style=\"text-align:center;--awb-caption-title-font-family:var(--h2_typography-font-family);--awb-caption-title-font-weight:var(--h2_typography-font-weight);--awb-caption-title-font-style:var(--h2_typography-font-style);--awb-caption-title-size:var(--h2_typography-font-size);--awb-caption-title-transform:var(--h2_typography-text-transform);--awb-caption-title-line-height:var(--h2_typography-line-height);--awb-caption-title-letter-spacing:var(--h2_typography-letter-spacing);\"><div class=\"imageframe-align-center\"><span class=\" fusion-imageframe imageframe-none imageframe-2 hover-type-none\"><a class=\"fusion-no-lightbox\" href=\"http:\/\/clemensaugust.de\/jugendklinik\/sozialdienst\/\" target=\"_self\" aria-label=\"sozialdienst\"><img decoding=\"async\" width=\"300\" height=\"175\" src=\"http:\/\/clemensaugust.de\/jugendklinik\/wp-content\/uploads\/sites\/2\/2018\/02\/sozialdienst-300x175.jpg\" alt class=\"img-responsive wp-image-282\" srcset=\"https:\/\/www.clemensaugust.de\/jugendklinik\/wp-content\/uploads\/sites\/2\/2018\/02\/sozialdienst-200x117.jpg 200w, https:\/\/www.clemensaugust.de\/jugendklinik\/wp-content\/uploads\/sites\/2\/2018\/02\/sozialdienst-400x233.jpg 400w, https:\/\/www.clemensaugust.de\/jugendklinik\/wp-content\/uploads\/sites\/2\/2018\/02\/sozialdienst-600x350.jpg 600w, https:\/\/www.clemensaugust.de\/jugendklinik\/wp-content\/uploads\/sites\/2\/2018\/02\/sozialdienst-800x467.jpg 800w, https:\/\/www.clemensaugust.de\/jugendklinik\/wp-content\/uploads\/sites\/2\/2018\/02\/sozialdienst-1200x700.jpg 1200w, https:\/\/www.clemensaugust.de\/jugendklinik\/wp-content\/uploads\/sites\/2\/2018\/02\/sozialdienst.jpg 1920w\" sizes=\"(max-width: 800px) 100vw, 400px\" \/><\/a><\/span><\/div><\/div><div class=\"fusion-text fusion-text-3\"><p style=\"text-align: center;\"><strong><a href=\"http:\/\/clemensaugust.de\/jugendklinik\/sozialdienst\/\">Der Sozialdienst <span class=\"redlink\">&gt;<\/span><\/a><\/strong><\/p>\n<\/div><div class=\"fusion-clearfix\"><\/div><\/div><\/div><div class=\"fusion-layout-column fusion_builder_column fusion-builder-column-3 fusion_builder_column_1_4 1_4 fusion-one-fourth\" style=\"--awb-bg-size:cover;width:25%;width:calc(25% - ( ( 4% + 4% + 4% ) * 0.25 ) );margin-right: 4%;\"><div class=\"fusion-column-wrapper fusion-flex-column-wrapper-legacy\"><div class=\"fusion-image-element fusion-image-align-center in-legacy-container\" style=\"text-align:center;--awb-caption-title-font-family:var(--h2_typography-font-family);--awb-caption-title-font-weight:var(--h2_typography-font-weight);--awb-caption-title-font-style:var(--h2_typography-font-style);--awb-caption-title-size:var(--h2_typography-font-size);--awb-caption-title-transform:var(--h2_typography-text-transform);--awb-caption-title-line-height:var(--h2_typography-line-height);--awb-caption-title-letter-spacing:var(--h2_typography-letter-spacing);\"><div class=\"imageframe-align-center\"><span class=\" fusion-imageframe imageframe-none imageframe-3 hover-type-none\"><a class=\"fusion-no-lightbox\" href=\"http:\/\/clemensaugust.de\/jugendklinik\/schule\/\" target=\"_self\" aria-label=\"unsere-schule\"><img decoding=\"async\" width=\"600\" height=\"350\" src=\"http:\/\/clemensaugust.de\/jugendklinik\/wp-content\/uploads\/sites\/2\/2018\/01\/unsere-schule-600x350.jpg\" alt class=\"img-responsive wp-image-158\" srcset=\"https:\/\/www.clemensaugust.de\/jugendklinik\/wp-content\/uploads\/sites\/2\/2018\/01\/unsere-schule-200x117.jpg 200w, https:\/\/www.clemensaugust.de\/jugendklinik\/wp-content\/uploads\/sites\/2\/2018\/01\/unsere-schule-400x233.jpg 400w, https:\/\/www.clemensaugust.de\/jugendklinik\/wp-content\/uploads\/sites\/2\/2018\/01\/unsere-schule-600x350.jpg 600w, https:\/\/www.clemensaugust.de\/jugendklinik\/wp-content\/uploads\/sites\/2\/2018\/01\/unsere-schule-800x467.jpg 800w, https:\/\/www.clemensaugust.de\/jugendklinik\/wp-content\/uploads\/sites\/2\/2018\/01\/unsere-schule-1200x700.jpg 1200w, https:\/\/www.clemensaugust.de\/jugendklinik\/wp-content\/uploads\/sites\/2\/2018\/01\/unsere-schule.jpg 1920w\" sizes=\"(max-width: 800px) 100vw, 400px\" \/><\/a><\/span><\/div><\/div><div class=\"fusion-text fusion-text-4\"><p style=\"text-align: center;\"><strong><a href=\"http:\/\/clemensaugust.de\/jugendklinik\/schule\/\">Unsere Schule <span class=\"redlink\">&gt;<\/span><\/a><\/strong><\/p>\n<\/div><div class=\"fusion-clearfix\"><\/div><\/div><\/div><div class=\"fusion-layout-column fusion_builder_column fusion-builder-column-4 fusion_builder_column_1_4 1_4 fusion-one-fourth fusion-column-last\" style=\"--awb-bg-size:cover;width:25%;width:calc(25% - ( ( 4% + 4% + 4% ) * 0.25 ) );\"><div class=\"fusion-column-wrapper fusion-flex-column-wrapper-legacy\"><div class=\"fusion-image-element fusion-image-align-center in-legacy-container\" style=\"text-align:center;--awb-caption-title-font-family:var(--h2_typography-font-family);--awb-caption-title-font-weight:var(--h2_typography-font-weight);--awb-caption-title-font-style:var(--h2_typography-font-style);--awb-caption-title-size:var(--h2_typography-font-size);--awb-caption-title-transform:var(--h2_typography-text-transform);--awb-caption-title-line-height:var(--h2_typography-line-height);--awb-caption-title-letter-spacing:var(--h2_typography-letter-spacing);\"><div class=\"imageframe-align-center\"><span class=\" fusion-imageframe imageframe-none imageframe-4 hover-type-none\"><a class=\"fusion-no-lightbox\" href=\"http:\/\/clemensaugust.de\/jugendklinik\/stationsleben\/\" target=\"_self\" aria-label=\"stationsleben\"><img decoding=\"async\" width=\"400\" height=\"233\" src=\"http:\/\/clemensaugust.de\/jugendklinik\/wp-content\/uploads\/sites\/2\/2018\/01\/stationsleben-400x233.jpg\" alt class=\"img-responsive wp-image-157\" srcset=\"https:\/\/www.clemensaugust.de\/jugendklinik\/wp-content\/uploads\/sites\/2\/2018\/01\/stationsleben-200x117.jpg 200w, https:\/\/www.clemensaugust.de\/jugendklinik\/wp-content\/uploads\/sites\/2\/2018\/01\/stationsleben-400x233.jpg 400w, https:\/\/www.clemensaugust.de\/jugendklinik\/wp-content\/uploads\/sites\/2\/2018\/01\/stationsleben-600x350.jpg 600w, https:\/\/www.clemensaugust.de\/jugendklinik\/wp-content\/uploads\/sites\/2\/2018\/01\/stationsleben-800x467.jpg 800w, https:\/\/www.clemensaugust.de\/jugendklinik\/wp-content\/uploads\/sites\/2\/2018\/01\/stationsleben-1200x700.jpg 1200w, https:\/\/www.clemensaugust.de\/jugendklinik\/wp-content\/uploads\/sites\/2\/2018\/01\/stationsleben.jpg 1920w\" sizes=\"(max-width: 800px) 100vw, 400px\" \/><\/a><\/span><\/div><\/div><div class=\"fusion-text fusion-text-5\"><p style=\"text-align: center;\"><strong><a href=\"http:\/\/clemensaugust.de\/jugendklinik\/stationsleben\/\">Das Stationsleben <span class=\"redlink\">&gt;<\/span><\/a><\/strong><\/p>\n<\/div><div class=\"fusion-clearfix\"><\/div><\/div><\/div><\/div><\/div><\/p>\n","protected":false},"excerpt":{"rendered":"","protected":false},"author":1,"featured_media":0,"parent":0,"menu_order":0,"comment_status":"closed","ping_status":"closed","template":"100-width.php","meta":{"footnotes":"","_links_to":"","_links_to_target":""},"_links":{"self":[{"href":"https:\/\/www.clemensaugust.de\/jugendklinik\/wp-json\/wp\/v2\/pages\/173"}],"collection":[{"href":"https:\/\/www.clemensaugust.de\/jugendklinik\/wp-json\/wp\/v2\/pages"}],"about":[{"href":"https:\/\/www.clemensaugust.de\/jugendklinik\/wp-json\/wp\/v2\/types\/page"}],"author":[{"embeddable":true,"href":"https:\/\/www.clemensaugust.de\/jugendklinik\/wp-json\/wp\/v2\/users\/1"}],"replies":[{"embeddable":true,"href":"https:\/\/www.clemensaugust.de\/jugendklinik\/wp-json\/wp\/v2\/comments?post=173"}],"version-history":[{"count":10,"href":"https:\/\/www.clemensaugust.de\/jugendklinik\/wp-json\/wp\/v2\/pages\/173\/revisions"}],"predecessor-version":[{"id":866,"href":"https:\/\/www.clemensaugust.de\/jugendklinik\/wp-json\/wp\/v2\/pages\/173\/revisions\/866"}],"wp:attachment":[{"href":"https:\/\/www.clemensaugust.de\/jugendklinik\/wp-json\/wp\/v2\/media?parent=173"}],"curies":[{"name":"wp","href":"https:\/\/api.w.org\/{rel}","templated":true}]}}