{"id":31,"date":"2018-01-07T14:11:59","date_gmt":"2018-01-07T13:11:59","guid":{"rendered":"http:\/\/www.clemensaugust.de\/jugendklinik\/?page_id=31"},"modified":"2020-09-18T02:31:22","modified_gmt":"2020-09-18T00:31:22","slug":"medizinische-therapie","status":"publish","type":"page","link":"https:\/\/www.clemensaugust.de\/jugendklinik\/medizinische-therapie\/","title":{"rendered":"Medizinische Therapie"},"content":{"rendered":"<p><div class=\"fusion-fullwidth fullwidth-box fusion-builder-row-1 nonhundred-percent-fullwidth non-hundred-percent-height-scrolling\" style=\"--awb-border-radius-top-left:0px;--awb-border-radius-top-right:0px;--awb-border-radius-bottom-right:0px;--awb-border-radius-bottom-left:0px;--awb-margin-bottom:100px;--awb-flex-wrap:wrap;\" ><div class=\"fusion-builder-row fusion-row\"><div class=\"fusion-layout-column fusion_builder_column fusion-builder-column-0 fusion_builder_column_1_1 1_1 fusion-one-full fusion-column-first fusion-column-last\" style=\"--awb-bg-size:cover;--awb-margin-bottom:0px;\"><div class=\"fusion-column-wrapper fusion-flex-column-wrapper-legacy\"><div class=\"fusion-text fusion-text-1\"><h2>Den Patienten ganzheitlich betrachten<\/h2>\n<p>F\u00fchlt sich der K\u00f6rper nicht wohl, tut dies die Seele meist auch nicht \u2013 und umgekehrt. So kann eine unbehandelte Schilddr\u00fcsen\u00fcberfunktion ein Kind oder einen Jugendlichen sehr unruhig und unausgeglichen werden lassen, chronische Krankheiten k\u00f6nnen zum sozialen R\u00fcckzug f\u00fchren und seelische N\u00f6te sich in psychosomatischen Beschwerden \u00e4u\u00dfern. Deshalb werden unsere jungen Patientinnen und Patienten auch medizinisch gr\u00fcndlich untersucht. So k\u00f6nnen wir Wechselwirkungen zwischen k\u00f6rperlichen und psychischen Beschwerden erkennen und beides gleichzeitig behandeln. Dadurch erh\u00f6hen sich in vielen F\u00e4llen die Heilungschancen deutlich.<\/p>\n<p>Bei der medizinischen Diagnostik wird die Vorgeschichte des Kindes oder des Jugendlichen ausf\u00fchrlich besprochen. Dazu z\u00e4hlen der Verlauf von Schwangerschaft und Geburt, die individuelle Entwicklung, die aktuellen Lebensumst\u00e4nde sowie Erkrankungen und Unf\u00e4lle. Darauf folgt eine eingehende k\u00f6rperliche Untersuchung, zu der auch eine kinder- und jugendneurologische Untersuchung geh\u00f6rt. Sollte es notwendig sein, werden weitere Spezialuntersuchungen wie Laboruntersuchungen, EKG, EEG, R\u00f6ntgen, augen\u00e4rztliche, HNO-\u00e4rztliche oder andere fach\u00e4rztliche Untersuchungen durchgef\u00fchrt. Die medizinische Diagnostik und die m\u00f6glicherweise erforderliche Behandlung werden fach\u00e4rztlich begleitet.<\/p>\n<\/div><div class=\"fusion-clearfix\"><\/div><\/div><\/div><\/div><\/div><div class=\"fusion-fullwidth fullwidth-box fusion-builder-row-2 content-bottom nonhundred-percent-fullwidth non-hundred-percent-height-scrolling\" style=\"--awb-border-radius-top-left:0px;--awb-border-radius-top-right:0px;--awb-border-radius-bottom-right:0px;--awb-border-radius-bottom-left:0px;--awb-padding-top:60px;--awb-padding-bottom:20px;--awb-background-color:#efefef;--awb-flex-wrap:wrap;\" ><div class=\"fusion-builder-row fusion-row\"><div class=\"fusion-layout-column fusion_builder_column fusion-builder-column-1 fusion_builder_column_1_4 1_4 fusion-one-fourth fusion-column-first\" style=\"--awb-bg-size:cover;width:25%;width:calc(25% - ( ( 4% + 4% + 4% ) * 0.25 ) );margin-right: 4%;\"><div class=\"fusion-column-wrapper fusion-flex-column-wrapper-legacy\"><div class=\"fusion-image-element fusion-image-align-center in-legacy-container\" style=\"text-align:center;--awb-caption-title-font-family:var(--h2_typography-font-family);--awb-caption-title-font-weight:var(--h2_typography-font-weight);--awb-caption-title-font-style:var(--h2_typography-font-style);--awb-caption-title-size:var(--h2_typography-font-size);--awb-caption-title-transform:var(--h2_typography-text-transform);--awb-caption-title-line-height:var(--h2_typography-line-height);--awb-caption-title-letter-spacing:var(--h2_typography-letter-spacing);\"><div class=\"imageframe-align-center\"><span class=\" fusion-imageframe imageframe-none imageframe-1 hover-type-none\"><a class=\"fusion-no-lightbox\" href=\"https:\/\/www.clemensaugust.de\/jugendklinik\/ergotherapie\/\" target=\"_self\" aria-label=\"ergotherapie-2\"><img decoding=\"async\" width=\"300\" height=\"175\" src=\"http:\/\/clemensaugust.de\/jugendklinik\/wp-content\/uploads\/sites\/2\/2018\/01\/ergotherapie-2-300x175.jpg\" alt class=\"img-responsive wp-image-149\" srcset=\"https:\/\/www.clemensaugust.de\/jugendklinik\/wp-content\/uploads\/sites\/2\/2018\/01\/ergotherapie-2-200x117.jpg 200w, https:\/\/www.clemensaugust.de\/jugendklinik\/wp-content\/uploads\/sites\/2\/2018\/01\/ergotherapie-2-400x233.jpg 400w, https:\/\/www.clemensaugust.de\/jugendklinik\/wp-content\/uploads\/sites\/2\/2018\/01\/ergotherapie-2-600x350.jpg 600w, https:\/\/www.clemensaugust.de\/jugendklinik\/wp-content\/uploads\/sites\/2\/2018\/01\/ergotherapie-2-800x467.jpg 800w, https:\/\/www.clemensaugust.de\/jugendklinik\/wp-content\/uploads\/sites\/2\/2018\/01\/ergotherapie-2-1200x700.jpg 1200w, https:\/\/www.clemensaugust.de\/jugendklinik\/wp-content\/uploads\/sites\/2\/2018\/01\/ergotherapie-2.jpg 1920w\" sizes=\"(max-width: 800px) 100vw, 400px\" \/><\/a><\/span><\/div><\/div><div class=\"fusion-text fusion-text-2\"><p style=\"text-align: center;\"><strong><a href=\"https:\/\/www.clemensaugust.de\/jugendklinik\/ergotherapie\/\">Ergotherapie <span class=\"redlink\">&gt;<\/span><\/a><\/strong><\/p>\n<\/div><div class=\"fusion-clearfix\"><\/div><\/div><\/div><div class=\"fusion-layout-column fusion_builder_column fusion-builder-column-2 fusion_builder_column_1_4 1_4 fusion-one-fourth\" style=\"--awb-bg-size:cover;width:25%;width:calc(25% - ( ( 4% + 4% + 4% ) * 0.25 ) );margin-right: 4%;\"><div class=\"fusion-column-wrapper fusion-flex-column-wrapper-legacy\"><div class=\"fusion-image-element fusion-image-align-center in-legacy-container\" style=\"text-align:center;--awb-caption-title-font-family:var(--h2_typography-font-family);--awb-caption-title-font-weight:var(--h2_typography-font-weight);--awb-caption-title-font-style:var(--h2_typography-font-style);--awb-caption-title-size:var(--h2_typography-font-size);--awb-caption-title-transform:var(--h2_typography-text-transform);--awb-caption-title-line-height:var(--h2_typography-line-height);--awb-caption-title-letter-spacing:var(--h2_typography-letter-spacing);\"><div class=\"imageframe-align-center\"><span class=\" fusion-imageframe imageframe-none imageframe-2 hover-type-none\"><a class=\"fusion-no-lightbox\" href=\"https:\/\/www.clemensaugust.de\/jugendklinik\/mototherapie\/\" target=\"_self\" aria-label=\"mototherapie-therapieangebote\"><img decoding=\"async\" width=\"300\" height=\"175\" src=\"http:\/\/clemensaugust.de\/jugendklinik\/wp-content\/uploads\/sites\/2\/2018\/02\/mototherapie-therapieangebote-300x175.png\" alt class=\"img-responsive wp-image-447\" srcset=\"https:\/\/www.clemensaugust.de\/jugendklinik\/wp-content\/uploads\/sites\/2\/2018\/02\/mototherapie-therapieangebote-200x117.png 200w, https:\/\/www.clemensaugust.de\/jugendklinik\/wp-content\/uploads\/sites\/2\/2018\/02\/mototherapie-therapieangebote.png 368w\" sizes=\"(max-width: 800px) 100vw, 300px\" \/><\/a><\/span><\/div><\/div><div class=\"fusion-text fusion-text-3\"><p style=\"text-align: center;\"><strong><a href=\"https:\/\/www.clemensaugust.de\/jugendklinik\/mototherapie\/\">Mototherapie <span class=\"redlink\">&gt;<\/span><\/a><\/strong><\/p>\n<\/div><div class=\"fusion-clearfix\"><\/div><\/div><\/div><div class=\"fusion-layout-column fusion_builder_column fusion-builder-column-3 fusion_builder_column_1_4 1_4 fusion-one-fourth\" style=\"--awb-bg-size:cover;width:25%;width:calc(25% - ( ( 4% + 4% + 4% ) * 0.25 ) );margin-right: 4%;\"><div class=\"fusion-column-wrapper fusion-flex-column-wrapper-legacy\"><div class=\"fusion-image-element fusion-image-align-center in-legacy-container\" style=\"text-align:center;--awb-caption-title-font-family:var(--h2_typography-font-family);--awb-caption-title-font-weight:var(--h2_typography-font-weight);--awb-caption-title-font-style:var(--h2_typography-font-style);--awb-caption-title-size:var(--h2_typography-font-size);--awb-caption-title-transform:var(--h2_typography-text-transform);--awb-caption-title-line-height:var(--h2_typography-line-height);--awb-caption-title-letter-spacing:var(--h2_typography-letter-spacing);\"><div class=\"imageframe-align-center\"><span class=\" fusion-imageframe imageframe-none imageframe-3 hover-type-none\"><a class=\"fusion-no-lightbox\" href=\"https:\/\/www.clemensaugust.de\/jugendklinik\/kunsttherapie\/\" target=\"_self\" aria-label=\"kunsttherapie2\"><img decoding=\"async\" width=\"300\" height=\"175\" src=\"http:\/\/clemensaugust.de\/jugendklinik\/wp-content\/uploads\/sites\/2\/2018\/01\/kunsttherapie2-300x175.jpg\" alt class=\"img-responsive wp-image-153\" srcset=\"https:\/\/www.clemensaugust.de\/jugendklinik\/wp-content\/uploads\/sites\/2\/2018\/01\/kunsttherapie2-200x117.jpg 200w, https:\/\/www.clemensaugust.de\/jugendklinik\/wp-content\/uploads\/sites\/2\/2018\/01\/kunsttherapie2-400x233.jpg 400w, https:\/\/www.clemensaugust.de\/jugendklinik\/wp-content\/uploads\/sites\/2\/2018\/01\/kunsttherapie2-600x350.jpg 600w, https:\/\/www.clemensaugust.de\/jugendklinik\/wp-content\/uploads\/sites\/2\/2018\/01\/kunsttherapie2-800x467.jpg 800w, https:\/\/www.clemensaugust.de\/jugendklinik\/wp-content\/uploads\/sites\/2\/2018\/01\/kunsttherapie2-1200x700.jpg 1200w, https:\/\/www.clemensaugust.de\/jugendklinik\/wp-content\/uploads\/sites\/2\/2018\/01\/kunsttherapie2.jpg 1920w\" sizes=\"(max-width: 800px) 100vw, 400px\" \/><\/a><\/span><\/div><\/div><div class=\"fusion-text fusion-text-4\"><p style=\"text-align: center;\"><strong><a href=\"https:\/\/www.clemensaugust.de\/jugendklinik\/kunsttherapie\/\">Kunsttherapie <span class=\"redlink\">&gt;<\/span><\/a><\/strong><\/p>\n<\/div><div class=\"fusion-clearfix\"><\/div><\/div><\/div><div class=\"fusion-layout-column fusion_builder_column fusion-builder-column-4 fusion_builder_column_1_4 1_4 fusion-one-fourth fusion-column-last\" style=\"--awb-bg-size:cover;width:25%;width:calc(25% - ( ( 4% + 4% + 4% ) * 0.25 ) );\"><div class=\"fusion-column-wrapper fusion-flex-column-wrapper-legacy\"><div class=\"fusion-image-element fusion-image-align-center in-legacy-container\" style=\"text-align:center;--awb-caption-title-font-family:var(--h2_typography-font-family);--awb-caption-title-font-weight:var(--h2_typography-font-weight);--awb-caption-title-font-style:var(--h2_typography-font-style);--awb-caption-title-size:var(--h2_typography-font-size);--awb-caption-title-transform:var(--h2_typography-text-transform);--awb-caption-title-line-height:var(--h2_typography-line-height);--awb-caption-title-letter-spacing:var(--h2_typography-letter-spacing);\"><div class=\"imageframe-align-center\"><span class=\" fusion-imageframe imageframe-none imageframe-4 hover-type-none\"><a class=\"fusion-no-lightbox\" href=\"https:\/\/www.clemensaugust.de\/jugendklinik\/musiktherapie\/\" target=\"_self\" aria-label=\"musiktherapie3\"><img decoding=\"async\" width=\"300\" height=\"175\" src=\"http:\/\/clemensaugust.de\/jugendklinik\/wp-content\/uploads\/sites\/2\/2018\/01\/musiktherapie3-300x175.jpg\" alt class=\"img-responsive wp-image-156\" srcset=\"https:\/\/www.clemensaugust.de\/jugendklinik\/wp-content\/uploads\/sites\/2\/2018\/01\/musiktherapie3-200x117.jpg 200w, https:\/\/www.clemensaugust.de\/jugendklinik\/wp-content\/uploads\/sites\/2\/2018\/01\/musiktherapie3-400x233.jpg 400w, https:\/\/www.clemensaugust.de\/jugendklinik\/wp-content\/uploads\/sites\/2\/2018\/01\/musiktherapie3-600x350.jpg 600w, https:\/\/www.clemensaugust.de\/jugendklinik\/wp-content\/uploads\/sites\/2\/2018\/01\/musiktherapie3-800x467.jpg 800w, https:\/\/www.clemensaugust.de\/jugendklinik\/wp-content\/uploads\/sites\/2\/2018\/01\/musiktherapie3-1200x700.jpg 1200w, https:\/\/www.clemensaugust.de\/jugendklinik\/wp-content\/uploads\/sites\/2\/2018\/01\/musiktherapie3.jpg 1920w\" sizes=\"(max-width: 800px) 100vw, 400px\" \/><\/a><\/span><\/div><\/div><div class=\"fusion-text fusion-text-5\"><p style=\"text-align: center;\"><strong><a href=\"https:\/\/www.clemensaugust.de\/jugendklinik\/musiktherapie\/\">Musiktherapie <span class=\"redlink\">&gt;<\/span><\/a><\/strong><\/p>\n<\/div><div class=\"fusion-clearfix\"><\/div><\/div><\/div><\/div><\/div><\/p>\n","protected":false},"excerpt":{"rendered":"","protected":false},"author":1,"featured_media":0,"parent":0,"menu_order":0,"comment_status":"closed","ping_status":"closed","template":"100-width.php","meta":{"footnotes":"","_links_to":"","_links_to_target":""},"_links":{"self":[{"href":"https:\/\/www.clemensaugust.de\/jugendklinik\/wp-json\/wp\/v2\/pages\/31"}],"collection":[{"href":"https:\/\/www.clemensaugust.de\/jugendklinik\/wp-json\/wp\/v2\/pages"}],"about":[{"href":"https:\/\/www.clemensaugust.de\/jugendklinik\/wp-json\/wp\/v2\/types\/page"}],"author":[{"embeddable":true,"href":"https:\/\/www.clemensaugust.de\/jugendklinik\/wp-json\/wp\/v2\/users\/1"}],"replies":[{"embeddable":true,"href":"https:\/\/www.clemensaugust.de\/jugendklinik\/wp-json\/wp\/v2\/comments?post=31"}],"version-history":[{"count":7,"href":"https:\/\/www.clemensaugust.de\/jugendklinik\/wp-json\/wp\/v2\/pages\/31\/revisions"}],"predecessor-version":[{"id":1019,"href":"https:\/\/www.clemensaugust.de\/jugendklinik\/wp-json\/wp\/v2\/pages\/31\/revisions\/1019"}],"wp:attachment":[{"href":"https:\/\/www.clemensaugust.de\/jugendklinik\/wp-json\/wp\/v2\/media?parent=31"}],"curies":[{"name":"wp","href":"https:\/\/api.w.org\/{rel}","templated":true}]}}