{"id":41,"date":"2018-01-07T14:13:59","date_gmt":"2018-01-07T13:13:59","guid":{"rendered":"http:\/\/www.clemensaugust.de\/jugendklinik\/?page_id=41"},"modified":"2024-01-30T23:46:48","modified_gmt":"2024-01-30T22:46:48","slug":"elternarbeit","status":"publish","type":"page","link":"https:\/\/www.clemensaugust.de\/jugendklinik\/elternarbeit\/","title":{"rendered":"Elternarbeit"},"content":{"rendered":"<p><div class=\"fusion-fullwidth fullwidth-box fusion-builder-row-1 mobile-title nonhundred-percent-fullwidth non-hundred-percent-height-scrolling fusion-no-medium-visibility fusion-no-large-visibility\" style=\"--awb-border-radius-top-left:0px;--awb-border-radius-top-right:0px;--awb-border-radius-bottom-right:0px;--awb-border-radius-bottom-left:0px;--awb-flex-wrap:wrap;\" ><div class=\"fusion-builder-row fusion-row\"><div class=\"fusion-layout-column fusion_builder_column fusion-builder-column-0 fusion_builder_column_1_1 1_1 fusion-one-full fusion-column-first fusion-column-last\" style=\"--awb-bg-size:cover;\"><div class=\"fusion-column-wrapper fusion-flex-column-wrapper-legacy\"><div class=\"fusion-title title fusion-title-1 fusion-title-text fusion-title-size-one\"><h1 class=\"fusion-title-heading title-heading-left\" style=\"margin:0;\"><div>\n<h1 class=\"title-heading-center fusion-responsive-typography-calculated\" style=\"--fontsize: 72; line-height: 0;\" data-inline-fontsize=\"true\" data-inline-lineheight=\"true\" data-fontsize=\"72\" data-lineheight=\"100.8px\"><span class=\"keyword-title-2nd\" style=\"font-size: 3rem; line-height: 56px;\" data-fusion-font=\"true\">Eltern<\/span><span class=\"keyword-title\" style=\"font-size: 3rem; line-height: 56px;\" data-fusion-font=\"true\">arbeit<\/span><\/h1>\n<\/div>\n<div class=\"fusion-title title fusion-sep-none fusion-title-center fusion-title-size-two fusion-border-below-title\">\n<h2 class=\"title-heading-center fusion-responsive-typography-calculated\" style=\"--fontsize: 20; line-height: 1.5; --minfontsize: 20;\" data-inline-fontsize=\"true\" data-inline-lineheight=\"true\" data-fontsize=\"20\" data-lineheight=\"30px\">Im Austausch sein<\/h2>\n<\/div><\/h1><span class=\"awb-title-spacer\"><\/span><div class=\"title-sep-container\"><div class=\"title-sep sep-double sep-solid\" style=\"border-color:#e0dede;\"><\/div><\/div><\/div><div class=\"fusion-clearfix\"><\/div><\/div><\/div><\/div><\/div><div class=\"fusion-fullwidth fullwidth-box fusion-builder-row-2 nonhundred-percent-fullwidth non-hundred-percent-height-scrolling\" style=\"--awb-border-radius-top-left:0px;--awb-border-radius-top-right:0px;--awb-border-radius-bottom-right:0px;--awb-border-radius-bottom-left:0px;--awb-margin-bottom:100px;--awb-flex-wrap:wrap;\" ><div class=\"fusion-builder-row fusion-row\"><div class=\"fusion-layout-column fusion_builder_column fusion-builder-column-1 fusion_builder_column_1_1 1_1 fusion-one-full fusion-column-first fusion-column-last\" style=\"--awb-bg-size:cover;--awb-margin-bottom:0px;\"><div class=\"fusion-column-wrapper fusion-flex-column-wrapper-legacy\"><div class=\"fusion-text fusion-text-1\"><h2>Gemeinsam Lernschritte machen<\/h2>\n<p>Wir m\u00f6chten die Situation der Kinder und Jugendlichen innerhalb ihrer Familie verstehen. Der intensive Austausch mit den Eltern und anderen engen Bezugspersonen ist wichtig f\u00fcr den Behandlungserfolg.<\/p>\n<p>Die Angeh\u00f6rigen, insbesondere die Eltern, tragen einen wesentlichen Teil zum Gelingen der Therapie bei. Gemeinsam mit ihnen betrachten und analysieren wir in regelm\u00e4\u00dfigen Eltern- und Familiengespr\u00e4chen die Situation der Kinder und Jugendlichen und ihre Stellung innerhalb der Familie. Auf diese Weise k\u00f6nnen wir die Schwierigkeiten und Probleme unserer jungen Patienten noch besser verstehen und behandeln. Die Eltern lernen ihr Kind aus einem anderen Blickwinkel kennen. Sie erfahren, wie sie es gezielt unterst\u00fctzen und f\u00f6rdern k\u00f6nnen.<\/p>\n<p>Dar\u00fcber hinaus ermutigen wir die Eltern, auch f\u00fcr einen Zeitraum von mehreren Tagen an der Behandlung teilzunehmen. In dieser Zeit wohnen sie in einem separaten Appartementhaus. Dort haben sie einen eigenen R\u00fcckzugsbereich, in dem sie ungest\u00f6rt Zeit mit ihrem Sohn oder ihrer Tochter verbringen k\u00f6nnen. Zudem begegnen sie hier anderen Eltern und k\u00f6nnen sich austauschen.<\/p>\n<p>Meistens nehmen die Eltern und andere enge Bezugspersonen f\u00fcr drei bis vier Tage an der Therapie und am Stationsleben teil. F\u00fcr diese Zeit erarbeiten der Therapeut und das p\u00e4dagogische Team einen \u201eStundenplan\u201c. So k\u00f6nnen die Eltern die Therapieschritte und -erfolge ihres Kindes miterleben. Das hilft ihnen auch dabei, innerhalb der Familie positive Strategien zur Probleml\u00f6sung zu finden, die sie w\u00e4hrend und nach der Therapie umsetzen k\u00f6nnen. F\u00fcr die Eltern ist der Aufenthalt bei uns kostenlos.<\/p>\n<\/div><div class=\"fusion-clearfix\"><\/div><\/div><\/div><\/div><\/div><div class=\"fusion-fullwidth fullwidth-box fusion-builder-row-3 content-bottom nonhundred-percent-fullwidth non-hundred-percent-height-scrolling\" style=\"--awb-border-radius-top-left:0px;--awb-border-radius-top-right:0px;--awb-border-radius-bottom-right:0px;--awb-border-radius-bottom-left:0px;--awb-padding-top:60px;--awb-padding-bottom:20px;--awb-background-color:#efefef;--awb-flex-wrap:wrap;\" ><div class=\"fusion-builder-row fusion-row\"><div class=\"fusion-layout-column fusion_builder_column fusion-builder-column-2 fusion_builder_column_1_4 1_4 fusion-one-fourth fusion-column-first\" style=\"--awb-bg-size:cover;width:25%;width:calc(25% - ( ( 4% + 4% + 4% ) * 0.25 ) );margin-right: 4%;\"><div class=\"fusion-column-wrapper fusion-flex-column-wrapper-legacy\"><div class=\"fusion-image-element fusion-image-align-center in-legacy-container\" style=\"text-align:center;--awb-caption-title-font-family:var(--h2_typography-font-family);--awb-caption-title-font-weight:var(--h2_typography-font-weight);--awb-caption-title-font-style:var(--h2_typography-font-style);--awb-caption-title-size:var(--h2_typography-font-size);--awb-caption-title-transform:var(--h2_typography-text-transform);--awb-caption-title-line-height:var(--h2_typography-line-height);--awb-caption-title-letter-spacing:var(--h2_typography-letter-spacing);\"><div class=\"imageframe-align-center\"><span class=\" fusion-imageframe imageframe-none imageframe-1 hover-type-none\"><a class=\"fusion-no-lightbox\" href=\"https:\/\/www.clemensaugust.de\/jugendklinik\/unsere-klinik-im-film\/\" target=\"_self\" aria-label=\"Klinik-im-Film-header\"><img decoding=\"async\" width=\"300\" height=\"175\" src=\"http:\/\/clemensaugust.de\/jugendklinik\/wp-content\/uploads\/sites\/2\/2018\/02\/Klinik-im-Film-header-1-300x175.jpg\" alt class=\"img-responsive wp-image-479\" srcset=\"https:\/\/www.clemensaugust.de\/jugendklinik\/wp-content\/uploads\/sites\/2\/2018\/02\/Klinik-im-Film-header-1-200x117.jpg 200w, https:\/\/www.clemensaugust.de\/jugendklinik\/wp-content\/uploads\/sites\/2\/2018\/02\/Klinik-im-Film-header-1-400x233.jpg 400w, https:\/\/www.clemensaugust.de\/jugendklinik\/wp-content\/uploads\/sites\/2\/2018\/02\/Klinik-im-Film-header-1-600x350.jpg 600w, https:\/\/www.clemensaugust.de\/jugendklinik\/wp-content\/uploads\/sites\/2\/2018\/02\/Klinik-im-Film-header-1-800x467.jpg 800w, https:\/\/www.clemensaugust.de\/jugendklinik\/wp-content\/uploads\/sites\/2\/2018\/02\/Klinik-im-Film-header-1-1200x700.jpg 1200w, https:\/\/www.clemensaugust.de\/jugendklinik\/wp-content\/uploads\/sites\/2\/2018\/02\/Klinik-im-Film-header-1.jpg 1920w\" sizes=\"(max-width: 800px) 100vw, 400px\" \/><\/a><\/span><\/div><\/div><div class=\"fusion-text fusion-text-2\"><p style=\"text-align: center\"><strong><a href=\"https:\/\/www.clemensaugust.de\/jugendklinik\/unsere-klinik-im-film\/\">Unsere Klinik im Film <span class=\"redlink\">&gt;<\/span><\/a><\/strong><\/p>\n<\/div><div class=\"fusion-clearfix\"><\/div><\/div><\/div><div class=\"fusion-layout-column fusion_builder_column fusion-builder-column-3 fusion_builder_column_1_4 1_4 fusion-one-fourth\" style=\"--awb-bg-size:cover;width:25%;width:calc(25% - ( ( 4% + 4% + 4% ) * 0.25 ) );margin-right: 4%;\"><div class=\"fusion-column-wrapper fusion-flex-column-wrapper-legacy\"><div class=\"fusion-image-element fusion-image-align-center in-legacy-container\" style=\"text-align:center;--awb-caption-title-font-family:var(--h2_typography-font-family);--awb-caption-title-font-weight:var(--h2_typography-font-weight);--awb-caption-title-font-style:var(--h2_typography-font-style);--awb-caption-title-size:var(--h2_typography-font-size);--awb-caption-title-transform:var(--h2_typography-text-transform);--awb-caption-title-line-height:var(--h2_typography-line-height);--awb-caption-title-letter-spacing:var(--h2_typography-letter-spacing);\"><div class=\"imageframe-align-center\"><span class=\" fusion-imageframe imageframe-none imageframe-2 hover-type-none\"><a class=\"fusion-no-lightbox\" href=\"https:\/\/www.clemensaugust.de\/jugendklinik\/sozialdienst\/\" target=\"_self\" aria-label=\"sozialdienst\"><img decoding=\"async\" width=\"300\" height=\"175\" src=\"http:\/\/clemensaugust.de\/jugendklinik\/wp-content\/uploads\/sites\/2\/2018\/02\/sozialdienst-300x175.jpg\" alt class=\"img-responsive wp-image-282\" srcset=\"https:\/\/www.clemensaugust.de\/jugendklinik\/wp-content\/uploads\/sites\/2\/2018\/02\/sozialdienst-200x117.jpg 200w, https:\/\/www.clemensaugust.de\/jugendklinik\/wp-content\/uploads\/sites\/2\/2018\/02\/sozialdienst-400x233.jpg 400w, https:\/\/www.clemensaugust.de\/jugendklinik\/wp-content\/uploads\/sites\/2\/2018\/02\/sozialdienst-600x350.jpg 600w, https:\/\/www.clemensaugust.de\/jugendklinik\/wp-content\/uploads\/sites\/2\/2018\/02\/sozialdienst-800x467.jpg 800w, https:\/\/www.clemensaugust.de\/jugendklinik\/wp-content\/uploads\/sites\/2\/2018\/02\/sozialdienst-1200x700.jpg 1200w, https:\/\/www.clemensaugust.de\/jugendklinik\/wp-content\/uploads\/sites\/2\/2018\/02\/sozialdienst.jpg 1920w\" sizes=\"(max-width: 800px) 100vw, 400px\" \/><\/a><\/span><\/div><\/div><div class=\"fusion-text fusion-text-3\"><p style=\"text-align: center\"><strong><a href=\"https:\/\/www.clemensaugust.de\/jugendklinik\/sozialdienst\/\">Der Sozialdienst <span class=\"redlink\">&gt;<\/span><\/a><\/strong><\/p>\n<\/div><div class=\"fusion-clearfix\"><\/div><\/div><\/div><div class=\"fusion-layout-column fusion_builder_column fusion-builder-column-4 fusion_builder_column_1_4 1_4 fusion-one-fourth\" style=\"--awb-bg-size:cover;width:25%;width:calc(25% - ( ( 4% + 4% + 4% ) * 0.25 ) );margin-right: 4%;\"><div class=\"fusion-column-wrapper fusion-flex-column-wrapper-legacy\"><div class=\"fusion-image-element fusion-image-align-center in-legacy-container\" style=\"text-align:center;--awb-caption-title-font-family:var(--h2_typography-font-family);--awb-caption-title-font-weight:var(--h2_typography-font-weight);--awb-caption-title-font-style:var(--h2_typography-font-style);--awb-caption-title-size:var(--h2_typography-font-size);--awb-caption-title-transform:var(--h2_typography-text-transform);--awb-caption-title-line-height:var(--h2_typography-line-height);--awb-caption-title-letter-spacing:var(--h2_typography-letter-spacing);\"><div class=\"imageframe-align-center\"><span class=\" fusion-imageframe imageframe-none imageframe-3 hover-type-none\"><a class=\"fusion-no-lightbox\" href=\"https:\/\/www.clemensaugust.de\/jugendklinik\/schule\/\" target=\"_self\" aria-label=\"unsere-schule\"><img decoding=\"async\" width=\"600\" height=\"350\" src=\"http:\/\/clemensaugust.de\/jugendklinik\/wp-content\/uploads\/sites\/2\/2018\/01\/unsere-schule-600x350.jpg\" alt class=\"img-responsive wp-image-158\" srcset=\"https:\/\/www.clemensaugust.de\/jugendklinik\/wp-content\/uploads\/sites\/2\/2018\/01\/unsere-schule-200x117.jpg 200w, https:\/\/www.clemensaugust.de\/jugendklinik\/wp-content\/uploads\/sites\/2\/2018\/01\/unsere-schule-400x233.jpg 400w, https:\/\/www.clemensaugust.de\/jugendklinik\/wp-content\/uploads\/sites\/2\/2018\/01\/unsere-schule-600x350.jpg 600w, https:\/\/www.clemensaugust.de\/jugendklinik\/wp-content\/uploads\/sites\/2\/2018\/01\/unsere-schule-800x467.jpg 800w, https:\/\/www.clemensaugust.de\/jugendklinik\/wp-content\/uploads\/sites\/2\/2018\/01\/unsere-schule-1200x700.jpg 1200w, https:\/\/www.clemensaugust.de\/jugendklinik\/wp-content\/uploads\/sites\/2\/2018\/01\/unsere-schule.jpg 1920w\" sizes=\"(max-width: 800px) 100vw, 400px\" \/><\/a><\/span><\/div><\/div><div class=\"fusion-text fusion-text-4\"><p style=\"text-align: center\"><strong><a href=\"https:\/\/www.clemensaugust.de\/jugendklinik\/schule\/\">Unsere Schule <span class=\"redlink\">&gt;<\/span><\/a><\/strong><\/p>\n<\/div><div class=\"fusion-clearfix\"><\/div><\/div><\/div><div class=\"fusion-layout-column fusion_builder_column fusion-builder-column-5 fusion_builder_column_1_4 1_4 fusion-one-fourth fusion-column-last\" style=\"--awb-bg-size:cover;width:25%;width:calc(25% - ( ( 4% + 4% + 4% ) * 0.25 ) );\"><div class=\"fusion-column-wrapper fusion-flex-column-wrapper-legacy\"><div class=\"fusion-image-element fusion-image-align-center in-legacy-container\" style=\"text-align:center;--awb-caption-title-font-family:var(--h2_typography-font-family);--awb-caption-title-font-weight:var(--h2_typography-font-weight);--awb-caption-title-font-style:var(--h2_typography-font-style);--awb-caption-title-size:var(--h2_typography-font-size);--awb-caption-title-transform:var(--h2_typography-text-transform);--awb-caption-title-line-height:var(--h2_typography-line-height);--awb-caption-title-letter-spacing:var(--h2_typography-letter-spacing);\"><div class=\"imageframe-align-center\"><span class=\" fusion-imageframe imageframe-none imageframe-4 hover-type-none\"><a class=\"fusion-no-lightbox\" href=\"https:\/\/www.clemensaugust.de\/jugendklinik\/stationsleben\/\" target=\"_self\" aria-label=\"stationsleben\"><img decoding=\"async\" width=\"400\" height=\"233\" src=\"http:\/\/clemensaugust.de\/jugendklinik\/wp-content\/uploads\/sites\/2\/2018\/01\/stationsleben-400x233.jpg\" alt class=\"img-responsive wp-image-157\" srcset=\"https:\/\/www.clemensaugust.de\/jugendklinik\/wp-content\/uploads\/sites\/2\/2018\/01\/stationsleben-200x117.jpg 200w, https:\/\/www.clemensaugust.de\/jugendklinik\/wp-content\/uploads\/sites\/2\/2018\/01\/stationsleben-400x233.jpg 400w, https:\/\/www.clemensaugust.de\/jugendklinik\/wp-content\/uploads\/sites\/2\/2018\/01\/stationsleben-600x350.jpg 600w, https:\/\/www.clemensaugust.de\/jugendklinik\/wp-content\/uploads\/sites\/2\/2018\/01\/stationsleben-800x467.jpg 800w, https:\/\/www.clemensaugust.de\/jugendklinik\/wp-content\/uploads\/sites\/2\/2018\/01\/stationsleben-1200x700.jpg 1200w, https:\/\/www.clemensaugust.de\/jugendklinik\/wp-content\/uploads\/sites\/2\/2018\/01\/stationsleben.jpg 1920w\" sizes=\"(max-width: 800px) 100vw, 400px\" \/><\/a><\/span><\/div><\/div><div class=\"fusion-text fusion-text-5\"><p style=\"text-align: center\"><strong><a href=\"https:\/\/www.clemensaugust.de\/jugendklinik\/stationsleben\/\">Das Stationsleben <span class=\"redlink\">&gt;<\/span><\/a><\/strong><\/p>\n<\/div><div class=\"fusion-clearfix\"><\/div><\/div><\/div><\/div><\/div>\n<\/p>\n","protected":false},"excerpt":{"rendered":"","protected":false},"author":1,"featured_media":0,"parent":0,"menu_order":0,"comment_status":"closed","ping_status":"closed","template":"100-width.php","meta":{"footnotes":"","_links_to":"","_links_to_target":""},"_links":{"self":[{"href":"https:\/\/www.clemensaugust.de\/jugendklinik\/wp-json\/wp\/v2\/pages\/41"}],"collection":[{"href":"https:\/\/www.clemensaugust.de\/jugendklinik\/wp-json\/wp\/v2\/pages"}],"about":[{"href":"https:\/\/www.clemensaugust.de\/jugendklinik\/wp-json\/wp\/v2\/types\/page"}],"author":[{"embeddable":true,"href":"https:\/\/www.clemensaugust.de\/jugendklinik\/wp-json\/wp\/v2\/users\/1"}],"replies":[{"embeddable":true,"href":"https:\/\/www.clemensaugust.de\/jugendklinik\/wp-json\/wp\/v2\/comments?post=41"}],"version-history":[{"count":10,"href":"https:\/\/www.clemensaugust.de\/jugendklinik\/wp-json\/wp\/v2\/pages\/41\/revisions"}],"predecessor-version":[{"id":1242,"href":"https:\/\/www.clemensaugust.de\/jugendklinik\/wp-json\/wp\/v2\/pages\/41\/revisions\/1242"}],"wp:attachment":[{"href":"https:\/\/www.clemensaugust.de\/jugendklinik\/wp-json\/wp\/v2\/media?parent=41"}],"curies":[{"name":"wp","href":"https:\/\/api.w.org\/{rel}","templated":true}]}}