{"id":49,"date":"2018-01-07T14:15:11","date_gmt":"2018-01-07T13:15:11","guid":{"rendered":"http:\/\/www.clemensaugust.de\/jugendklinik\/?page_id=49"},"modified":"2020-09-18T23:36:21","modified_gmt":"2020-09-18T21:36:21","slug":"leitbild","status":"publish","type":"page","link":"https:\/\/www.clemensaugust.de\/jugendklinik\/leitbild\/","title":{"rendered":"Leitbild"},"content":{"rendered":"<p><div class=\"fusion-fullwidth fullwidth-box fusion-builder-row-1 nonhundred-percent-fullwidth non-hundred-percent-height-scrolling\" style=\"--awb-border-radius-top-left:0px;--awb-border-radius-top-right:0px;--awb-border-radius-bottom-right:0px;--awb-border-radius-bottom-left:0px;--awb-margin-bottom:100px;--awb-flex-wrap:wrap;\" ><div class=\"fusion-builder-row fusion-row\"><div class=\"fusion-layout-column fusion_builder_column fusion-builder-column-0 fusion_builder_column_1_1 1_1 fusion-one-full fusion-column-first fusion-column-last\" style=\"--awb-bg-size:cover;--awb-margin-bottom:0px;\"><div class=\"fusion-column-wrapper fusion-flex-column-wrapper-legacy\"><div class=\"fusion-text fusion-text-1\"><p>Die <strong>Clemens-August-Klinik<\/strong>, Fachklinik f\u00fcr Psychotherapie und psychosomatische Medizin und die <strong>Clemens-August-Jugendklinik<\/strong>, Fachkrankenhaus f\u00fcr Kinder- und Jugendpsychiatrie, Psychotherapie sind Krankenh\u00e4user der <strong>Clemens-August-Stiftung<\/strong>, einer kirchlichen Stiftung des b\u00fcrgerlichen Rechts mit Sitz in Neuenkirchen-V\u00f6rden.<\/p>\n<p>Der Stiftung geh\u00f6ren zudem die Heimstatt-Clemens-August in Neuenkirchen-V\u00f6rden sowie das Franziskus-Stift in Steinfeld an.<\/p>\n<p>Die Clemens-August-Stiftung hat sich zur Aufgabe gestellt, kranke und pflegebed\u00fcrftige Menschen in christlicher Verantwortung zu betreuen und somit die Erf\u00fcllung sozialcaritativer Aufgaben der katholischen Kirche, insbesondere auf dem Gebiet des Gesundheitswesens wahrzunehmen.<\/p>\n<p>Dienstgeber und Mitarbeiterschaft bilden eine Dienstgemeinschaft und tragen gemeinsam zur Erf\u00fcllung des Stiftungszweckes bei.<\/p>\n<h2>Grundlagen der Arbeit<\/h2>\n<p>Die Grundlage unserer Arbeit ist das christliche Menschen- und Weltbild. Es geht davon aus, dass der Mensch nach dem Bild Gottes erschaffen ist und dass Gott jeden Menschen liebt, wie es uns in Jesus Christus offenbart ist (vgl. Gen 1,27).<\/p>\n<p>Der Mensch ist als Person einmalig und besitzt eine ihm von Gott gegebene unantastbare W\u00fcrde, die unabh\u00e4ngig ist von seinen F\u00e4higkeiten oder Leistungen, Schw\u00e4chen, Krankheiten, Behinderungen und von seinem Fehlverhalten.<\/p>\n<p>Daher ist Handlungsgrundlage unserer Arbeit die soziale und caritative Verantwortung, die dem christlichen Auftrag zur N\u00e4chstenliebe entspricht.<\/p>\n<p>Wir sehen und f\u00f6rdern die Individualit\u00e4t eines jeden Menschen &#8211; und binden damit auch sein soziales Netzwerk, wie die Familie, den Freundeskreis, das Berufsleben oder die Gemeinde ein.<\/p>\n<p>Wir m\u00f6chten durch Therapie (Erwachsenen- und Jugendklinik) und Erziehung (Jugendklinik) den Menschen bef\u00e4higen, ein n\u00f6tiges Selbstbewu\u00dftsein aufzubauen und sich in seinem Umfeld zurechtzufinden, es mitzugestalten und Verantwortung zu \u00fcbernehmen.<\/p>\n<h2>Der Patient<\/h2>\n<p>Der Patient steht im Mittelpunkt all unseren Handelns. Er hat einen Anspruch auf kompetente und wertsch\u00e4tzende Begegnung. Wir orientieren uns an seinen Bed\u00fcrfnissen, M\u00f6glichkeiten und Grenzen.<br \/>\nUnser Umgang mit dem Patienten ist verbindlich und von menschlicher W\u00e4rme gepr\u00e4gt. Eine durch Annahme, Akzeptanz und Wertsch\u00e4tzung gepr\u00e4gte Grundhaltung ist f\u00fcr uns die Basis einer individuellen Pers\u00f6nlichkeitsentwicklung. Wir begegnen dem Patienten daher mit einem gesunden Verh\u00e4ltnis aus N\u00e4he und Distanz, achten seine Einmaligkeit, nehmen seine \u00c4ngste ernst und ber\u00fccksichtigen soweit m\u00f6glich seine W\u00fcnsche und Gewohnheiten. Eine gute Atmosph\u00e4re schafft Vorbedingungen f\u00fcr die Freude am Leben, die Hilfe zur Gesundung und die St\u00e4rkung von Leib und Seele.<\/p>\n<p>Es ist uns wichtig, dass die Patienten auf freiwilliger Basis zu uns kommen. Im Behandlungsprozess ber\u00fccksichtigen wir seelische und geistige, wie auch k\u00f6rperliche und soziale Aspekte von Krankheit und Gesundheit. Somit vertreten wir ein ganzheitliches Therapiekonzept. Hierbei legen wir auch Wert auf eine, an den Bed\u00fcrfnissen der Patienten, orientierte Lebensraumgestaltung.<\/p>\n<p>Zur Gew\u00e4hrleistung eines erfolgreichen Behandlungsverlaufes ist eine ausf\u00fchrliche und verst\u00e4ndliche Information unerl\u00e4sslich. Diagnose sowie Therapie- und Pflegekonzept werden ausf\u00fchrlich mit dem Patienten besprochen und Perspektiven werden gemeinsam erarbeitet. Auf dieser Basis entsteht ein verbindlicher Therapie- und Pflegeplan. Vertraulichkeit geh\u00f6rt hierbei zu unserem Selbstverst\u00e4ndnis.<br \/>\nSollte sich der Patient gegen die von uns vorgeschlagene Behandlung entscheiden, akzeptieren wir dies, weisen jedoch auf m\u00f6gliche Folgen hin. Bei nicht entscheidungsf\u00e4higen Patienten gilt f\u00fcr uns der rechtliche Rahmen. Entstehende Konflikte kl\u00e4ren wir sachlich und menschlich kompetent.<br \/>\nIm systemischen Ansatz als therapeutische Behandlungsgrundlage beider Kliniken ist die Integration der sozialen Bez\u00fcge des Patienten in den Behandlungs- und Pflegeprozess einbezogen. So k\u00f6nnen die Angeh\u00f6rigen von Patienten der Clemens-August-Jugendklinik die M\u00f6glichkeit einer Unterbringung in G\u00e4steappartements wahrnehmen.<\/p>\n<p>Der Patient wird von uns auf das Leben nach dem Klinikaufenthalt vorbereitet. Wir beraten ihn und ggf. seinen gesetzlichen Vertreter bei seinen Entscheidungen und beziehen bei Bedarf und in Absprache mit dem Patienten weiterf\u00fchrende Hilfeformen und Rechtstr\u00e4ger mit ein.<\/p>\n<h2>Die Organisation<\/h2>\n<p>Wir tragen in allen Arbeitsbereichen Verantwortung f\u00fcr ein fachliches, wirtschaftliches und \u00f6kologisch vertretbares Handeln und pflegen einen verantwortungsbewussten Umgang mit den uns zur Verf\u00fcgung stehenden Ressourcen.<br \/>\nVon den MitarbeiterInnen erwarten wir Unterst\u00fctzung, um diese Verantwortung glaubw\u00fcrdig wahrzunehmen.<\/p>\n<p>Unsere F\u00fchrungskr\u00e4fte stehen in besonderer Verantwortung gegen\u00fcber den Anforderungen des Tr\u00e4gers und der Mitarbeiterschaft. Hierf\u00fcr unerl\u00e4sslich ist die Durchschaubarkeit und die klare Regelung von Entscheidungs- und Dienstwegen. Schnittstellen haben hierbei einen besonderen Stellenwert.<\/p>\n<p>Unsere Standards und Behandlungsleitlinien entsprechen neuesten fachlichen Erkenntnissen sowie den gesundheitspolitischen Anforderungen. Sie werden regelm\u00e4\u00dfig \u00fcberarbeitet und dienen als Grundlage f\u00fcr die Planung, Durchf\u00fchrung und Kontrolle der Behandlungsabl\u00e4ufe.<\/p>\n<p>Die Qualit\u00e4tssicherung und -verbesserung erreichen wir durch interne und externe QM-Zirkel, berufs-,bereichs- und haus\u00fcbergreifende Projektgruppen sowie durch unabh\u00e4ngige externe Berater. Planungsvorhaben werden transparent gemacht und Zielsetzungen klar definiert.<\/p>\n<p>Die Organisationsstrukturen und -abl\u00e4ufe der Clemens-August-Kliniken befinden sich in einem stetigen Wandlungs- und Verbesserungsprozess. Wir versuchen hierbei, die betrieblichen Notwendigkeiten mit den pers\u00f6nlichen W\u00fcnschen des Einzelnen in Einklang zu bringen.<\/p>\n<h2>Die Zusammenarbeit<\/h2>\n<p>Bei der Zusammenarbeit innerhalb beider Kliniken wie auch haus\u00fcbergreifend legen wir Wert auf Aufrichtigkeit, Offenheit und Loyalit\u00e4t. Verst\u00e4ndnis und Toleranz betrachten wir als Grundlagen unserer Dienstgemeinschaft. So soll die Kollegialit\u00e4t von einem verantwortungsbewussten, wohlwollenden Arbeitsklima getragen sein.<\/p>\n<p>Die bereichsinterne und bereichs\u00fcbergreifende Zusammenarbeit ist im Sinne einer Behandlungskontinuit\u00e4t eng aufeinander abgestimmt. Der fachliche, wertfreie Austausch zwischen den einzelnen Fachbereichen regelt die Vereinbarung von Behandlungs- und Betreuungszielen, optimiert die Arbeitsabl\u00e4ufe und gibt einen \u00dcberblick \u00fcber den Gesamtzustand des Patienten.<\/p>\n<p>Durch eine umfassende Information wird eine exakte Koordination von Funktionen, Aufgaben und Prozessen als Grundlage f\u00fcr professionelle und fachgebundene, patientenorientierte Arbeit gew\u00e4hrleistet.<\/p>\n<p>Die individuellen St\u00e4rken der MitarbeiterInnen nehmen wir wahr und f\u00f6rdern diese. Durch verbindliche Zielabsprachen werden Entwicklungsm\u00f6glichkeiten aufgezeigt und die Motivation gesteigert. Regelm\u00e4\u00dfige Fort- und Weiterbildungen sowie Supervisionen sind f\u00fcr uns unverzichtbare Bestandteile der beruflichen Weiterentwicklung. Wir f\u00f6rdern diese, erh\u00f6hen und erhalten somit die Kompetenz unserer MitarbeiterInnen zur Sicherung der Qualit\u00e4t unserer Arbeit.<\/p>\n<h2>Gesellschaftliche Verantwortung<\/h2>\n<p>Wir pflegen den Kontakt zur Bev\u00f6lkerung mit dem Ziel einer positiven Einstellung gegen\u00fcber psychischen Erkrankungen und Beeintr\u00e4chtigungen. Aus diesem Grunde sind wir in der \u00d6ffentlichkeit pr\u00e4sent in Form von (Presse-) Ver\u00f6ffentlichungen, Veranstaltungen, Tage der &#8222;Offenen T\u00fcr&#8220; und in der Zusammenarbeit mit \u00f6rtlichen Betrieben.<br \/>\nDurch vielf\u00e4ltige Vernetzungen und Kooperationen mit anderen Kliniken und weiterf\u00fchrenden Einrichtungen sind wir beteiligt an der Erf\u00fcllung des Versorgungsauftrages.<br \/>\nWir \u00fcbernehmen als bedeutender christlicher Dienstgeber in der Region soziale Verantwortung, indem wir eine Vielzahl von Arbeitspl\u00e4tzen vorhalten.<\/p>\n<h2>Schlusswort<\/h2>\n<p>Die Umsetzung unseres Leitbildes wird getragen von der Identifikation aller MitarbeiterInnen mit den Einrichtungen und dem Arbeitsauftrag. Ein st\u00e4ndiger Austausch \u00fcber Notwendigkeiten und W\u00fcnsche gew\u00e4hrleistet die kritische \u00dcberpr\u00fcfung, die Konkretisierung und Weiterentwicklung.<br \/>\nDenn nur ein mit Leben gef\u00fclltes und somit stetigen Prozess unterliegendes Leitbild f\u00fchrt zu konkretem Handeln.<\/p>\n<\/div><div class=\"fusion-clearfix\"><\/div><\/div><\/div><\/div><\/div><div class=\"fusion-fullwidth fullwidth-box fusion-builder-row-2 content-bottom nonhundred-percent-fullwidth non-hundred-percent-height-scrolling\" style=\"--awb-border-radius-top-left:0px;--awb-border-radius-top-right:0px;--awb-border-radius-bottom-right:0px;--awb-border-radius-bottom-left:0px;--awb-padding-top:60px;--awb-padding-bottom:20px;--awb-background-color:#efefef;--awb-flex-wrap:wrap;\" ><div class=\"fusion-builder-row fusion-row\"><div class=\"fusion-layout-column fusion_builder_column fusion-builder-column-1 fusion_builder_column_1_4 1_4 fusion-one-fourth fusion-column-first\" style=\"--awb-bg-size:cover;width:25%;width:calc(25% - ( ( 4% + 4% + 4% ) * 0.25 ) );margin-right: 4%;\"><div class=\"fusion-column-wrapper fusion-flex-column-wrapper-legacy\"><div class=\"fusion-image-element fusion-image-align-center in-legacy-container\" style=\"text-align:center;--awb-caption-title-font-family:var(--h2_typography-font-family);--awb-caption-title-font-weight:var(--h2_typography-font-weight);--awb-caption-title-font-style:var(--h2_typography-font-style);--awb-caption-title-size:var(--h2_typography-font-size);--awb-caption-title-transform:var(--h2_typography-text-transform);--awb-caption-title-line-height:var(--h2_typography-line-height);--awb-caption-title-letter-spacing:var(--h2_typography-letter-spacing);\"><div class=\"imageframe-align-center\"><span class=\" fusion-imageframe imageframe-none imageframe-1 hover-type-none\"><a class=\"fusion-no-lightbox\" href=\"https:\/\/www.clemensaugust.de\/jugendklinik\/unsere-klinik-im-film\/\" target=\"_self\" aria-label=\"Klinik-im-Film-header\"><img decoding=\"async\" width=\"300\" height=\"175\" src=\"http:\/\/clemensaugust.de\/jugendklinik\/wp-content\/uploads\/sites\/2\/2018\/02\/Klinik-im-Film-header-1-300x175.jpg\" alt class=\"img-responsive wp-image-479\" srcset=\"https:\/\/www.clemensaugust.de\/jugendklinik\/wp-content\/uploads\/sites\/2\/2018\/02\/Klinik-im-Film-header-1-200x117.jpg 200w, https:\/\/www.clemensaugust.de\/jugendklinik\/wp-content\/uploads\/sites\/2\/2018\/02\/Klinik-im-Film-header-1-400x233.jpg 400w, https:\/\/www.clemensaugust.de\/jugendklinik\/wp-content\/uploads\/sites\/2\/2018\/02\/Klinik-im-Film-header-1-600x350.jpg 600w, https:\/\/www.clemensaugust.de\/jugendklinik\/wp-content\/uploads\/sites\/2\/2018\/02\/Klinik-im-Film-header-1-800x467.jpg 800w, https:\/\/www.clemensaugust.de\/jugendklinik\/wp-content\/uploads\/sites\/2\/2018\/02\/Klinik-im-Film-header-1-1200x700.jpg 1200w, https:\/\/www.clemensaugust.de\/jugendklinik\/wp-content\/uploads\/sites\/2\/2018\/02\/Klinik-im-Film-header-1.jpg 1920w\" sizes=\"(max-width: 800px) 100vw, 400px\" \/><\/a><\/span><\/div><\/div><div class=\"fusion-text fusion-text-2\"><p style=\"text-align: center\"><strong><a href=\"https:\/\/www.clemensaugust.de\/jugendklinik\/unsere-klinik-im-film\/\">Unsere Klinik im Film <span class=\"redlink\">&gt;<\/span><\/a><\/strong><\/p>\n<\/div><div class=\"fusion-clearfix\"><\/div><\/div><\/div><div class=\"fusion-layout-column fusion_builder_column fusion-builder-column-2 fusion_builder_column_1_4 1_4 fusion-one-fourth\" style=\"--awb-bg-size:cover;width:25%;width:calc(25% - ( ( 4% + 4% + 4% ) * 0.25 ) );margin-right: 4%;\"><div class=\"fusion-column-wrapper fusion-flex-column-wrapper-legacy\"><div class=\"fusion-image-element fusion-image-align-center in-legacy-container\" style=\"text-align:center;--awb-caption-title-font-family:var(--h2_typography-font-family);--awb-caption-title-font-weight:var(--h2_typography-font-weight);--awb-caption-title-font-style:var(--h2_typography-font-style);--awb-caption-title-size:var(--h2_typography-font-size);--awb-caption-title-transform:var(--h2_typography-text-transform);--awb-caption-title-line-height:var(--h2_typography-line-height);--awb-caption-title-letter-spacing:var(--h2_typography-letter-spacing);\"><div class=\"imageframe-align-center\"><span class=\" fusion-imageframe imageframe-none imageframe-2 hover-type-none\"><a class=\"fusion-no-lightbox\" href=\"https:\/\/www.clemensaugust.de\/jugendklinik\/sozialdienst\/\" target=\"_self\" aria-label=\"sozialdienst\"><img decoding=\"async\" width=\"300\" height=\"175\" src=\"http:\/\/clemensaugust.de\/jugendklinik\/wp-content\/uploads\/sites\/2\/2018\/02\/sozialdienst-300x175.jpg\" alt class=\"img-responsive wp-image-282\" srcset=\"https:\/\/www.clemensaugust.de\/jugendklinik\/wp-content\/uploads\/sites\/2\/2018\/02\/sozialdienst-200x117.jpg 200w, https:\/\/www.clemensaugust.de\/jugendklinik\/wp-content\/uploads\/sites\/2\/2018\/02\/sozialdienst-400x233.jpg 400w, https:\/\/www.clemensaugust.de\/jugendklinik\/wp-content\/uploads\/sites\/2\/2018\/02\/sozialdienst-600x350.jpg 600w, https:\/\/www.clemensaugust.de\/jugendklinik\/wp-content\/uploads\/sites\/2\/2018\/02\/sozialdienst-800x467.jpg 800w, https:\/\/www.clemensaugust.de\/jugendklinik\/wp-content\/uploads\/sites\/2\/2018\/02\/sozialdienst-1200x700.jpg 1200w, https:\/\/www.clemensaugust.de\/jugendklinik\/wp-content\/uploads\/sites\/2\/2018\/02\/sozialdienst.jpg 1920w\" sizes=\"(max-width: 800px) 100vw, 400px\" \/><\/a><\/span><\/div><\/div><div class=\"fusion-text fusion-text-3\"><p style=\"text-align: center\"><strong><a href=\"https:\/\/www.clemensaugust.de\/jugendklinik\/sozialdienst\/\">Der Sozialdienst <span class=\"redlink\">&gt;<\/span><\/a><\/strong><\/p>\n<\/div><div class=\"fusion-clearfix\"><\/div><\/div><\/div><div class=\"fusion-layout-column fusion_builder_column fusion-builder-column-3 fusion_builder_column_1_4 1_4 fusion-one-fourth\" style=\"--awb-bg-size:cover;width:25%;width:calc(25% - ( ( 4% + 4% + 4% ) * 0.25 ) );margin-right: 4%;\"><div class=\"fusion-column-wrapper fusion-flex-column-wrapper-legacy\"><div class=\"fusion-image-element fusion-image-align-center in-legacy-container\" style=\"text-align:center;--awb-caption-title-font-family:var(--h2_typography-font-family);--awb-caption-title-font-weight:var(--h2_typography-font-weight);--awb-caption-title-font-style:var(--h2_typography-font-style);--awb-caption-title-size:var(--h2_typography-font-size);--awb-caption-title-transform:var(--h2_typography-text-transform);--awb-caption-title-line-height:var(--h2_typography-line-height);--awb-caption-title-letter-spacing:var(--h2_typography-letter-spacing);\"><div class=\"imageframe-align-center\"><span class=\" fusion-imageframe imageframe-none imageframe-3 hover-type-none\"><a class=\"fusion-no-lightbox\" href=\"https:\/\/www.clemensaugust.de\/jugendklinik\/schule\/\" target=\"_self\" aria-label=\"unsere-schule\"><img decoding=\"async\" width=\"600\" height=\"350\" src=\"http:\/\/clemensaugust.de\/jugendklinik\/wp-content\/uploads\/sites\/2\/2018\/01\/unsere-schule-600x350.jpg\" alt class=\"img-responsive wp-image-158\" srcset=\"https:\/\/www.clemensaugust.de\/jugendklinik\/wp-content\/uploads\/sites\/2\/2018\/01\/unsere-schule-200x117.jpg 200w, https:\/\/www.clemensaugust.de\/jugendklinik\/wp-content\/uploads\/sites\/2\/2018\/01\/unsere-schule-400x233.jpg 400w, https:\/\/www.clemensaugust.de\/jugendklinik\/wp-content\/uploads\/sites\/2\/2018\/01\/unsere-schule-600x350.jpg 600w, https:\/\/www.clemensaugust.de\/jugendklinik\/wp-content\/uploads\/sites\/2\/2018\/01\/unsere-schule-800x467.jpg 800w, https:\/\/www.clemensaugust.de\/jugendklinik\/wp-content\/uploads\/sites\/2\/2018\/01\/unsere-schule-1200x700.jpg 1200w, https:\/\/www.clemensaugust.de\/jugendklinik\/wp-content\/uploads\/sites\/2\/2018\/01\/unsere-schule.jpg 1920w\" sizes=\"(max-width: 800px) 100vw, 400px\" \/><\/a><\/span><\/div><\/div><div class=\"fusion-text fusion-text-4\"><p style=\"text-align: center\"><strong><a href=\"https:\/\/www.clemensaugust.de\/jugendklinik\/schule\/\">Unsere Schule <span class=\"redlink\">&gt;<\/span><\/a><\/strong><\/p>\n<\/div><div class=\"fusion-clearfix\"><\/div><\/div><\/div><div class=\"fusion-layout-column fusion_builder_column fusion-builder-column-4 fusion_builder_column_1_4 1_4 fusion-one-fourth fusion-column-last\" style=\"--awb-bg-size:cover;width:25%;width:calc(25% - ( ( 4% + 4% + 4% ) * 0.25 ) );\"><div class=\"fusion-column-wrapper fusion-flex-column-wrapper-legacy\"><div class=\"fusion-image-element fusion-image-align-center in-legacy-container\" style=\"text-align:center;--awb-caption-title-font-family:var(--h2_typography-font-family);--awb-caption-title-font-weight:var(--h2_typography-font-weight);--awb-caption-title-font-style:var(--h2_typography-font-style);--awb-caption-title-size:var(--h2_typography-font-size);--awb-caption-title-transform:var(--h2_typography-text-transform);--awb-caption-title-line-height:var(--h2_typography-line-height);--awb-caption-title-letter-spacing:var(--h2_typography-letter-spacing);\"><div class=\"imageframe-align-center\"><span class=\" fusion-imageframe imageframe-none imageframe-4 hover-type-none\"><a class=\"fusion-no-lightbox\" href=\"https:\/\/www.clemensaugust.de\/jugendklinik\/stationsleben\/\" target=\"_self\" aria-label=\"stationsleben\"><img decoding=\"async\" width=\"400\" height=\"233\" src=\"http:\/\/clemensaugust.de\/jugendklinik\/wp-content\/uploads\/sites\/2\/2018\/01\/stationsleben-400x233.jpg\" alt class=\"img-responsive wp-image-157\" srcset=\"https:\/\/www.clemensaugust.de\/jugendklinik\/wp-content\/uploads\/sites\/2\/2018\/01\/stationsleben-200x117.jpg 200w, https:\/\/www.clemensaugust.de\/jugendklinik\/wp-content\/uploads\/sites\/2\/2018\/01\/stationsleben-400x233.jpg 400w, https:\/\/www.clemensaugust.de\/jugendklinik\/wp-content\/uploads\/sites\/2\/2018\/01\/stationsleben-600x350.jpg 600w, https:\/\/www.clemensaugust.de\/jugendklinik\/wp-content\/uploads\/sites\/2\/2018\/01\/stationsleben-800x467.jpg 800w, https:\/\/www.clemensaugust.de\/jugendklinik\/wp-content\/uploads\/sites\/2\/2018\/01\/stationsleben-1200x700.jpg 1200w, https:\/\/www.clemensaugust.de\/jugendklinik\/wp-content\/uploads\/sites\/2\/2018\/01\/stationsleben.jpg 1920w\" sizes=\"(max-width: 800px) 100vw, 400px\" \/><\/a><\/span><\/div><\/div><div class=\"fusion-text fusion-text-5\"><p style=\"text-align: center\"><strong><a href=\"https:\/\/www.clemensaugust.de\/jugendklinik\/stationsleben\/\">Das Stationsleben <span class=\"redlink\">&gt;<\/span><\/a><\/strong><\/p>\n<\/div><div class=\"fusion-clearfix\"><\/div><\/div><\/div><\/div><\/div>\n<\/p>\n","protected":false},"excerpt":{"rendered":"","protected":false},"author":1,"featured_media":0,"parent":0,"menu_order":0,"comment_status":"closed","ping_status":"closed","template":"100-width.php","meta":{"footnotes":"","_links_to":"","_links_to_target":""},"_links":{"self":[{"href":"https:\/\/www.clemensaugust.de\/jugendklinik\/wp-json\/wp\/v2\/pages\/49"}],"collection":[{"href":"https:\/\/www.clemensaugust.de\/jugendklinik\/wp-json\/wp\/v2\/pages"}],"about":[{"href":"https:\/\/www.clemensaugust.de\/jugendklinik\/wp-json\/wp\/v2\/types\/page"}],"author":[{"embeddable":true,"href":"https:\/\/www.clemensaugust.de\/jugendklinik\/wp-json\/wp\/v2\/users\/1"}],"replies":[{"embeddable":true,"href":"https:\/\/www.clemensaugust.de\/jugendklinik\/wp-json\/wp\/v2\/comments?post=49"}],"version-history":[{"count":10,"href":"https:\/\/www.clemensaugust.de\/jugendklinik\/wp-json\/wp\/v2\/pages\/49\/revisions"}],"predecessor-version":[{"id":1037,"href":"https:\/\/www.clemensaugust.de\/jugendklinik\/wp-json\/wp\/v2\/pages\/49\/revisions\/1037"}],"wp:attachment":[{"href":"https:\/\/www.clemensaugust.de\/jugendklinik\/wp-json\/wp\/v2\/media?parent=49"}],"curies":[{"name":"wp","href":"https:\/\/api.w.org\/{rel}","templated":true}]}}