{"id":65,"date":"2018-01-07T14:20:18","date_gmt":"2018-01-07T13:20:18","guid":{"rendered":"http:\/\/www.clemensaugust.de\/jugendklinik\/?page_id=65"},"modified":"2024-01-31T07:50:11","modified_gmt":"2024-01-31T06:50:11","slug":"veroeffentlichungen","status":"publish","type":"page","link":"https:\/\/www.clemensaugust.de\/jugendklinik\/veroeffentlichungen\/","title":{"rendered":"Ver\u00f6ffentlichungen"},"content":{"rendered":"<p><div class=\"fusion-fullwidth fullwidth-box fusion-builder-row-1 mobile-title2 nonhundred-percent-fullwidth non-hundred-percent-height-scrolling fusion-no-medium-visibility fusion-no-large-visibility\" style=\"--awb-border-radius-top-left:0px;--awb-border-radius-top-right:0px;--awb-border-radius-bottom-right:0px;--awb-border-radius-bottom-left:0px;--awb-flex-wrap:wrap;\" ><div class=\"fusion-builder-row fusion-row\"><div class=\"fusion-layout-column fusion_builder_column fusion-builder-column-0 fusion_builder_column_1_1 1_1 fusion-one-full fusion-column-first fusion-column-last\" style=\"--awb-bg-size:cover;\"><div class=\"fusion-column-wrapper fusion-flex-column-wrapper-legacy\"><div class=\"fusion-title title fusion-title-1 fusion-title-text fusion-title-size-one\" style=\"--awb-font-size:40px;\"><h1 class=\"fusion-title-heading title-heading-left\" style=\"margin:0;font-size:1em;line-height:100.8px;\"><div class=\"heading \">\n<div class=\"fusion-title-sc-wrapper\">\n<div class=\"fusion-title title fusion-sep-none fusion-title-center fusion-title-size-one fusion-border-below-title\">\n<h1 class=\"title-heading-center\" data-inline-fontsize=\"true\" data-inline-lineheight=\"true\" data-fontsize=\"72\" data-lineheight=\"86\"><span class=\"keyword-title\"><span style=\"font-size: 36px; line-height: 56px;\" data-fusion-font=\"true\"><span style=\"font-size: 36px;\" data-fusion-font=\"true\"><span style=\"font-size: 36px;\" data-fusion-font=\"true\"><span style=\"font-size: 28px;\" data-fusion-font=\"true\">Ver\u00f6ffentlichungen<\/span><\/span><\/span><\/span><\/span><\/h1>\n<\/div>\n<\/div>\n<\/div><\/h1><span class=\"awb-title-spacer\"><\/span><div class=\"title-sep-container\"><div class=\"title-sep sep-double sep-solid\" style=\"border-color:#e0dede;\"><\/div><\/div><\/div><div class=\"fusion-clearfix\"><\/div><\/div><\/div><\/div><\/div><div class=\"fusion-fullwidth fullwidth-box fusion-builder-row-2 nonhundred-percent-fullwidth non-hundred-percent-height-scrolling\" style=\"--awb-border-radius-top-left:0px;--awb-border-radius-top-right:0px;--awb-border-radius-bottom-right:0px;--awb-border-radius-bottom-left:0px;--awb-margin-bottom:100px;--awb-flex-wrap:wrap;\" ><div class=\"fusion-builder-row fusion-row\"><div class=\"fusion-layout-column fusion_builder_column fusion-builder-column-1 fusion_builder_column_1_1 1_1 fusion-one-full fusion-column-first fusion-column-last\" style=\"--awb-bg-size:cover;--awb-margin-bottom:0px;\"><div class=\"fusion-column-wrapper fusion-flex-column-wrapper-legacy\"><div class=\"fusion-text fusion-text-1\"><h3>Pesso-Psychotherapie (PBSP) \u2013 Eine Evaluationsstudie zur Wirksamkeit<\/h3>\n<p>Das Buch gibt im ersten Teil eine vor allem durch reichhaltige Querbez\u00fcge sehr aufschlussreiche Darstellung der Pessotherapie. \u201e\u00c4hnlich wie Psychodrama und Familienskulptur hat die Pesso-Psychotherapie das szenische oder interaktionistische Element. Eine konflikthafte Situation oder Erfahrung wird mithilfe von Rollenspielern symbolisch dargestellt. Ein innerlich ablaufendes psychisch-emotionales Geschehen wird nach au\u00dfen gebracht und sichtbar im Raum dargestellt. In der Sprache der Pesso-Psychotherapie ausgedr\u00fcckt, wird dieses innere Geschehen \u201eauf die Strukturb\u00fchne\u201c (Bachg, 2004, S. 5) transportiert. Der empirische Teil des Buches berichtet \u00fcber die Erfahrungen von Klienten, die diese Gruppen besucht haben. Die Ergebnisse sind sehr positiv und ermuntern dazu, eine wissenschaftliche Evaluation unter kontrollierten Bedingungen durchzuf\u00fchren.<\/p>\n<p><strong>Autor:<\/strong><br \/>Silke W\u00e4chter<br \/><strong>Das Buch ist erschienen im cip-Medienverlag, M\u00fcnchen, ISBN: 978-3-932096-67-9.<\/strong><br \/>________________________________________<\/p>\n<h3>Bildst\u00f6rung &#8211; K\u00fcnstlerische Projektarbeit in der Kinder- und Jugendpsychiatrie<\/h3>\n<p><img decoding=\"async\" class=\"aligncenter size-full wp-image-377\" src=\"http:\/\/clemensaugust.de\/jugendklinik\/wp-content\/uploads\/sites\/2\/2018\/02\/Bildst\u00f6rung.jpg\" alt=\"\" width=\"389\" height=\"480\" srcset=\"https:\/\/www.clemensaugust.de\/jugendklinik\/wp-content\/uploads\/sites\/2\/2018\/02\/Bildst\u00f6rung-118x146.jpg 118w, https:\/\/www.clemensaugust.de\/jugendklinik\/wp-content\/uploads\/sites\/2\/2018\/02\/Bildst\u00f6rung-162x200.jpg 162w, https:\/\/www.clemensaugust.de\/jugendklinik\/wp-content\/uploads\/sites\/2\/2018\/02\/Bildst\u00f6rung-200x247.jpg 200w, https:\/\/www.clemensaugust.de\/jugendklinik\/wp-content\/uploads\/sites\/2\/2018\/02\/Bildst\u00f6rung-248x306.jpg 248w, https:\/\/www.clemensaugust.de\/jugendklinik\/wp-content\/uploads\/sites\/2\/2018\/02\/Bildst\u00f6rung.jpg 389w\" sizes=\"(max-width: 389px) 100vw, 389px\" \/><\/p>\n<p>Unter dem Tiel &#8222;Bildst\u00f6rung, k\u00fcnstlerische Projektarbeit in der Kinder- und Jugendpsychiatrie&#8220; hat der Kunsttherapeut Martin B\u00f6hm, der Chefarzt Dr. Andreas Romberg und der Professor f\u00fcr Kunsttherapie Peter Sinapius gemeinsam ein Buch herausgegeben. Es gibt einen praxisnahen und sehr pers\u00f6nlichen Einblick in die k\u00fcnstlerische Arbeit mit Jugendlichen. Dabei steht ein Projekt im Mittelpunkt, das die Zusammenarbeit zwischen Patienten, Studierenden und Therapeuten in den Fokus r\u00fcckt. Es wurde gemeinsam von der Clemens-August-Jugendklinik und der Hochschule f\u00fcr K\u00fcnste im Sozialen Ottersberg initiiert.<\/p>\n<p>Die in diesem Band zusammengestellten Beitr\u00e4ge und Dokumente sollen einen Einblick in die k\u00fcnstlerische Projektarbeit in der Kinder- und Jugendpsychiatrie geben und sie unter verschiedenen Gesichtspunkten theoretisch untermauern. In ihrem Mittelpunkt steht die Dokumentation eines Projektes, das von Februar 2010 bis Juni 2011 im Rahmen einer Kooperation zwischen der Clemens-August-Jugendklinik und der Fachhochschule Ottersberg stattfand. Dabei begegneten sich Studierende der Fachhochschule und Jugendliche der Klinik an mehreren Projekttagen und arbeiteten k\u00fcnstlerisch miteinander. Der Leitgedande der Projekttage war: &#8222;Begegnung auf Augenh\u00f6he&#8220;. Dabei waren auf beiden Seiten Ressourcen und Entwicklungsm\u00f6glichkeiten sichtbar geworden, die vor dem Hintergrund des klinischen und des universit\u00e4ren Alltags alle Beteiligten \u00fcberraschten. Mit den hier zusammengestellten Beitr\u00e4gen, in denen auch die beteiligten Jugendlichen und Studierenden zu Wort kommen, soll die k\u00fcnstlerische Projektarbeit in die aktuelle klinische Praxis der Kinder- und Jugendpsychiatrie und mit ihr verbundene therapeutische und \u00e4sthetische Konzepte eingeordnet werden.<\/p>\n<p><strong>Das Buch &#8222;Bildst\u00f6rung&#8220; ist erschienen im Claus Richter Verlag, K\u00f6ln, ISBN: 3-92453362 und kostet 18,90 \u20ac. Der Erl\u00f6s kommt dem Aufbau der Abteilung Musiktherapie zu Gute.<\/strong><\/p>\n<\/div><div class=\"fusion-clearfix\"><\/div><\/div><\/div><\/div><\/div><div class=\"fusion-fullwidth fullwidth-box fusion-builder-row-3 content-bottom nonhundred-percent-fullwidth non-hundred-percent-height-scrolling\" style=\"--awb-border-radius-top-left:0px;--awb-border-radius-top-right:0px;--awb-border-radius-bottom-right:0px;--awb-border-radius-bottom-left:0px;--awb-padding-top:60px;--awb-padding-bottom:20px;--awb-background-color:#efefef;--awb-flex-wrap:wrap;\" ><div class=\"fusion-builder-row fusion-row\"><div class=\"fusion-layout-column fusion_builder_column fusion-builder-column-2 fusion_builder_column_1_4 1_4 fusion-one-fourth fusion-column-first\" style=\"--awb-bg-size:cover;width:25%;width:calc(25% - ( ( 4% + 4% + 4% ) * 0.25 ) );margin-right: 4%;\"><div class=\"fusion-column-wrapper fusion-flex-column-wrapper-legacy\"><div class=\"fusion-image-element fusion-image-align-center in-legacy-container\" style=\"text-align:center;--awb-caption-title-font-family:var(--h2_typography-font-family);--awb-caption-title-font-weight:var(--h2_typography-font-weight);--awb-caption-title-font-style:var(--h2_typography-font-style);--awb-caption-title-size:var(--h2_typography-font-size);--awb-caption-title-transform:var(--h2_typography-text-transform);--awb-caption-title-line-height:var(--h2_typography-line-height);--awb-caption-title-letter-spacing:var(--h2_typography-letter-spacing);\"><div class=\"imageframe-align-center\"><span class=\" fusion-imageframe imageframe-none imageframe-1 hover-type-none\"><a class=\"fusion-no-lightbox\" href=\"https:\/\/www.clemensaugust.de\/jugendklinik\/unsere-klinik-im-film\/\" target=\"_self\" aria-label=\"Klinik-im-Film-header\"><img decoding=\"async\" width=\"300\" height=\"175\" src=\"http:\/\/clemensaugust.de\/jugendklinik\/wp-content\/uploads\/sites\/2\/2018\/02\/Klinik-im-Film-header-1-300x175.jpg\" alt class=\"img-responsive wp-image-479\" srcset=\"https:\/\/www.clemensaugust.de\/jugendklinik\/wp-content\/uploads\/sites\/2\/2018\/02\/Klinik-im-Film-header-1-200x117.jpg 200w, https:\/\/www.clemensaugust.de\/jugendklinik\/wp-content\/uploads\/sites\/2\/2018\/02\/Klinik-im-Film-header-1-400x233.jpg 400w, https:\/\/www.clemensaugust.de\/jugendklinik\/wp-content\/uploads\/sites\/2\/2018\/02\/Klinik-im-Film-header-1-600x350.jpg 600w, https:\/\/www.clemensaugust.de\/jugendklinik\/wp-content\/uploads\/sites\/2\/2018\/02\/Klinik-im-Film-header-1-800x467.jpg 800w, https:\/\/www.clemensaugust.de\/jugendklinik\/wp-content\/uploads\/sites\/2\/2018\/02\/Klinik-im-Film-header-1-1200x700.jpg 1200w, https:\/\/www.clemensaugust.de\/jugendklinik\/wp-content\/uploads\/sites\/2\/2018\/02\/Klinik-im-Film-header-1.jpg 1920w\" sizes=\"(max-width: 800px) 100vw, 400px\" \/><\/a><\/span><\/div><\/div><div class=\"fusion-text fusion-text-2\"><p style=\"text-align: center;\"><strong><a href=\"https:\/\/www.clemensaugust.de\/jugendklinik\/unsere-klinik-im-film\/\">Unsere Klinik im Film <span class=\"redlink\">&gt;<\/span><\/a><\/strong><\/p>\n<\/div><div class=\"fusion-clearfix\"><\/div><\/div><\/div><div class=\"fusion-layout-column fusion_builder_column fusion-builder-column-3 fusion_builder_column_1_4 1_4 fusion-one-fourth\" style=\"--awb-bg-size:cover;width:25%;width:calc(25% - ( ( 4% + 4% + 4% ) * 0.25 ) );margin-right: 4%;\"><div class=\"fusion-column-wrapper fusion-flex-column-wrapper-legacy\"><div class=\"fusion-image-element fusion-image-align-center in-legacy-container\" style=\"text-align:center;--awb-caption-title-font-family:var(--h2_typography-font-family);--awb-caption-title-font-weight:var(--h2_typography-font-weight);--awb-caption-title-font-style:var(--h2_typography-font-style);--awb-caption-title-size:var(--h2_typography-font-size);--awb-caption-title-transform:var(--h2_typography-text-transform);--awb-caption-title-line-height:var(--h2_typography-line-height);--awb-caption-title-letter-spacing:var(--h2_typography-letter-spacing);\"><div class=\"imageframe-align-center\"><span class=\" fusion-imageframe imageframe-none imageframe-2 hover-type-none\"><a class=\"fusion-no-lightbox\" href=\"https:\/\/www.clemensaugust.de\/jugendklinik\/sozialdienst\/\" target=\"_self\" aria-label=\"sozialdienst\"><img decoding=\"async\" width=\"300\" height=\"175\" src=\"http:\/\/clemensaugust.de\/jugendklinik\/wp-content\/uploads\/sites\/2\/2018\/02\/sozialdienst-300x175.jpg\" alt class=\"img-responsive wp-image-282\" srcset=\"https:\/\/www.clemensaugust.de\/jugendklinik\/wp-content\/uploads\/sites\/2\/2018\/02\/sozialdienst-200x117.jpg 200w, https:\/\/www.clemensaugust.de\/jugendklinik\/wp-content\/uploads\/sites\/2\/2018\/02\/sozialdienst-400x233.jpg 400w, https:\/\/www.clemensaugust.de\/jugendklinik\/wp-content\/uploads\/sites\/2\/2018\/02\/sozialdienst-600x350.jpg 600w, https:\/\/www.clemensaugust.de\/jugendklinik\/wp-content\/uploads\/sites\/2\/2018\/02\/sozialdienst-800x467.jpg 800w, https:\/\/www.clemensaugust.de\/jugendklinik\/wp-content\/uploads\/sites\/2\/2018\/02\/sozialdienst-1200x700.jpg 1200w, https:\/\/www.clemensaugust.de\/jugendklinik\/wp-content\/uploads\/sites\/2\/2018\/02\/sozialdienst.jpg 1920w\" sizes=\"(max-width: 800px) 100vw, 400px\" \/><\/a><\/span><\/div><\/div><div class=\"fusion-text fusion-text-3\"><p style=\"text-align: center;\"><strong><a href=\"https:\/\/www.clemensaugust.de\/jugendklinik\/sozialdienst\/\">Der Sozialdienst <span class=\"redlink\">&gt;<\/span><\/a><\/strong><\/p>\n<\/div><div class=\"fusion-clearfix\"><\/div><\/div><\/div><div class=\"fusion-layout-column fusion_builder_column fusion-builder-column-4 fusion_builder_column_1_4 1_4 fusion-one-fourth\" style=\"--awb-bg-size:cover;width:25%;width:calc(25% - ( ( 4% + 4% + 4% ) * 0.25 ) );margin-right: 4%;\"><div class=\"fusion-column-wrapper fusion-flex-column-wrapper-legacy\"><div class=\"fusion-image-element fusion-image-align-center in-legacy-container\" style=\"text-align:center;--awb-caption-title-font-family:var(--h2_typography-font-family);--awb-caption-title-font-weight:var(--h2_typography-font-weight);--awb-caption-title-font-style:var(--h2_typography-font-style);--awb-caption-title-size:var(--h2_typography-font-size);--awb-caption-title-transform:var(--h2_typography-text-transform);--awb-caption-title-line-height:var(--h2_typography-line-height);--awb-caption-title-letter-spacing:var(--h2_typography-letter-spacing);\"><div class=\"imageframe-align-center\"><span class=\" fusion-imageframe imageframe-none imageframe-3 hover-type-none\"><a class=\"fusion-no-lightbox\" href=\"https:\/\/www.clemensaugust.de\/jugendklinik\/schule\/\" target=\"_self\" aria-label=\"unsere-schule\"><img decoding=\"async\" width=\"600\" height=\"350\" src=\"http:\/\/clemensaugust.de\/jugendklinik\/wp-content\/uploads\/sites\/2\/2018\/01\/unsere-schule-600x350.jpg\" alt class=\"img-responsive wp-image-158\" srcset=\"https:\/\/www.clemensaugust.de\/jugendklinik\/wp-content\/uploads\/sites\/2\/2018\/01\/unsere-schule-200x117.jpg 200w, https:\/\/www.clemensaugust.de\/jugendklinik\/wp-content\/uploads\/sites\/2\/2018\/01\/unsere-schule-400x233.jpg 400w, https:\/\/www.clemensaugust.de\/jugendklinik\/wp-content\/uploads\/sites\/2\/2018\/01\/unsere-schule-600x350.jpg 600w, https:\/\/www.clemensaugust.de\/jugendklinik\/wp-content\/uploads\/sites\/2\/2018\/01\/unsere-schule-800x467.jpg 800w, https:\/\/www.clemensaugust.de\/jugendklinik\/wp-content\/uploads\/sites\/2\/2018\/01\/unsere-schule-1200x700.jpg 1200w, https:\/\/www.clemensaugust.de\/jugendklinik\/wp-content\/uploads\/sites\/2\/2018\/01\/unsere-schule.jpg 1920w\" sizes=\"(max-width: 800px) 100vw, 400px\" \/><\/a><\/span><\/div><\/div><div class=\"fusion-text fusion-text-4\"><p style=\"text-align: center;\"><strong><a href=\"https:\/\/www.clemensaugust.de\/jugendklinik\/schule\/\">Unsere Schule <span class=\"redlink\">&gt;<\/span><\/a><\/strong><\/p>\n<\/div><div class=\"fusion-clearfix\"><\/div><\/div><\/div><div class=\"fusion-layout-column fusion_builder_column fusion-builder-column-5 fusion_builder_column_1_4 1_4 fusion-one-fourth fusion-column-last\" style=\"--awb-bg-size:cover;width:25%;width:calc(25% - ( ( 4% + 4% + 4% ) * 0.25 ) );\"><div class=\"fusion-column-wrapper fusion-flex-column-wrapper-legacy\"><div class=\"fusion-image-element fusion-image-align-center in-legacy-container\" style=\"text-align:center;--awb-caption-title-font-family:var(--h2_typography-font-family);--awb-caption-title-font-weight:var(--h2_typography-font-weight);--awb-caption-title-font-style:var(--h2_typography-font-style);--awb-caption-title-size:var(--h2_typography-font-size);--awb-caption-title-transform:var(--h2_typography-text-transform);--awb-caption-title-line-height:var(--h2_typography-line-height);--awb-caption-title-letter-spacing:var(--h2_typography-letter-spacing);\"><div class=\"imageframe-align-center\"><span class=\" fusion-imageframe imageframe-none imageframe-4 hover-type-none\"><a class=\"fusion-no-lightbox\" href=\"https:\/\/www.clemensaugust.de\/jugendklinik\/stationsleben\/\" target=\"_self\" aria-label=\"stationsleben\"><img decoding=\"async\" width=\"400\" height=\"233\" src=\"http:\/\/clemensaugust.de\/jugendklinik\/wp-content\/uploads\/sites\/2\/2018\/01\/stationsleben-400x233.jpg\" alt class=\"img-responsive wp-image-157\" srcset=\"https:\/\/www.clemensaugust.de\/jugendklinik\/wp-content\/uploads\/sites\/2\/2018\/01\/stationsleben-200x117.jpg 200w, https:\/\/www.clemensaugust.de\/jugendklinik\/wp-content\/uploads\/sites\/2\/2018\/01\/stationsleben-400x233.jpg 400w, https:\/\/www.clemensaugust.de\/jugendklinik\/wp-content\/uploads\/sites\/2\/2018\/01\/stationsleben-600x350.jpg 600w, https:\/\/www.clemensaugust.de\/jugendklinik\/wp-content\/uploads\/sites\/2\/2018\/01\/stationsleben-800x467.jpg 800w, https:\/\/www.clemensaugust.de\/jugendklinik\/wp-content\/uploads\/sites\/2\/2018\/01\/stationsleben-1200x700.jpg 1200w, https:\/\/www.clemensaugust.de\/jugendklinik\/wp-content\/uploads\/sites\/2\/2018\/01\/stationsleben.jpg 1920w\" sizes=\"(max-width: 800px) 100vw, 400px\" \/><\/a><\/span><\/div><\/div><div class=\"fusion-text fusion-text-5\"><p style=\"text-align: center;\"><strong><a href=\"https:\/\/www.clemensaugust.de\/jugendklinik\/stationsleben\/\">Das Stationsleben <span class=\"redlink\">&gt;<\/span><\/a><\/strong><\/p>\n<\/div><div class=\"fusion-clearfix\"><\/div><\/div><\/div><\/div><\/div><\/p>\n","protected":false},"excerpt":{"rendered":"","protected":false},"author":1,"featured_media":0,"parent":0,"menu_order":0,"comment_status":"closed","ping_status":"closed","template":"100-width.php","meta":{"footnotes":"","_links_to":"","_links_to_target":""},"_links":{"self":[{"href":"https:\/\/www.clemensaugust.de\/jugendklinik\/wp-json\/wp\/v2\/pages\/65"}],"collection":[{"href":"https:\/\/www.clemensaugust.de\/jugendklinik\/wp-json\/wp\/v2\/pages"}],"about":[{"href":"https:\/\/www.clemensaugust.de\/jugendklinik\/wp-json\/wp\/v2\/types\/page"}],"author":[{"embeddable":true,"href":"https:\/\/www.clemensaugust.de\/jugendklinik\/wp-json\/wp\/v2\/users\/1"}],"replies":[{"embeddable":true,"href":"https:\/\/www.clemensaugust.de\/jugendklinik\/wp-json\/wp\/v2\/comments?post=65"}],"version-history":[{"count":10,"href":"https:\/\/www.clemensaugust.de\/jugendklinik\/wp-json\/wp\/v2\/pages\/65\/revisions"}],"predecessor-version":[{"id":1278,"href":"https:\/\/www.clemensaugust.de\/jugendklinik\/wp-json\/wp\/v2\/pages\/65\/revisions\/1278"}],"wp:attachment":[{"href":"https:\/\/www.clemensaugust.de\/jugendklinik\/wp-json\/wp\/v2\/media?parent=65"}],"curies":[{"name":"wp","href":"https:\/\/api.w.org\/{rel}","templated":true}]}}